{"id":242,"date":"2020-04-17T03:55:24","date_gmt":"2020-04-17T03:55:24","guid":{"rendered":"https:\/\/www.reseaudrain.com\/?page_id=242"},"modified":"2026-03-30T01:40:56","modified_gmt":"2026-03-30T01:40:56","slug":"drain-inspection","status":"publish","type":"page","link":"https:\/\/www.reseaudrain.com\/en\/inspection-drain\/","title":{"rendered":"Camera Drain Inspection | R\u00e9seau Drain Quebec"},"content":{"rendered":"<div data-elementor-type=\"wp-page\" data-elementor-id=\"242\" class=\"elementor elementor-242\" data-elementor-post-type=\"page\">\n\t\t\t\t\t\t<section class=\"elementor-section elementor-top-section elementor-element elementor-element-bf678b5 elementor-section-boxed elementor-section-height-default elementor-section-height-default\" data-id=\"bf678b5\" data-element_type=\"section\" data-e-type=\"section\">\n\t\t\t\t\t\t<div class=\"elementor-container elementor-column-gap-default\">\n\t\t\t\t\t<div class=\"elementor-column elementor-col-100 elementor-top-column elementor-element elementor-element-4b8c737\" data-id=\"4b8c737\" data-element_type=\"column\" data-e-type=\"column\">\n\t\t\t<div class=\"elementor-widget-wrap elementor-element-populated\">\n\t\t\t\t\t\t<div class=\"elementor-element elementor-element-c9a3af9 elementor-widget elementor-widget-image\" data-id=\"c9a3af9\" data-element_type=\"widget\" data-e-type=\"widget\" data-widget_type=\"image.default\">\n\t\t\t\t<div class=\"elementor-widget-container\">\n\t\t\t\t\t\t\t\t\t\t\t\t\t\t\t<img fetchpriority=\"high\" decoding=\"async\" width=\"1536\" height=\"1024\" src=\"https:\/\/www.reseaudrain.com\/wp-content\/uploads\/2026\/03\/Plumber-inspecting-drain-with-camera.png\" class=\"attachment-full size-full wp-image-2325\" alt=\"\" srcset=\"https:\/\/www.reseaudrain.com\/wp-content\/uploads\/2026\/03\/Plumber-inspecting-drain-with-camera.png 1536w, https:\/\/www.reseaudrain.com\/wp-content\/uploads\/2026\/03\/Plumber-inspecting-drain-with-camera-300x200.png 300w, https:\/\/www.reseaudrain.com\/wp-content\/uploads\/2026\/03\/Plumber-inspecting-drain-with-camera-1024x683.png 1024w, https:\/\/www.reseaudrain.com\/wp-content\/uploads\/2026\/03\/Plumber-inspecting-drain-with-camera-768x512.png 768w, https:\/\/www.reseaudrain.com\/wp-content\/uploads\/2026\/03\/Plumber-inspecting-drain-with-camera-18x12.png 18w, https:\/\/www.reseaudrain.com\/wp-content\/uploads\/2026\/03\/Plumber-inspecting-drain-with-camera-1200x800.png 1200w\" sizes=\"(max-width: 1536px) 100vw, 1536px\" \/>\t\t\t\t\t\t\t\t\t\t\t\t\t\t\t<\/div>\n\t\t\t\t<\/div>\n\t\t\t\t\t<\/div>\n\t\t<\/div>\n\t\t\t\t\t<\/div>\n\t\t<\/section>\n\t\t\t\t<section class=\"elementor-section elementor-top-section elementor-element elementor-element-2baab22 elementor-section-boxed elementor-section-height-default elementor-section-height-default\" data-id=\"2baab22\" data-element_type=\"section\" data-e-type=\"section\">\n\t\t\t\t\t\t<div class=\"elementor-container elementor-column-gap-default\">\n\t\t\t\t\t<div class=\"elementor-column elementor-col-100 elementor-top-column elementor-element elementor-element-e9e2c31\" data-id=\"e9e2c31\" data-element_type=\"column\" data-e-type=\"column\">\n\t\t\t<div class=\"elementor-widget-wrap elementor-element-populated\">\n\t\t\t\t\t\t<div class=\"elementor-element elementor-element-bc0fa81 elementor-widget elementor-widget-heading\" data-id=\"bc0fa81\" data-element_type=\"widget\" data-e-type=\"widget\" data-widget_type=\"heading.default\">\n\t\t\t\t<div class=\"elementor-widget-container\">\n\t\t\t\t\t<h1 class=\"elementor-heading-title elementor-size-default\">Camera inspection<\/h1>\t\t\t\t<\/div>\n\t\t\t\t<\/div>\n\t\t\t\t<div class=\"elementor-element elementor-element-92e6787 elementor-widget elementor-widget-heading\" data-id=\"92e6787\" data-element_type=\"widget\" data-e-type=\"widget\" data-widget_type=\"heading.default\">\n\t\t\t\t<div class=\"elementor-widget-container\">\n\t\t\t\t\t<h2 class=\"elementor-heading-title elementor-size-default\">A video camera drain inspection is the only way to detect potential problems in your drains before they become a disaster.<\/h2>\t\t\t\t<\/div>\n\t\t\t\t<\/div>\n\t\t\t\t<div class=\"elementor-element elementor-element-f991a76 elementor-widget elementor-widget-text-editor\" data-id=\"f991a76\" data-element_type=\"widget\" data-e-type=\"widget\" data-widget_type=\"text-editor.default\">\n\t\t\t\t<div class=\"elementor-widget-container\">\n\t\t\t\t\t\t\t\t\t<p>\u00a0Drains cannot be seen without the use of a camera unless you completely excavate them. At \u201cR\u00e9seau Drain,\u201d we provide drain line inspections using a video camera, from the main sewer line connected directly to the municipal connection in the street or to the septic system. The same principle is used for inspecting foundation drains (French drains) and roof drains.<\/p><div class=\"elementor-element elementor-element-58653a5 elementor-widget elementor-widget-text-editor\" data-id=\"58653a5\" data-element_type=\"widget\" data-e-type=\"widget\" data-widget_type=\"text-editor.default\"><div class=\"elementor-widget-container\"><p>The materials used to install your drains are not designed to last forever and have a limited lifespan. Over time, pipes deteriorate and become fragile. They can become damaged, cracked, disconnected, or misaligned due to wear or ground movement.<\/p><\/div><\/div><div class=\"elementor-element elementor-element-72b1935 elementor-widget elementor-widget-text-editor\" data-id=\"72b1935\" data-element_type=\"widget\" data-e-type=\"widget\" data-widget_type=\"text-editor.default\"><div class=\"elementor-widget-container\"><p>Blockages caused by tree roots are one of the most common causes of drainage problems, along with freeze and thaw cycles. During freezing, the water present in the soil turns into ice and expands, which can cause damage to non-watertight drains. Only a camera inspection can reveal all the imperfections in your drainage system.<\/p><\/div><\/div><div class=\"elementor-element elementor-element-3877e22 elementor-widget elementor-widget-text-editor\" data-id=\"3877e22\" data-element_type=\"widget\" data-e-type=\"widget\" data-widget_type=\"text-editor.default\"><div class=\"elementor-widget-container\"><p>There are different types of materials used for sewer systems: clay, concrete, cast iron, terra cotta, PVC, and ABS. The year your property was built is a very good indicator of which material was used. Each type of material has a limited lifespan.<\/p><\/div><\/div>\t\t\t\t\t\t\t\t<\/div>\n\t\t\t\t<\/div>\n\t\t\t\t\t<\/div>\n\t\t<\/div>\n\t\t\t\t\t<\/div>\n\t\t<\/section>\n\t\t\t\t<section class=\"elementor-section elementor-top-section elementor-element elementor-element-f0aa7fb elementor-section-boxed elementor-section-height-default elementor-section-height-default\" data-id=\"f0aa7fb\" data-element_type=\"section\" data-e-type=\"section\">\n\t\t\t\t\t\t<div class=\"elementor-container elementor-column-gap-default\">\n\t\t\t\t\t<div class=\"elementor-column elementor-col-100 elementor-top-column elementor-element elementor-element-3126cc4\" data-id=\"3126cc4\" data-element_type=\"column\" data-e-type=\"column\">\n\t\t\t<div class=\"elementor-widget-wrap elementor-element-populated\">\n\t\t\t\t\t\t<div class=\"elementor-element elementor-element-6b3e506 elementor-widget elementor-widget-heading\" data-id=\"6b3e506\" data-element_type=\"widget\" data-e-type=\"widget\" data-widget_type=\"heading.default\">\n\t\t\t\t<div class=\"elementor-widget-container\">\n\t\t\t\t\t<h2 class=\"elementor-heading-title elementor-size-default\">The benefits of drain inspection by camera<\/h2>\t\t\t\t<\/div>\n\t\t\t\t<\/div>\n\t\t\t\t<div class=\"elementor-element elementor-element-6fb1fb9 elementor-widget elementor-widget-text-editor\" data-id=\"6fb1fb9\" data-element_type=\"widget\" data-e-type=\"widget\" data-widget_type=\"text-editor.default\">\n\t\t\t\t<div class=\"elementor-widget-container\">\n\t\t\t\t\t\t\t\t\t<div class=\"elementor-element elementor-element-2da094a elementor-widget elementor-widget-text-editor\" data-id=\"2da094a\" data-element_type=\"widget\" data-e-type=\"widget\" data-widget_type=\"text-editor.default\"><div class=\"elementor-widget-container\"><p>The use of high-tech inspection equipment allows us not only to directly locate one or more problems in your drain\u2014such as breaks, leaks, blockages, collapses, or disconnections\u2014but also to determine the exact cause of the issue and what needs to be done to fix it.<\/p><\/div><\/div><div class=\"elementor-element elementor-element-9eb106d elementor-widget elementor-widget-text-editor\" data-id=\"9eb106d\" data-element_type=\"widget\" data-e-type=\"widget\" data-widget_type=\"text-editor.default\"><div class=\"elementor-widget-container\"><p>Once the camera is placed inside the drain, our expert conducts a detailed inspection from within, locating and assessing the problem without the need for disruptive excavation inside or outside your property. This allows us to identify issues and their causes, such as blockages, damaged pipes, or tree root intrusion. Our experts can then recommend the most suitable solution for your specific situation.<\/p><\/div><\/div><div class=\"elementor-element elementor-element-4ca0d9f elementor-widget elementor-widget-text-editor\" data-id=\"4ca0d9f\" data-element_type=\"widget\" data-e-type=\"widget\" data-widget_type=\"text-editor.default\"><div class=\"elementor-widget-container\"><p>Today, camera inspections represent significant labor savings by eliminating unnecessary excavation and allowing homeowners to save thousands of dollars. Most importantly, they provide clear answers and precise solutions.<\/p><\/div><\/div>\t\t\t\t\t\t\t\t<\/div>\n\t\t\t\t<\/div>\n\t\t\t\t\t<\/div>\n\t\t<\/div>\n\t\t\t\t\t<\/div>\n\t\t<\/section>\n\t\t\t\t<section class=\"elementor-section elementor-top-section elementor-element elementor-element-41e52ca elementor-section-boxed elementor-section-height-default elementor-section-height-default\" data-id=\"41e52ca\" data-element_type=\"section\" data-e-type=\"section\">\n\t\t\t\t\t\t<div class=\"elementor-container elementor-column-gap-default\">\n\t\t\t\t\t<div class=\"elementor-column elementor-col-100 elementor-top-column elementor-element elementor-element-bbbbf82\" data-id=\"bbbbf82\" data-element_type=\"column\" data-e-type=\"column\">\n\t\t\t<div class=\"elementor-widget-wrap elementor-element-populated\">\n\t\t\t\t\t\t<div class=\"elementor-element elementor-element-11a936b elementor-widget elementor-widget-heading\" data-id=\"11a936b\" data-element_type=\"widget\" data-e-type=\"widget\" data-widget_type=\"heading.default\">\n\t\t\t\t<div class=\"elementor-widget-container\">\n\t\t\t\t\t<h2 class=\"elementor-heading-title elementor-size-default\">Detect potential drain problems before they become a disaster\u2014order your camera drain inspection directly in your city with R\u00e9seau Drain.<\/h2>\t\t\t\t<\/div>\n\t\t\t\t<\/div>\n\t\t\t\t\t<\/div>\n\t\t<\/div>\n\t\t\t\t\t<\/div>\n\t\t<\/section>\n\t\t\t\t<section class=\"elementor-section elementor-top-section elementor-element elementor-element-cf7db7d elementor-section-boxed elementor-section-height-default elementor-section-height-default\" data-id=\"cf7db7d\" data-element_type=\"section\" data-e-type=\"section\">\n\t\t\t\t\t\t<div class=\"elementor-container elementor-column-gap-default\">\n\t\t\t\t\t<div class=\"elementor-column elementor-col-33 elementor-top-column elementor-element elementor-element-7e73a56\" data-id=\"7e73a56\" data-element_type=\"column\" data-e-type=\"column\">\n\t\t\t<div class=\"elementor-widget-wrap elementor-element-populated\">\n\t\t\t\t\t\t<div class=\"elementor-element elementor-element-fd257f3 elementor-widget elementor-widget-text-editor\" data-id=\"fd257f3\" data-element_type=\"widget\" data-e-type=\"widget\" data-widget_type=\"text-editor.default\">\n\t\t\t\t<div class=\"elementor-widget-container\">\n\t\t\t\t\t\t\t\t\t<p style=\"margin-bottom: 0px;\">Drain Inspection Ahuntsic<br \/>\nDrain Inspection Anjou<br \/>\nDrain Inspection Auteuil<br \/>\nDrain Inspection Beaconsfield<br \/>\nDrain Inspection Beauharnois<br \/>\nDrain Inspection Beloeil<br \/>\nDrain Inspection Blainville<br \/>\nDrain Inspection Bois-des-Filion<br \/>\nDrain Inspection Boisbriand<br \/>\nDrain Inspection Boucherville<br \/>\nDrain Inspection Brossard<br \/>\nDrain Inspection Brownsburg-Chatham<br \/>\nDrain Inspection Candiac<br \/>\nDrain Inspection Carignan<br \/>\nDrain Inspection Cartierville<br \/>\nDrain Inspection Chambly<br \/>\nDrain Inspection Charlemagne<br \/>\nDrain Inspection Ch\u00e2teauguay<br \/>\nDrain Inspection Chomedey<br \/>\nDrain Inspection Contrec\u0153ur<br \/>\nDrain Inspection C\u00f4te-des-Neiges<br \/>\nDrain Inspection C\u00f4te-Saint-Luc<br \/>\nDrain Inspection D.D.O.<br \/>\nDrain Inspection Delson<br \/>\nDrain Inspection Deux-Montagnes<br \/>\nDrain Inspection Dorval<br \/>\nDrain Inspection Duvernay<br \/>\nDrain Inspection L\u2019\u00c9piphanie<br \/>\nDrain Inspection Fabreville<br \/>\nDrain Inspection Farnham<br \/>\nDrain Inspection Greenfield Park<br \/>\nDrain Inspection Hampstead<br \/>\nDrain Inspection Hampstead<br \/>\nDrain Inspection Hudson<br \/>\nDrain Inspection \u00cele-Perrot<br \/>\nDrain Inspection \u00cele-Bizard<\/p>\t\t\t\t\t\t\t\t<\/div>\n\t\t\t\t<\/div>\n\t\t\t\t\t<\/div>\n\t\t<\/div>\n\t\t\t\t<div class=\"elementor-column elementor-col-33 elementor-top-column elementor-element elementor-element-401769e\" data-id=\"401769e\" data-element_type=\"column\" data-e-type=\"column\">\n\t\t\t<div class=\"elementor-widget-wrap elementor-element-populated\">\n\t\t\t\t\t\t<div class=\"elementor-element elementor-element-0ba5b3e elementor-widget elementor-widget-text-editor\" data-id=\"0ba5b3e\" data-element_type=\"widget\" data-e-type=\"widget\" data-widget_type=\"text-editor.default\">\n\t\t\t\t<div class=\"elementor-widget-container\">\n\t\t\t\t\t\t\t\t\t<p style=\"margin-bottom: 0px;\">Drain Inspection Kirkland<br \/>\nDrain Inspection La Prairie<br \/>\nDrain Inspection Lachine<br \/>\nDrain Inspection Lachute<br \/>\nDrain Inspection LaSalle<br \/>\nDrain Inspection Lorraine<br \/>\nDrain Inspection Laval<br \/>\nDrain Inspection Laval-des-Rapides<br \/>\nDrain Inspection Laval-Ouest<br \/>\nDrain Inspection Lavaltrie<br \/>\nDrain Inspection Longueuil<br \/>\nDrain Inspection Maisonneuve<br \/>\nDrain Inspection Mascouche<br \/>\nDrain Inspection Mercier<br \/>\nDrain Inspection Mirabel<br \/>\nDrain Inspection Mont-Saint-Hilaire<br \/>\nDrain Inspection Montreal<br \/>\nDrain Inspection Morin-Heights<br \/>\nDrain Inspection Piedmont<br \/>\nDrain Inspection Pierrefonds<br \/>\nDrain Inspection Plateau-Mont-Royal<br \/>\nDrain Inspection Pointe-aux-Trembles<br \/>\nDrain Inspection Pointe-Claire<br \/>\nDrain Inspection Pont-Viau<br \/>\nDrain Inspection Pr\u00e9vost<br \/>\nDrain Inspection Repentigny<br \/>\nDrain Inspection Richelieu<br \/>\nDrain Inspection Rigaud<br \/>\nDrain Inspection Rivi\u00e8re-des-Prairies<br \/>\nDrain Inspection Rosem\u00e8re<br \/>\nDrain Inspection Rosemont<br \/>\nDrain Inspection Roxboro<br \/>\nDrain Inspection Saint-Basile-le-Grand<br \/>\nDrain Inspection Saint-Bruno<br \/>\nDrain Inspection Saint-Calixte<br \/>\nDrain Inspection Saint-Colomban<\/p>\t\t\t\t\t\t\t\t<\/div>\n\t\t\t\t<\/div>\n\t\t\t\t\t<\/div>\n\t\t<\/div>\n\t\t\t\t<div class=\"elementor-column elementor-col-33 elementor-top-column elementor-element elementor-element-56b63ad\" data-id=\"56b63ad\" data-element_type=\"column\" data-e-type=\"column\">\n\t\t\t<div class=\"elementor-widget-wrap elementor-element-populated\">\n\t\t\t\t\t\t<div class=\"elementor-element elementor-element-c33db86 elementor-widget elementor-widget-text-editor\" data-id=\"c33db86\" data-element_type=\"widget\" data-e-type=\"widget\" data-widget_type=\"text-editor.default\">\n\t\t\t\t<div class=\"elementor-widget-container\">\n\t\t\t\t\t\t\t\t\t<p style=\"margin-bottom: 0px;\">Drain Inspection Saint-Constant<br \/>\nDrain Inspection Saint-Eustache<br \/>\nDrain Inspection Saint-Fran\u00e7ois<br \/>\nDrain Inspection Saint-Hippolyte<br \/>\nDrain Inspection Saint-J\u00e9r\u00f4me<br \/>\nDrain Inspection Saint-Lambert<br \/>\nDrain Inspection Saint-Lazare<br \/>\nDrain Inspection Saint-Leonard<br \/>\nDrain Inspection Saint-Lin\u2013Laurentides<br \/>\nDrain Inspection Saint-Michel<br \/>\nDrain Inspection Saint-Sauveur<br \/>\nDrain Inspection Saint-Vincent-de-Paul<br \/>\nDrain Inspection Saint-Adolphe-d\u2019Howard<br \/>\nDrain Inspection Sainte-Adele<br \/>\nDrain Inspection Sainte-Agathe-des-Monts<br \/>\nDrain Inspection Sainte-Anne-de-Bellevue<br \/>\nDrain Inspection Sainte-Anne-des-Monts<br \/>\nDrain Inspection Sainte-Anne-des-Plaines<br \/>\nDrain Inspection Sainte-Dorothee<br \/>\nDrain Inspection Sainte-Genevieve<br \/>\nDrain Inspection Sainte-Julie<br \/>\nDrain Inspection Sainte-Rose<br \/>\nDrain Inspection Sainte-Sophie<br \/>\nDrain Inspection Sainte-Therese<br \/>\nDrain Inspection Terrebonne<br \/>\nDrain Inspection Val-Morin<br \/>\nDrain Inspection Valleyfield<br \/>\nDrain Inspection Varennes<br \/>\nDrain Inspection Vaudreuil-Dorion<br \/>\nDrain Inspection Verdun<br \/>\nDrain Inspection Ville-Marie<br \/>\nDrain Inspection Mount Royal<br \/>\nDrain Inspection Saint-Laurent<br \/>\nDrain Inspection Villeray<br \/>\nDrain Inspection Vimont<br \/>\nDrain Inspection Westmount<\/p>\t\t\t\t\t\t\t\t<\/div>\n\t\t\t\t<\/div>\n\t\t\t\t\t<\/div>\n\t\t<\/div>\n\t\t\t\t\t<\/div>\n\t\t<\/section>\n\t\t\t\t<section class=\"elementor-section elementor-top-section elementor-element elementor-element-23053d2 elementor-section-boxed elementor-section-height-default elementor-section-height-default\" data-id=\"23053d2\" data-element_type=\"section\" data-e-type=\"section\">\n\t\t\t\t\t\t<div class=\"elementor-container elementor-column-gap-default\">\n\t\t\t\t\t<div class=\"elementor-column elementor-col-100 elementor-top-column elementor-element elementor-element-c307fe5\" data-id=\"c307fe5\" data-element_type=\"column\" data-e-type=\"column\">\n\t\t\t<div class=\"elementor-widget-wrap elementor-element-populated\">\n\t\t\t\t\t\t<div class=\"elementor-element elementor-element-3e2d22b elementor-widget elementor-widget-spacer\" data-id=\"3e2d22b\" data-element_type=\"widget\" data-e-type=\"widget\" data-widget_type=\"spacer.default\">\n\t\t\t\t<div class=\"elementor-widget-container\">\n\t\t\t\t\t\t\t<div class=\"elementor-spacer\">\n\t\t\t<div class=\"elementor-spacer-inner\"><\/div>\n\t\t<\/div>\n\t\t\t\t\t\t<\/div>\n\t\t\t\t<\/div>\n\t\t\t\t<div class=\"elementor-element elementor-element-b767ca7 elementor-widget elementor-widget-text-editor\" data-id=\"b767ca7\" data-element_type=\"widget\" data-e-type=\"widget\" data-widget_type=\"text-editor.default\">\n\t\t\t\t<div class=\"elementor-widget-container\">\n\t\t\t\t\t\t\t\t\t<p style=\"text-align: center; margin-bottom: 5px; font-size: 20px;\"><strong style=\"color: #333333;\">R\u00e9seau Drain - INSPECTION<\/strong><\/p><p style=\"text-align: center; margin-bottom: 10px; font-size: 16px; color: #666666;\">Professional drain inspection and diagnosis throughout Montreal and surrounding areas.<\/p><p style=\"text-align: center; margin-bottom: 5px; font-size: 16px;\"><span style=\"color: #333333;\">Contact us for an inspection:<\/span><\/p><p style=\"text-align: center; margin-bottom: 0; font-size: 20px; font-weight: bold;\"><span style=\"color: #333333;\">Montreal and area :<\/span><br \/><a style=\"color: #ff6633; text-decoration: none;\" href=\"tel:514-433-9291\">514-433-9291<\/a><\/p><p style=\"text-align: center; margin-bottom: 0; font-size: 20px; font-weight: bold;\"><span style=\"color: #333333;\">Free of charge :<\/span><br \/><a style=\"color: #ff6633; text-decoration: none;\" href=\"tel:1-800-672-0493\">1-800-672-0493<\/a><\/p>\t\t\t\t\t\t\t\t<\/div>\n\t\t\t\t<\/div>\n\t\t\t\t<div class=\"elementor-element elementor-element-3f09c38 elementor-align-center elementor-widget elementor-widget-button\" data-id=\"3f09c38\" data-element_type=\"widget\" data-e-type=\"widget\" data-widget_type=\"button.default\">\n\t\t\t\t<div class=\"elementor-widget-container\">\n\t\t\t\t\t\t\t\t\t<div class=\"elementor-button-wrapper\">\n\t\t\t\t\t<a class=\"elementor-button elementor-button-link elementor-size-sm\" href=\"https:\/\/www.reseaudrain.com\/en\/contact-us\/\">\n\t\t\t\t\t\t<span class=\"elementor-button-content-wrapper\">\n\t\t\t\t\t\t\t\t\t<span class=\"elementor-button-text\">Contact us<\/span>\n\t\t\t\t\t<\/span>\n\t\t\t\t\t<\/a>\n\t\t\t\t<\/div>\n\t\t\t\t\t\t\t\t<\/div>\n\t\t\t\t<\/div>\n\t\t\t\t<div class=\"elementor-element elementor-element-843a363 elementor-widget elementor-widget-spacer\" data-id=\"843a363\" data-element_type=\"widget\" data-e-type=\"widget\" data-widget_type=\"spacer.default\">\n\t\t\t\t<div class=\"elementor-widget-container\">\n\t\t\t\t\t\t\t<div class=\"elementor-spacer\">\n\t\t\t<div class=\"elementor-spacer-inner\"><\/div>\n\t\t<\/div>\n\t\t\t\t\t\t<\/div>\n\t\t\t\t<\/div>\n\t\t\t\t\t<\/div>\n\t\t<\/div>\n\t\t\t\t\t<\/div>\n\t\t<\/section>\n\t\t\t\t<\/div>","protected":false},"excerpt":{"rendered":"<p>Inspection par cam\u00e9ra Une inspection de drains par cam\u00e9ra vid\u00e9o est la seule fa\u00e7on de d\u00e9tecter les probl\u00e8mes potentiels de vos drains avant qu&rsquo;ils ne deviennent un d\u00e9sastre. \u00a0Les drains ne peuvent pas \u00eatre vus sans l\u2019utilisation d\u2019une cam\u00e9ra, \u00e0 moins que vous les d\u00e9terriez compl\u00e8tement. Chez \u00ab R\u00e9seau Drain \u00bb nous fournissons une inspection [&hellip;]<\/p>\n","protected":false},"author":1,"featured_media":0,"parent":0,"menu_order":0,"comment_status":"closed","ping_status":"closed","template":"","meta":{"footnotes":""},"class_list":["post-242","page","type-page","status-publish","hentry"],"_links":{"self":[{"href":"https:\/\/www.reseaudrain.com\/en\/wp-json\/wp\/v2\/pages\/242","targetHints":{"allow":["GET"]}}],"collection":[{"href":"https:\/\/www.reseaudrain.com\/en\/wp-json\/wp\/v2\/pages"}],"about":[{"href":"https:\/\/www.reseaudrain.com\/en\/wp-json\/wp\/v2\/types\/page"}],"author":[{"embeddable":true,"href":"https:\/\/www.reseaudrain.com\/en\/wp-json\/wp\/v2\/users\/1"}],"replies":[{"embeddable":true,"href":"https:\/\/www.reseaudrain.com\/en\/wp-json\/wp\/v2\/comments?post=242"}],"version-history":[{"count":123,"href":"https:\/\/www.reseaudrain.com\/en\/wp-json\/wp\/v2\/pages\/242\/revisions"}],"predecessor-version":[{"id":3634,"href":"https:\/\/www.reseaudrain.com\/en\/wp-json\/wp\/v2\/pages\/242\/revisions\/3634"}],"wp:attachment":[{"href":"https:\/\/www.reseaudrain.com\/en\/wp-json\/wp\/v2\/media?parent=242"}],"curies":[{"name":"wp","href":"https:\/\/api.w.org\/{rel}","templated":true}]}}