{"id":250,"date":"2020-04-17T04:07:37","date_gmt":"2020-04-17T04:07:37","guid":{"rendered":"https:\/\/www.reseaudrain.com\/?page_id=250"},"modified":"2026-03-30T01:44:24","modified_gmt":"2026-03-30T01:44:24","slug":"pre-purchase-inspection","status":"publish","type":"page","link":"https:\/\/www.reseaudrain.com\/en\/inspection-preachat\/","title":{"rendered":"Pre-Purchase Drain Inspection | R\u00e9seau Drain Quebec"},"content":{"rendered":"<div data-elementor-type=\"wp-page\" data-elementor-id=\"250\" class=\"elementor elementor-250\" data-elementor-post-type=\"page\">\n\t\t\t\t\t\t<section class=\"elementor-section elementor-top-section elementor-element elementor-element-d40f4a0 elementor-section-boxed elementor-section-height-default elementor-section-height-default\" data-id=\"d40f4a0\" data-element_type=\"section\" data-e-type=\"section\">\n\t\t\t\t\t\t<div class=\"elementor-container elementor-column-gap-default\">\n\t\t\t\t\t<div class=\"elementor-column elementor-col-100 elementor-top-column elementor-element elementor-element-875de8b\" data-id=\"875de8b\" data-element_type=\"column\" data-e-type=\"column\">\n\t\t\t<div class=\"elementor-widget-wrap elementor-element-populated\">\n\t\t\t\t\t\t<div class=\"elementor-element elementor-element-cdc78ac elementor-widget elementor-widget-image\" data-id=\"cdc78ac\" data-element_type=\"widget\" data-e-type=\"widget\" data-widget_type=\"image.default\">\n\t\t\t\t<div class=\"elementor-widget-container\">\n\t\t\t\t\t\t\t\t\t\t\t\t\t\t\t<img fetchpriority=\"high\" decoding=\"async\" width=\"1536\" height=\"1024\" src=\"https:\/\/www.reseaudrain.com\/wp-content\/uploads\/2026\/03\/Inspection-preachat-detaillee.png\" class=\"attachment-full size-full wp-image-2332\" alt=\"\" srcset=\"https:\/\/www.reseaudrain.com\/wp-content\/uploads\/2026\/03\/Inspection-preachat-detaillee.png 1536w, https:\/\/www.reseaudrain.com\/wp-content\/uploads\/2026\/03\/Inspection-preachat-detaillee-300x200.png 300w, https:\/\/www.reseaudrain.com\/wp-content\/uploads\/2026\/03\/Inspection-preachat-detaillee-1024x683.png 1024w, https:\/\/www.reseaudrain.com\/wp-content\/uploads\/2026\/03\/Inspection-preachat-detaillee-768x512.png 768w, https:\/\/www.reseaudrain.com\/wp-content\/uploads\/2026\/03\/Inspection-preachat-detaillee-18x12.png 18w, https:\/\/www.reseaudrain.com\/wp-content\/uploads\/2026\/03\/Inspection-preachat-detaillee-1200x800.png 1200w\" sizes=\"(max-width: 1536px) 100vw, 1536px\" \/>\t\t\t\t\t\t\t\t\t\t\t\t\t\t\t<\/div>\n\t\t\t\t<\/div>\n\t\t\t\t\t<\/div>\n\t\t<\/div>\n\t\t\t\t\t<\/div>\n\t\t<\/section>\n\t\t\t\t<section class=\"elementor-section elementor-top-section elementor-element elementor-element-b9e8336 elementor-section-boxed elementor-section-height-default elementor-section-height-default\" data-id=\"b9e8336\" data-element_type=\"section\" data-e-type=\"section\">\n\t\t\t\t\t\t<div class=\"elementor-container elementor-column-gap-default\">\n\t\t\t\t\t<div class=\"elementor-column elementor-col-100 elementor-top-column elementor-element elementor-element-3c47876\" data-id=\"3c47876\" data-element_type=\"column\" data-e-type=\"column\">\n\t\t\t<div class=\"elementor-widget-wrap elementor-element-populated\">\n\t\t\t\t\t\t<div class=\"elementor-element elementor-element-3e5556c elementor-widget elementor-widget-heading\" data-id=\"3e5556c\" data-element_type=\"widget\" data-e-type=\"widget\" data-widget_type=\"heading.default\">\n\t\t\t\t<div class=\"elementor-widget-container\">\n\t\t\t\t\t<h1 class=\"elementor-heading-title elementor-size-default\">Pre-purchase drain inspection<\/h1>\t\t\t\t<\/div>\n\t\t\t\t<\/div>\n\t\t\t\t<div class=\"elementor-element elementor-element-329f28c elementor-widget elementor-widget-heading\" data-id=\"329f28c\" data-element_type=\"widget\" data-e-type=\"widget\" data-widget_type=\"heading.default\">\n\t\t\t\t<div class=\"elementor-widget-container\">\n\t\t\t\t\t<h2 class=\"elementor-heading-title elementor-size-default\">R\u00e9seau Drain helps you protect your real estate transaction with a complete inspection of your drainage system.<\/h2>\t\t\t\t<\/div>\n\t\t\t\t<\/div>\n\t\t\t\t\t<\/div>\n\t\t<\/div>\n\t\t\t\t\t<\/div>\n\t\t<\/section>\n\t\t\t\t<section class=\"elementor-section elementor-top-section elementor-element elementor-element-bbfd5fc elementor-section-boxed elementor-section-height-default elementor-section-height-default\" data-id=\"bbfd5fc\" data-element_type=\"section\" data-e-type=\"section\">\n\t\t\t\t\t\t<div class=\"elementor-container elementor-column-gap-default\">\n\t\t\t\t\t<div class=\"elementor-column elementor-col-100 elementor-top-column elementor-element elementor-element-62cee91\" data-id=\"62cee91\" data-element_type=\"column\" data-e-type=\"column\">\n\t\t\t<div class=\"elementor-widget-wrap elementor-element-populated\">\n\t\t\t\t\t\t<div class=\"elementor-element elementor-element-c7afe77 elementor-widget elementor-widget-text-editor\" data-id=\"c7afe77\" data-element_type=\"widget\" data-e-type=\"widget\" data-widget_type=\"text-editor.default\">\n\t\t\t\t<div class=\"elementor-widget-container\">\n\t\t\t\t\t\t\t\t\t<p>Pre-purchase drain inspection is a safe and effective solution to eliminate disputes and hidden defects in any real estate transaction, whether buying or selling. A transaction includes everything you see, but also what you don\u2019t see. Are you prepared to assume a risk that can range between $7,000 and $15,000 or even more?<\/p><p>It\u2019s not a lack of information or warnings. The CMHC keeps repeating it, and the courts are filled with thousands of cases related to hidden defects, of which 80% are attributed to drains. Yet only 1% are legally recognized as hidden defects.<\/p><p>So, avoid unnecessary problems by choosing a complete inspection of your drainage system\u2014you\u2019ll come out ahead in every way. In any case, if you\u2019re working with a responsible real estate agent who cares about providing a smooth transaction for both buyers and sellers, they will recommend a drainage system inspection for the property.<\/p><p>Buyer or seller, protect yourself. In the purchase or sale of a property, will an amount of $349.95 really change anything or influence your decision? Protect yourself.<\/p>\t\t\t\t\t\t\t\t<\/div>\n\t\t\t\t<\/div>\n\t\t\t\t\t<\/div>\n\t\t<\/div>\n\t\t\t\t\t<\/div>\n\t\t<\/section>\n\t\t\t\t<section class=\"elementor-section elementor-top-section elementor-element elementor-element-11a5c3d elementor-section-boxed elementor-section-height-default elementor-section-height-default\" data-id=\"11a5c3d\" data-element_type=\"section\" data-e-type=\"section\">\n\t\t\t\t\t\t<div class=\"elementor-container elementor-column-gap-default\">\n\t\t\t\t\t<div class=\"elementor-column elementor-col-100 elementor-top-column elementor-element elementor-element-522d24c\" data-id=\"522d24c\" data-element_type=\"column\" data-e-type=\"column\">\n\t\t\t<div class=\"elementor-widget-wrap elementor-element-populated\">\n\t\t\t\t\t\t<div class=\"elementor-element elementor-element-9d9f139 elementor-widget elementor-widget-text-editor\" data-id=\"9d9f139\" data-element_type=\"widget\" data-e-type=\"widget\" data-widget_type=\"text-editor.default\">\n\t\t\t\t<div class=\"elementor-widget-container\">\n\t\t\t\t\t\t\t\t\t<div style=\"background: #f3f3f3; padding: 24px 18px;\"><div style=\"text-align: center; margin-bottom: 18px;\"><div style=\"font-size: 24px; line-height: 1.2;\"><strong>Don't let your most cherished dream become your worst nightmare<\/strong><\/div><div style=\"font-size: 21px; line-height: 1.25; margin-top: 2px;\"><strong>A drain inspection is an essential part of any real estate transaction.<\/strong><\/div><div style=\"font-size: 18px; line-height: 1.25; margin-top: 4px;\"><strong>Apparently it doesn't just happen to other people...<\/strong><\/div><\/div><div style=\"display: flex; flex-wrap: wrap; align-items: flex-start;\"><div style=\"width: 22%; min-width: 220px; box-sizing: border-box; text-align: center; padding-right: 18px; margin: 0 auto 18px auto;\"><div style=\"font-size: 18px; font-weight: bold; margin-bottom: 10px;\">Inspection 349.95$<\/div><p><img decoding=\"async\" style=\"width: 100%; max-width: 235px; height: auto; display: block; margin: 0 auto;\" src=\"https:\/\/www.reseaudrain.com\/wp-content\/uploads\/elementor\/thumbs\/Inspection-Pr-achat-Reseau-Drain_1-oo84mhi20m9nkq8va3ygca8djtykq930edtlcwrcwo.jpg\" alt=\"Pre-purchase inspection Drain network\" \/><\/p><\/div><div style=\"flex: 1 1 320px; box-sizing: border-box; text-align: left; padding: 0 10px; min-width: 280px; margin-bottom: 18px;\"><p style=\"margin: 0 0 14px 0; font-size: 18px; line-height: 1.35;\">Before spending hundreds of thousands of dollars on your new property, it is essential to have the drains inspected. An inspection performed according to industry standards can help you avoid problems you may not even suspect and, in addition, save you money.<\/p><p style=\"margin: 0; font-size: 18px; line-height: 1.35;\">A transaction includes everything you see, but also everything you don't see. Are you ready to take on a risk that can range from <strong>7 000<\/strong> $ and <strong>15 000<\/strong> $ and even more.<\/p><\/div><div style=\"width: 22%; min-width: 220px; box-sizing: border-box; text-align: center; padding-left: 18px; margin: 0 auto 18px auto;\"><div style=\"font-size: 18px; font-weight: bold; margin-bottom: 10px;\">Repair 9659.65$<\/div><p><img decoding=\"async\" style=\"width: 100%; max-width: 235px; height: auto; display: block; margin: 0 auto;\" src=\"https:\/\/www.reseaudrain.com\/wp-content\/uploads\/elementor\/thumbs\/Pr-achat-R-seau-Drain_1-oo84mifw7gaxwc7i4md2wrzu57txxy6qqih2u6pyqg.png\" alt=\"Drain Network Repair\" \/><\/p><\/div><\/div><div style=\"text-align: center; font-size: 21px; font-weight: bold; line-height: 1.25; margin-top: 8px;\">A transaction includes what you see, but also what you don't see...<\/div><\/div>\t\t\t\t\t\t\t\t<\/div>\n\t\t\t\t<\/div>\n\t\t\t\t\t<\/div>\n\t\t<\/div>\n\t\t\t\t\t<\/div>\n\t\t<\/section>\n\t\t\t\t<section class=\"elementor-section elementor-top-section elementor-element elementor-element-21ca0c1 elementor-section-boxed elementor-section-height-default elementor-section-height-default\" data-id=\"21ca0c1\" data-element_type=\"section\" data-e-type=\"section\">\n\t\t\t\t\t\t<div class=\"elementor-container elementor-column-gap-default\">\n\t\t\t\t\t<div class=\"elementor-column elementor-col-100 elementor-top-column elementor-element elementor-element-c5b4a85\" data-id=\"c5b4a85\" data-element_type=\"column\" data-e-type=\"column\">\n\t\t\t<div class=\"elementor-widget-wrap elementor-element-populated\">\n\t\t\t\t\t\t<div class=\"elementor-element elementor-element-ecf64ad elementor-widget elementor-widget-text-editor\" data-id=\"ecf64ad\" data-element_type=\"widget\" data-e-type=\"widget\" data-widget_type=\"text-editor.default\">\n\t\t\t\t<div class=\"elementor-widget-container\">\n\t\t\t\t\t\t\t\t\t<p>After each inspection, a detailed written report is prepared and provided to the client along with the inspection video, all on a USB drive. The report includes a detailed description, with photos and video, of the current condition of the drains, as well as any recommended repairs and solutions, if applicable.<\/p><p>R\u00c9SEAU DRAIN \u2013 Buying a property is good, but buying it without problems\u2026 is even better.<\/p><p>The process of buying a property is already stressful, so there is no need to add extra stress. When you purchase a property, you are buying what you see, but also what you don\u2019t see. The buyer has the responsibility to know and understand the condition of the drainage system of their future property. It is your right\u2014and your responsibility. So protect yourself.<\/p><p>Tell us, do you know the condition of your future property\u2019s drainage system?<br \/>Now, there is a solution to buying a property with peace of mind: a complete drainage system inspection carried out by a trusted and impartial company, R\u00e9seau Drain. You should know that the courts are filled with thousands of cases involving hidden defects, 80% of which are related to drains.<br \/>Buy your property with confidence through a complete drainage system inspection.<\/p>\t\t\t\t\t\t\t\t<\/div>\n\t\t\t\t<\/div>\n\t\t\t\t\t<\/div>\n\t\t<\/div>\n\t\t\t\t\t<\/div>\n\t\t<\/section>\n\t\t\t\t<section class=\"elementor-section elementor-top-section elementor-element elementor-element-e9b6a5c elementor-section-boxed elementor-section-height-default elementor-section-height-default\" data-id=\"e9b6a5c\" data-element_type=\"section\" data-e-type=\"section\">\n\t\t\t\t\t\t<div class=\"elementor-container elementor-column-gap-default\">\n\t\t\t\t\t<div class=\"elementor-column elementor-col-100 elementor-top-column elementor-element elementor-element-ff58e38\" data-id=\"ff58e38\" data-element_type=\"column\" data-e-type=\"column\">\n\t\t\t<div class=\"elementor-widget-wrap elementor-element-populated\">\n\t\t\t\t\t\t<div class=\"elementor-element elementor-element-6d8c29f elementor-widget elementor-widget-heading\" data-id=\"6d8c29f\" data-element_type=\"widget\" data-e-type=\"widget\" data-widget_type=\"heading.default\">\n\t\t\t\t<div class=\"elementor-widget-container\">\n\t\t\t\t\t<h2 class=\"elementor-heading-title elementor-size-default\">Pre-purchase drain inspection\u2014order your pre-purchase inspection directly with R\u00e9seau Drain.<\/h2>\t\t\t\t<\/div>\n\t\t\t\t<\/div>\n\t\t\t\t\t<\/div>\n\t\t<\/div>\n\t\t\t\t\t<\/div>\n\t\t<\/section>\n\t\t\t\t<section class=\"elementor-section elementor-top-section elementor-element elementor-element-48e6cea elementor-section-boxed elementor-section-height-default elementor-section-height-default\" data-id=\"48e6cea\" data-element_type=\"section\" data-e-type=\"section\">\n\t\t\t\t\t\t<div class=\"elementor-container elementor-column-gap-default\">\n\t\t\t\t\t<div class=\"elementor-column elementor-col-33 elementor-top-column elementor-element elementor-element-cd1d36c\" data-id=\"cd1d36c\" data-element_type=\"column\" data-e-type=\"column\">\n\t\t\t<div class=\"elementor-widget-wrap elementor-element-populated\">\n\t\t\t\t\t\t<div class=\"elementor-element elementor-element-8003dac elementor-widget elementor-widget-text-editor\" data-id=\"8003dac\" data-element_type=\"widget\" data-e-type=\"widget\" data-widget_type=\"text-editor.default\">\n\t\t\t\t<div class=\"elementor-widget-container\">\n\t\t\t\t\t\t\t\t\t<p style=\"margin-bottom: 0px;\">Pre-purchase inspection Ahuntsic<br \/>\nPre-purchase inspection Anjou<br \/>\nPre-purchase inspection Auteuil<br \/>\nPre-purchase inspection Beaconsfield<br \/>\nPre-purchase inspection Beauharnois<br \/>\nPre-purchase inspection Beloeil<br \/>\nPre-purchase inspection Blainville<br \/>\nPre-purchase inspection Bois des Filion<br \/>\nPre-purchase Inspection Boisbriand<br \/>\nPre-purchase inspection Boucherville<br \/>\nPre-purchase inspection Brossard<br \/>\nPre-purchase inspection Brownsburg-Chatham<br \/>\nPre-purchase Inspection Candiac<br \/>\nPre-purchase inspection Carignan<br \/>\nPre-purchase Inspection Cartierville<br \/>\nPre-purchase inspection Chambly<br \/>\nPre-purchase inspection Charlemagne<br \/>\nPre-purchase Inspection Ch\u00e2teauguay<br \/>\nPre-purchase Inspection Chomedey<br \/>\nPre-purchase inspection Contrecoeur<br \/>\nPre-purchase inspection Cote des Neiges<br \/>\nPre-purchase inspection Cote Saint Luc<br \/>\nPre-purchase D.D.O. inspection<br \/>\nPre-purchase inspection Delson<br \/>\nPre-purchase Inspection Deux-Montagnes<br \/>\nPre-purchase inspection Dorval<br \/>\nPre-purchase inspection Duvernay<br \/>\nPre-purchase inspection Epiphany<br \/>\nPre-purchase inspection Fabreville<br \/>\nPre-purchase Inspection Farnham<br \/>\nPre-purchase inspection Greenfield Park<br \/>\nPre-purchase inspection Hampstead<br \/>\nPre-purchase inspection Hampstead<br \/>\nPre-purchase inspection Hudson<br \/>\nPre-purchase inspection Ile Perrot<br \/>\nPre-purchase inspection Ile-Bizard<\/p>\t\t\t\t\t\t\t\t<\/div>\n\t\t\t\t<\/div>\n\t\t\t\t\t<\/div>\n\t\t<\/div>\n\t\t\t\t<div class=\"elementor-column elementor-col-33 elementor-top-column elementor-element elementor-element-b7b83a6\" data-id=\"b7b83a6\" data-element_type=\"column\" data-e-type=\"column\">\n\t\t\t<div class=\"elementor-widget-wrap elementor-element-populated\">\n\t\t\t\t\t\t<div class=\"elementor-element elementor-element-38aca39 elementor-widget elementor-widget-text-editor\" data-id=\"38aca39\" data-element_type=\"widget\" data-e-type=\"widget\" data-widget_type=\"text-editor.default\">\n\t\t\t\t<div class=\"elementor-widget-container\">\n\t\t\t\t\t\t\t\t\t<p style=\"margin-bottom: 0px;\">Pre-purchase Inspection Kirkland<br \/>\nPre-purchase Inspection La Prairie<br \/>\nPre-purchase Inspection Lachine<br \/>\nPre-purchase inspection Lachute<br \/>\nPre-purchase inspection LaSalle<br \/>\nPre-purchase inspection Laurraine<br \/>\nPre-purchase inspection Laval<br \/>\nPre-purchase inspection Laval des Rapides<br \/>\nPre-purchase inspection Laval West<br \/>\nPre-purchase inspection Lavaltrie<br \/>\nPre-purchase inspection Longueuil<br \/>\nPre-purchase Inspection Maisonneuve<br \/>\nPre-purchase inspection Mascouche<br \/>\nPre-purchase inspection Mercier<br \/>\nPre-purchase inspection Mirabel<br \/>\nPre-purchase inspection Mont Saint Hilaire<br \/>\nPre-purchase inspection Montreal<br \/>\nPre-purchase inspection Morin-Heights<br \/>\nPre-purchase Inspection Piedmont<br \/>\nPre-purchase inspection Pierrefonds<br \/>\nPre-purchase inspection Plateau-Mont-Royal<br \/>\nPre-purchase inspection Pointe aux Trembles<br \/>\nPre-purchase inspection Pointe Claire<br \/>\nPre-purchase Inspection Pont-Viau<br \/>\nPre-purchase Inspection Pr\u00e9vost<br \/>\nPre-purchase inspection Repentigny<br \/>\nPre-purchase inspection Richelieu<br \/>\nPre-purchase Inspection Rigaud<br \/>\nPre-purchase inspection Riviere des Prairies<br \/>\nPre-purchase Inspection Rosem\u00e8re<br \/>\nPre-purchase Inspection Rosemont<br \/>\nPre-purchase inspection Roxboro<br \/>\nPre-purchase inspection Saint Basile le Grand<br \/>\nPre-purchase inspection Saint Bruno<br \/>\nPre-purchase Inspection Saint-Calixte<br \/>\nPre-purchase Inspection Saint-Colomban<\/p>\t\t\t\t\t\t\t\t<\/div>\n\t\t\t\t<\/div>\n\t\t\t\t\t<\/div>\n\t\t<\/div>\n\t\t\t\t<div class=\"elementor-column elementor-col-33 elementor-top-column elementor-element elementor-element-4b49546\" data-id=\"4b49546\" data-element_type=\"column\" data-e-type=\"column\">\n\t\t\t<div class=\"elementor-widget-wrap elementor-element-populated\">\n\t\t\t\t\t\t<div class=\"elementor-element elementor-element-a233dc3 elementor-widget elementor-widget-text-editor\" data-id=\"a233dc3\" data-element_type=\"widget\" data-e-type=\"widget\" data-widget_type=\"text-editor.default\">\n\t\t\t\t<div class=\"elementor-widget-container\">\n\t\t\t\t\t\t\t\t\t<p style=\"margin-bottom: 0px;\">Pre-purchase Inspection Saint-Constant<br \/>\nPre-purchase Inspection Saint-Eustache<br \/>\nPre-purchase Inspection Saint-Fran\u00e7ois<br \/>\nPre-purchase Inspection Saint-Hippolyte<br \/>\nPre-purchase inspection Saint Jerome<br \/>\nPre-purchase inspection Saint Lambert<br \/>\nPre-purchase inspection Saint Lazare<br \/>\nPre-purchase inspection Saint Leonard<br \/>\nPre-purchase inspection Saint Lin Laurentides<br \/>\nPre-purchase Inspection Saint-Michel<br \/>\nPre-purchase Inspection Saint-Sauveur<br \/>\nPre-purchase Inspection Saint-Vincent-de-Paul<br \/>\nPre-purchase Inspection Saint-Adolphe-d\u2019Howard<br \/>\nPre-purchase inspection Sainte Adele<br \/>\nPre-purchase Inspection Sainte-Agathe-des-Monts<br \/>\nPre-purchase inspection Sainte Anne de Bellevue<br \/>\nPre-purchase Inspection Sainte-Anne-des-Monts<br \/>\nPre-purchase Inspection Sainte-Anne-des-Plaines<br \/>\nPre-purchase Inspection Sainte-Dorothee<br \/>\nPre-purchase Inspection Sainte-Genevieve<br \/>\nPre-purchase Inspection Sainte-Julie<br \/>\nPre-purchase Inspection Sainte-Rose<br \/>\nPre-purchase Inspection Sainte-Sophie<br \/>\nPre-purchase Inspection Sainte-Therese<br \/>\nPre-purchase inspection Terrebonne<br \/>\nPre-purchase inspection Val Morin<br \/>\nPre-purchase Inspection Valleyfield<br \/>\nPre-purchase inspection Varennes<br \/>\nPre-purchase inspection Vaudreuil Dorion<br \/>\nPre-purchase inspection Verdun<br \/>\nPre-purchase inspection Ville Marie<br \/>\nPre-purchase inspection Town of Mount Royal<br \/>\nPre-purchase inspection Ville Saint Laurent<br \/>\nPre-purchase inspection Villeray<br \/>\nPre-purchase inspection Vimont<br \/>\nPre-purchase inspection Westmount<\/p>\t\t\t\t\t\t\t\t<\/div>\n\t\t\t\t<\/div>\n\t\t\t\t\t<\/div>\n\t\t<\/div>\n\t\t\t\t\t<\/div>\n\t\t<\/section>\n\t\t\t\t<section class=\"elementor-section elementor-top-section elementor-element elementor-element-67e3787 elementor-section-boxed elementor-section-height-default elementor-section-height-default\" data-id=\"67e3787\" data-element_type=\"section\" data-e-type=\"section\">\n\t\t\t\t\t\t<div class=\"elementor-container elementor-column-gap-default\">\n\t\t\t\t\t<div class=\"elementor-column elementor-col-100 elementor-top-column elementor-element elementor-element-de454df\" data-id=\"de454df\" data-element_type=\"column\" data-e-type=\"column\">\n\t\t\t<div class=\"elementor-widget-wrap elementor-element-populated\">\n\t\t\t\t\t\t<div class=\"elementor-element elementor-element-3e64209 elementor-widget elementor-widget-spacer\" data-id=\"3e64209\" data-element_type=\"widget\" data-e-type=\"widget\" data-widget_type=\"spacer.default\">\n\t\t\t\t<div class=\"elementor-widget-container\">\n\t\t\t\t\t\t\t<div class=\"elementor-spacer\">\n\t\t\t<div class=\"elementor-spacer-inner\"><\/div>\n\t\t<\/div>\n\t\t\t\t\t\t<\/div>\n\t\t\t\t<\/div>\n\t\t\t\t<div class=\"elementor-element elementor-element-d3f53ee elementor-widget elementor-widget-text-editor\" data-id=\"d3f53ee\" data-element_type=\"widget\" data-e-type=\"widget\" data-widget_type=\"text-editor.default\">\n\t\t\t\t<div class=\"elementor-widget-container\">\n\t\t\t\t\t\t\t\t\t<p style=\"text-align: center; margin-bottom: 5px; font-size: 20px;\"><strong style=\"color: #333333;\">R\u00e9seau Drain - INSPECTION<\/strong><\/p><p style=\"text-align: center; margin-bottom: 10px; font-size: 16px; color: #666666;\">Professional drain inspection and diagnosis throughout Montreal and surrounding areas.<\/p><p style=\"text-align: center; margin-bottom: 5px; font-size: 16px;\"><span style=\"color: #333333;\">Contact us for an inspection:<\/span><\/p><p style=\"text-align: center; margin-bottom: 0; font-size: 20px; font-weight: bold;\"><span style=\"color: #333333;\">Montreal and area :<\/span><br \/><a style=\"color: #ff6633; text-decoration: none;\" href=\"tel:514-433-9291\">514-433-9291<\/a><\/p><p style=\"text-align: center; margin-bottom: 0; font-size: 20px; font-weight: bold;\"><span style=\"color: #333333;\">Free of charge :<\/span><br \/><a style=\"color: #ff6633; text-decoration: none;\" href=\"tel:1-800-672-0493\">1-800-672-0493<\/a><\/p>\t\t\t\t\t\t\t\t<\/div>\n\t\t\t\t<\/div>\n\t\t\t\t<div class=\"elementor-element elementor-element-2f20230 elementor-align-center elementor-widget elementor-widget-button\" data-id=\"2f20230\" data-element_type=\"widget\" data-e-type=\"widget\" data-widget_type=\"button.default\">\n\t\t\t\t<div class=\"elementor-widget-container\">\n\t\t\t\t\t\t\t\t\t<div class=\"elementor-button-wrapper\">\n\t\t\t\t\t<a class=\"elementor-button elementor-button-link elementor-size-sm\" href=\"https:\/\/www.reseaudrain.com\/en\/contact-us\/\">\n\t\t\t\t\t\t<span class=\"elementor-button-content-wrapper\">\n\t\t\t\t\t\t\t\t\t<span class=\"elementor-button-text\">Contact us<\/span>\n\t\t\t\t\t<\/span>\n\t\t\t\t\t<\/a>\n\t\t\t\t<\/div>\n\t\t\t\t\t\t\t\t<\/div>\n\t\t\t\t<\/div>\n\t\t\t\t<div class=\"elementor-element elementor-element-248db77 elementor-widget elementor-widget-spacer\" data-id=\"248db77\" data-element_type=\"widget\" data-e-type=\"widget\" data-widget_type=\"spacer.default\">\n\t\t\t\t<div class=\"elementor-widget-container\">\n\t\t\t\t\t\t\t<div class=\"elementor-spacer\">\n\t\t\t<div class=\"elementor-spacer-inner\"><\/div>\n\t\t<\/div>\n\t\t\t\t\t\t<\/div>\n\t\t\t\t<\/div>\n\t\t\t\t\t<\/div>\n\t\t<\/div>\n\t\t\t\t\t<\/div>\n\t\t<\/section>\n\t\t\t\t<\/div>","protected":false},"excerpt":{"rendered":"<p>Inspection pr\u00e9achat de drains R\u00e9seau Drain vous aide \u00e0 prot\u00e9ger votre transaction immobili\u00e8re gr\u00e2ce \u00e0 une inspection compl\u00e8te du syst\u00e8me de drainage. Inspection Pr\u00e9achat une solution s\u00fbr et efficace d\u2019\u00e9liminer tout litige et vice cach\u00e9 pour toute transaction immobili\u00e8re achat ou vente. Une transaction comprend tout ce que vous voyez mais aussi ce que vous [&hellip;]<\/p>\n","protected":false},"author":1,"featured_media":0,"parent":0,"menu_order":0,"comment_status":"closed","ping_status":"closed","template":"elementor_header_footer","meta":{"footnotes":""},"class_list":["post-250","page","type-page","status-publish","hentry"],"_links":{"self":[{"href":"https:\/\/www.reseaudrain.com\/en\/wp-json\/wp\/v2\/pages\/250","targetHints":{"allow":["GET"]}}],"collection":[{"href":"https:\/\/www.reseaudrain.com\/en\/wp-json\/wp\/v2\/pages"}],"about":[{"href":"https:\/\/www.reseaudrain.com\/en\/wp-json\/wp\/v2\/types\/page"}],"author":[{"embeddable":true,"href":"https:\/\/www.reseaudrain.com\/en\/wp-json\/wp\/v2\/users\/1"}],"replies":[{"embeddable":true,"href":"https:\/\/www.reseaudrain.com\/en\/wp-json\/wp\/v2\/comments?post=250"}],"version-history":[{"count":133,"href":"https:\/\/www.reseaudrain.com\/en\/wp-json\/wp\/v2\/pages\/250\/revisions"}],"predecessor-version":[{"id":3637,"href":"https:\/\/www.reseaudrain.com\/en\/wp-json\/wp\/v2\/pages\/250\/revisions\/3637"}],"wp:attachment":[{"href":"https:\/\/www.reseaudrain.com\/en\/wp-json\/wp\/v2\/media?parent=250"}],"curies":[{"name":"wp","href":"https:\/\/api.w.org\/{rel}","templated":true}]}}