{"id":258,"date":"2020-04-17T04:19:38","date_gmt":"2020-04-17T04:19:38","guid":{"rendered":"https:\/\/www.reseaudrain.com\/?page_id=258"},"modified":"2026-03-30T01:36:43","modified_gmt":"2026-03-30T01:36:43","slug":"inspection-degout","status":"publish","type":"page","link":"https:\/\/www.reseaudrain.com\/en\/inspection-degout\/","title":{"rendered":"Sewer Inspection in Quebec | R\u00e9seau Drain Quebec"},"content":{"rendered":"<div data-elementor-type=\"wp-page\" data-elementor-id=\"258\" class=\"elementor elementor-258\" data-elementor-post-type=\"page\">\n\t\t\t\t\t\t<section class=\"elementor-section elementor-top-section elementor-element elementor-element-0dfe1bd elementor-section-boxed elementor-section-height-default elementor-section-height-default\" data-id=\"0dfe1bd\" data-element_type=\"section\" data-e-type=\"section\">\n\t\t\t\t\t\t<div class=\"elementor-container elementor-column-gap-default\">\n\t\t\t\t\t<div class=\"elementor-column elementor-col-100 elementor-top-column elementor-element elementor-element-d75cd15\" data-id=\"d75cd15\" data-element_type=\"column\" data-e-type=\"column\">\n\t\t\t<div class=\"elementor-widget-wrap elementor-element-populated\">\n\t\t\t\t\t\t<div class=\"elementor-element elementor-element-04803e6 elementor-widget elementor-widget-image\" data-id=\"04803e6\" data-element_type=\"widget\" data-e-type=\"widget\" data-widget_type=\"image.default\">\n\t\t\t\t<div class=\"elementor-widget-container\">\n\t\t\t\t\t\t\t\t\t\t\t\t\t\t\t<img fetchpriority=\"high\" decoding=\"async\" width=\"1536\" height=\"1024\" src=\"https:\/\/www.reseaudrain.com\/wp-content\/uploads\/2026\/03\/Travailleur-inspectant-un-tuyau-sous-terrain.png\" class=\"attachment-full size-full wp-image-2357\" alt=\"\" srcset=\"https:\/\/www.reseaudrain.com\/wp-content\/uploads\/2026\/03\/Travailleur-inspectant-un-tuyau-sous-terrain.png 1536w, https:\/\/www.reseaudrain.com\/wp-content\/uploads\/2026\/03\/Travailleur-inspectant-un-tuyau-sous-terrain-300x200.png 300w, https:\/\/www.reseaudrain.com\/wp-content\/uploads\/2026\/03\/Travailleur-inspectant-un-tuyau-sous-terrain-1024x683.png 1024w, https:\/\/www.reseaudrain.com\/wp-content\/uploads\/2026\/03\/Travailleur-inspectant-un-tuyau-sous-terrain-768x512.png 768w, https:\/\/www.reseaudrain.com\/wp-content\/uploads\/2026\/03\/Travailleur-inspectant-un-tuyau-sous-terrain-18x12.png 18w, https:\/\/www.reseaudrain.com\/wp-content\/uploads\/2026\/03\/Travailleur-inspectant-un-tuyau-sous-terrain-1200x800.png 1200w\" sizes=\"(max-width: 1536px) 100vw, 1536px\" \/>\t\t\t\t\t\t\t\t\t\t\t\t\t\t\t<\/div>\n\t\t\t\t<\/div>\n\t\t\t\t\t<\/div>\n\t\t<\/div>\n\t\t\t\t\t<\/div>\n\t\t<\/section>\n\t\t\t\t<section class=\"elementor-section elementor-top-section elementor-element elementor-element-22db053 elementor-section-boxed elementor-section-height-default elementor-section-height-default\" data-id=\"22db053\" data-element_type=\"section\" data-e-type=\"section\">\n\t\t\t\t\t\t<div class=\"elementor-container elementor-column-gap-default\">\n\t\t\t\t\t<div class=\"elementor-column elementor-col-100 elementor-top-column elementor-element elementor-element-47d4df6\" data-id=\"47d4df6\" data-element_type=\"column\" data-e-type=\"column\">\n\t\t\t<div class=\"elementor-widget-wrap elementor-element-populated\">\n\t\t\t\t\t\t<div class=\"elementor-element elementor-element-89611a7 elementor-widget elementor-widget-heading\" data-id=\"89611a7\" data-element_type=\"widget\" data-e-type=\"widget\" data-widget_type=\"heading.default\">\n\t\t\t\t<div class=\"elementor-widget-container\">\n\t\t\t\t\t<h1 class=\"elementor-heading-title elementor-size-default\">Sewer Inspection<\/h1>\t\t\t\t<\/div>\n\t\t\t\t<\/div>\n\t\t\t\t<div class=\"elementor-element elementor-element-284fd3a elementor-widget elementor-widget-heading\" data-id=\"284fd3a\" data-element_type=\"widget\" data-e-type=\"widget\" data-widget_type=\"heading.default\">\n\t\t\t\t<div class=\"elementor-widget-container\">\n\t\t\t\t\t<h2 class=\"elementor-heading-title elementor-size-default\">The sewer drain is responsible for over 80% of drain problems and requires inspection and preventive maintenance.<\/h2>\t\t\t\t<\/div>\n\t\t\t\t<\/div>\n\t\t\t\t\t<\/div>\n\t\t<\/div>\n\t\t\t\t\t<\/div>\n\t\t<\/section>\n\t\t\t\t<section class=\"elementor-section elementor-top-section elementor-element elementor-element-a8b1610 elementor-section-boxed elementor-section-height-default elementor-section-height-default\" data-id=\"a8b1610\" data-element_type=\"section\" data-e-type=\"section\">\n\t\t\t\t\t\t<div class=\"elementor-container elementor-column-gap-default\">\n\t\t\t\t\t<div class=\"elementor-column elementor-col-100 elementor-top-column elementor-element elementor-element-8637c7f\" data-id=\"8637c7f\" data-element_type=\"column\" data-e-type=\"column\">\n\t\t\t<div class=\"elementor-widget-wrap elementor-element-populated\">\n\t\t\t\t\t\t<div class=\"elementor-element elementor-element-685d8b6 elementor-widget elementor-widget-text-editor\" data-id=\"685d8b6\" data-element_type=\"widget\" data-e-type=\"widget\" data-widget_type=\"text-editor.default\">\n\t\t\t\t<div class=\"elementor-widget-container\">\n\t\t\t\t\t\t\t\t\t<p>Root intrusion is the most common cause of drain blockages in sewer and stormwater systems, and it is one of the most destructive problems a property owner can face.<\/p>\t\t\t\t\t\t\t\t<\/div>\n\t\t\t\t<\/div>\n\t\t\t\t<section class=\"elementor-section elementor-inner-section elementor-element elementor-element-bebe21e elementor-section-boxed elementor-section-height-default elementor-section-height-default\" data-id=\"bebe21e\" data-element_type=\"section\" data-e-type=\"section\">\n\t\t\t\t\t\t<div class=\"elementor-container elementor-column-gap-default\">\n\t\t\t\t\t<div class=\"elementor-column elementor-col-50 elementor-inner-column elementor-element elementor-element-b9ea3db\" data-id=\"b9ea3db\" data-element_type=\"column\" data-e-type=\"column\">\n\t\t\t<div class=\"elementor-widget-wrap elementor-element-populated\">\n\t\t\t\t\t\t<div class=\"elementor-element elementor-element-db9950d elementor-widget elementor-widget-text-editor\" data-id=\"db9950d\" data-element_type=\"widget\" data-e-type=\"widget\" data-widget_type=\"text-editor.default\">\n\t\t\t\t<div class=\"elementor-widget-container\">\n\t\t\t\t\t\t\t\t\t<div class=\"elementor-element elementor-element-a9f9212 elementor-widget elementor-widget-text-editor\" data-id=\"a9f9212\" data-element_type=\"widget\" data-e-type=\"widget\" data-widget_type=\"text-editor.default\"><div class=\"elementor-widget-container\"><p>Trees have root systems that grow in search of moisture-rich soil and, unfortunately for homeowners, they are attracted to the humidity that forms on the crown of the sewer pipe.<\/p><\/div><\/div><div class=\"elementor-element elementor-element-c4e37ea elementor-widget elementor-widget-text-editor\" data-id=\"c4e37ea\" data-element_type=\"widget\" data-e-type=\"widget\" data-widget_type=\"text-editor.default\"><div class=\"elementor-widget-container\"><p style=\"margin-bottom: 0;\">This moisture develops on the crown of the sewer line through condensation. As warm air passes through a cold pipe, condensation forms and creates droplets along the outside of the pipe. These water droplets attract roots.<\/p><\/div><\/div>\t\t\t\t\t\t\t\t<\/div>\n\t\t\t\t<\/div>\n\t\t\t\t\t<\/div>\n\t\t<\/div>\n\t\t\t\t<div class=\"elementor-column elementor-col-50 elementor-inner-column elementor-element elementor-element-dabe8f3\" data-id=\"dabe8f3\" data-element_type=\"column\" data-e-type=\"column\">\n\t\t\t<div class=\"elementor-widget-wrap elementor-element-populated\">\n\t\t\t\t\t\t<div class=\"elementor-element elementor-element-c997d95 elementor-widget elementor-widget-image\" data-id=\"c997d95\" data-element_type=\"widget\" data-e-type=\"widget\" data-widget_type=\"image.default\">\n\t\t\t\t<div class=\"elementor-widget-container\">\n\t\t\t\t\t\t\t\t\t\t\t\t\t\t\t<img decoding=\"async\" width=\"134\" height=\"121\" src=\"https:\/\/www.reseaudrain.com\/wp-content\/uploads\/2020\/04\/Inspection-drain-gout-Reseau-Drain.jpg\" class=\"attachment-full size-full wp-image-371\" alt=\"\" \/>\t\t\t\t\t\t\t\t\t\t\t\t\t\t\t<\/div>\n\t\t\t\t<\/div>\n\t\t\t\t\t<\/div>\n\t\t<\/div>\n\t\t\t\t\t<\/div>\n\t\t<\/section>\n\t\t\t\t<div class=\"elementor-element elementor-element-32c2b71 elementor-widget elementor-widget-text-editor\" data-id=\"32c2b71\" data-element_type=\"widget\" data-e-type=\"widget\" data-widget_type=\"text-editor.default\">\n\t\t\t\t<div class=\"elementor-widget-container\">\n\t\t\t\t\t\t\t\t\t<p>Once the roots find this source of moisture and nutrients, they travel along the pipes in search of more. Over time, microscopic roots find their way into the joints and penetrate between pipe sections, allowing them to continue growing until they completely block the line. However, there is a simple, effective, cost-efficient, and above all safe solution for your drains: root removal by foam injection.<\/p>\t\t\t\t\t\t\t\t<\/div>\n\t\t\t\t<\/div>\n\t\t\t\t\t<\/div>\n\t\t<\/div>\n\t\t\t\t\t<\/div>\n\t\t<\/section>\n\t\t\t\t<section class=\"elementor-section elementor-top-section elementor-element elementor-element-eae2dc8 elementor-section-boxed elementor-section-height-default elementor-section-height-default\" data-id=\"eae2dc8\" data-element_type=\"section\" data-e-type=\"section\">\n\t\t\t\t\t\t<div class=\"elementor-container elementor-column-gap-default\">\n\t\t\t\t\t<div class=\"elementor-column elementor-col-100 elementor-top-column elementor-element elementor-element-1799885\" data-id=\"1799885\" data-element_type=\"column\" data-e-type=\"column\">\n\t\t\t<div class=\"elementor-widget-wrap elementor-element-populated\">\n\t\t\t\t\t\t<div class=\"elementor-element elementor-element-af7e1cd elementor-widget elementor-widget-heading\" data-id=\"af7e1cd\" data-element_type=\"widget\" data-e-type=\"widget\" data-widget_type=\"heading.default\">\n\t\t\t\t<div class=\"elementor-widget-container\">\n\t\t\t\t\t<h2 class=\"elementor-heading-title elementor-size-default\">Why should I use the services of the professionals at \u201cR\u00e9seau Drain\u201d for the inspection of my sewer drains?<\/h2>\t\t\t\t<\/div>\n\t\t\t\t<\/div>\n\t\t\t\t<div class=\"elementor-element elementor-element-a3f7614 elementor-widget elementor-widget-text-editor\" data-id=\"a3f7614\" data-element_type=\"widget\" data-e-type=\"widget\" data-widget_type=\"text-editor.default\">\n\t\t\t\t<div class=\"elementor-widget-container\">\n\t\t\t\t\t\t\t\t\t<p>At \u201cR\u00e9seau Drain,\u201d we do not perform repairs or replacements on your sewer system. This allows us to remain completely impartial in our findings, evaluations, and recommendations.<br \/>Now that you know, do business with the experts...<\/p>\t\t\t\t\t\t\t\t<\/div>\n\t\t\t\t<\/div>\n\t\t\t\t\t<\/div>\n\t\t<\/div>\n\t\t\t\t\t<\/div>\n\t\t<\/section>\n\t\t\t\t<section class=\"elementor-section elementor-top-section elementor-element elementor-element-deae590 elementor-section-boxed elementor-section-height-default elementor-section-height-default\" data-id=\"deae590\" data-element_type=\"section\" data-e-type=\"section\">\n\t\t\t\t\t\t<div class=\"elementor-container elementor-column-gap-default\">\n\t\t\t\t\t<div class=\"elementor-column elementor-col-100 elementor-top-column elementor-element elementor-element-369dd40\" data-id=\"369dd40\" data-element_type=\"column\" data-e-type=\"column\">\n\t\t\t<div class=\"elementor-widget-wrap elementor-element-populated\">\n\t\t\t\t\t\t<div class=\"elementor-element elementor-element-4a3bbb7 elementor-widget elementor-widget-heading\" data-id=\"4a3bbb7\" data-element_type=\"widget\" data-e-type=\"widget\" data-widget_type=\"heading.default\">\n\t\t\t\t<div class=\"elementor-widget-container\">\n\t\t\t\t\t<h2 class=\"elementor-heading-title elementor-size-default\">Sewer Drain Inspection, order your inspection directly with R\u00e9seau Drain.<\/h2>\t\t\t\t<\/div>\n\t\t\t\t<\/div>\n\t\t\t\t\t<\/div>\n\t\t<\/div>\n\t\t\t\t\t<\/div>\n\t\t<\/section>\n\t\t\t\t<section class=\"elementor-section elementor-top-section elementor-element elementor-element-a25be78 elementor-section-boxed elementor-section-height-default elementor-section-height-default\" data-id=\"a25be78\" data-element_type=\"section\" data-e-type=\"section\">\n\t\t\t\t\t\t<div class=\"elementor-container elementor-column-gap-default\">\n\t\t\t\t\t<div class=\"elementor-column elementor-col-33 elementor-top-column elementor-element elementor-element-7ab23ad\" data-id=\"7ab23ad\" data-element_type=\"column\" data-e-type=\"column\">\n\t\t\t<div class=\"elementor-widget-wrap elementor-element-populated\">\n\t\t\t\t\t\t<div class=\"elementor-element elementor-element-38e2bf4 elementor-widget elementor-widget-text-editor\" data-id=\"38e2bf4\" data-element_type=\"widget\" data-e-type=\"widget\" data-widget_type=\"text-editor.default\">\n\t\t\t\t<div class=\"elementor-widget-container\">\n\t\t\t\t\t\t\t\t\t<p style=\"margin-bottom: 0px;\">Sewer Inspection Ahuntsic<br \/>\nSewer Inspection Anjou<br \/>\nSewer Inspection Auteuil<br \/>\nSewer Inspection Beaconsfield<br \/>\nSewer Inspection Beauharnois<br \/>\nSewer Inspection Beloeil<br \/>\nSewer Inspection Blainville<br \/>\nSewer Inspection Bois-des-Filion<br \/>\nSewer Inspection Boisbriand<br \/>\nSewer Inspection Boucherville<br \/>\nSewer Inspection Brossard<br \/>\nSewer Inspection Brownsburg-Chatham<br \/>\nSewer Inspection Candiac<br \/>\nSewer Inspection Carignan<br \/>\nSewer Inspection Cartierville<br \/>\nSewer Inspection Chambly<br \/>\nSewer Inspection Charlemagne<br \/>\nSewer Inspection Chateauguay<br \/>\nSewer Inspection Chomedey<br \/>\nSewer Inspection Contrecoeur<br \/>\nSewer inspection Cote des Neiges<br \/>\nSewer Inspection Cote Saint Luc<br \/>\nSewer Inspection D.D.O.<br \/>\nSewer Inspection Delson<br \/>\nSewer Inspection Deux-Montagnes<br \/>\nSewer Inspection Dorval<br \/>\nSewer Inspection Duvernay<br \/>\nSewer Inspection L\u2019\u00c9piphanie<br \/>\nSewer Inspection Fabreville<br \/>\nSewer Inspection Farnham<br \/>\nSewer Inspection Greenfield Park<br \/>\nSewer Inspection Hampstead<br \/>\nSewer Inspection Hampstead<br \/>\nSewer Inspection Hudson<br \/>\nSewer Inspection \u00cele-Perrot<br \/>\nSewer Inspection \u00cele-Bizard<\/p>\t\t\t\t\t\t\t\t<\/div>\n\t\t\t\t<\/div>\n\t\t\t\t\t<\/div>\n\t\t<\/div>\n\t\t\t\t<div class=\"elementor-column elementor-col-33 elementor-top-column elementor-element elementor-element-e6a76a7\" data-id=\"e6a76a7\" data-element_type=\"column\" data-e-type=\"column\">\n\t\t\t<div class=\"elementor-widget-wrap elementor-element-populated\">\n\t\t\t\t\t\t<div class=\"elementor-element elementor-element-5c50523 elementor-widget elementor-widget-text-editor\" data-id=\"5c50523\" data-element_type=\"widget\" data-e-type=\"widget\" data-widget_type=\"text-editor.default\">\n\t\t\t\t<div class=\"elementor-widget-container\">\n\t\t\t\t\t\t\t\t\t<p style=\"margin-bottom: 0px;\">Sewer Inspection Kirkland<br \/>\nSewer Inspection La Prairie<br \/>\nSewer Inspection Lachine<br \/>\nSewer Inspection Lachute<br \/>\nSewer Inspection LaSalle<br \/>\nSewer Inspection Lorraine<br \/>\nSewer Inspection Laval<br \/>\nSewer Inspection Laval<br \/>\nSewer Inspection Laval West<br \/>\nSewer Inspection Lavaltrie<br \/>\nSewer Inspection Longueuil<br \/>\nSewer Inspection Maisonneuve<br \/>\nSewer Inspection Mascouche<br \/>\nSewer Inspection Mercier<br \/>\nSewer Inspection Mirabel<br \/>\nSewer Inspection Mont-Saint-Hilaire<br \/>\nSewer Inspection Montreal<br \/>\nSewer Inspection Morin-Heights<br \/>\nSewer Inspection Piedmont<br \/>\nSewer Inspection Pierrefonds<br \/>\nSewer Inspection Plateau-Mont-Royal<br \/>\nSewer Inspection Pointe-aux-Trembles<br \/>\nSewer Inspection Pointe-Claire<br \/>\nSewer Inspection Pont-Viau<br \/>\nSewer Inspection Pr\u00e9vost<br \/>\nSewer Inspection Repentigny<br \/>\nSewer Inspection Richelieu<br \/>\nSewer Inspection Rigaud<br \/>\nSewer Inspection Rivi\u00e8re-des-Prairies<br \/>\nSewer Inspection Rosem\u00e8re<br \/>\nSewer Inspection Rosemont<br \/>\nSewer Inspection Roxboro<br \/>\nSewer Inspection Saint Basile le Grand<br \/>\nSewer Inspection Saint Bruno<br \/>\nSewer Inspection Saint Calixte<br \/>\nSewer Inspection Saint Colomban<\/p>\t\t\t\t\t\t\t\t<\/div>\n\t\t\t\t<\/div>\n\t\t\t\t\t<\/div>\n\t\t<\/div>\n\t\t\t\t<div class=\"elementor-column elementor-col-33 elementor-top-column elementor-element elementor-element-7ab9b7c\" data-id=\"7ab9b7c\" data-element_type=\"column\" data-e-type=\"column\">\n\t\t\t<div class=\"elementor-widget-wrap elementor-element-populated\">\n\t\t\t\t\t\t<div class=\"elementor-element elementor-element-e9a3890 elementor-widget elementor-widget-text-editor\" data-id=\"e9a3890\" data-element_type=\"widget\" data-e-type=\"widget\" data-widget_type=\"text-editor.default\">\n\t\t\t\t<div class=\"elementor-widget-container\">\n\t\t\t\t\t\t\t\t\t<p style=\"margin-bottom: 0px;\">Sewer Inspection Saint Constant<br \/>\nSewer Inspection Saint Eustache<br \/>\nSewer Inspection Saint Fran\u00e7ois<br \/>\nSewer Inspection Saint Hippolyte<br \/>\nSewer Inspection Saint Jerome<br \/>\nSewer Inspection Saint Lambert<br \/>\nSewer Inspection Saint Lazare<br \/>\nSewer Inspection Saint Leonard<br \/>\nSewer Inspection Saint Lin Laurentides<br \/>\nSewer Inspection Saint Michel<br \/>\nSewer Inspection Saint Sauveur<br \/>\nSewer Inspection Saint Vincent de Paul<br \/>\nSewer Inspection Saint-Adolphe d'Howard<br \/>\nSewer Inspection Sainte Adele<br \/>\nSewer Inspection Sainte Agathe des Monts<br \/>\nSewer Inspection Sainte Anne de Bellevue<br \/>\nSewer Inspection Sainte Anne des Monts<br \/>\nSewer Inspection Sainte Anne des Plaines<br \/>\nSewer Inspection Sainte Dorothee<br \/>\nSewer Inspection Sainte Genevieve<br \/>\nSewer Inspection Sainte Julie<br \/>\nSewer Inspection Sainte Rose<br \/>\nSewer Inspection Sainte Sophie<br \/>\nSewer Inspection Sainte Therese<br \/>\nSewer Inspection Terrebonne<br \/>\nSewer Inspection Val-Morin<br \/>\nSewer Inspection Valleyfield<br \/>\nSewer Inspection Varennes<br \/>\nSewer Inspection Vaudreuil Dorion<br \/>\nSewer Inspection Verdun<br \/>\nSewer Inspection Ville-Marie<br \/>\nSewer Inspection Town of Mount Royal<br \/>\nSewer Inspection Saint-Laurent<br \/>\nSewer Inspection Villeray<br \/>\nSewer Inspection Vimont<br \/>\nSewer Inspection Westmount<\/p>\t\t\t\t\t\t\t\t<\/div>\n\t\t\t\t<\/div>\n\t\t\t\t\t<\/div>\n\t\t<\/div>\n\t\t\t\t\t<\/div>\n\t\t<\/section>\n\t\t\t\t<section class=\"elementor-section elementor-top-section elementor-element elementor-element-7e048fb elementor-section-boxed elementor-section-height-default elementor-section-height-default\" data-id=\"7e048fb\" data-element_type=\"section\" data-e-type=\"section\">\n\t\t\t\t\t\t<div class=\"elementor-container elementor-column-gap-default\">\n\t\t\t\t\t<div class=\"elementor-column elementor-col-100 elementor-top-column elementor-element elementor-element-bbb10d0\" data-id=\"bbb10d0\" data-element_type=\"column\" data-e-type=\"column\">\n\t\t\t<div class=\"elementor-widget-wrap elementor-element-populated\">\n\t\t\t\t\t\t<div class=\"elementor-element elementor-element-1c9559c elementor-widget elementor-widget-spacer\" data-id=\"1c9559c\" data-element_type=\"widget\" data-e-type=\"widget\" data-widget_type=\"spacer.default\">\n\t\t\t\t<div class=\"elementor-widget-container\">\n\t\t\t\t\t\t\t<div class=\"elementor-spacer\">\n\t\t\t<div class=\"elementor-spacer-inner\"><\/div>\n\t\t<\/div>\n\t\t\t\t\t\t<\/div>\n\t\t\t\t<\/div>\n\t\t\t\t<div class=\"elementor-element elementor-element-2594cd7 elementor-widget elementor-widget-text-editor\" data-id=\"2594cd7\" data-element_type=\"widget\" data-e-type=\"widget\" data-widget_type=\"text-editor.default\">\n\t\t\t\t<div class=\"elementor-widget-container\">\n\t\t\t\t\t\t\t\t\t<p style=\"text-align: center; margin-bottom: 5px; font-size: 20px;\"><strong style=\"color: #333333;\">R\u00e9seau Drain - INSPECTION<\/strong><\/p><p style=\"text-align: center; margin-bottom: 10px; font-size: 16px; color: #666666;\">Professional drain inspection and diagnosis throughout Montreal and surrounding areas.<\/p><p style=\"text-align: center; margin-bottom: 5px; font-size: 16px;\"><span style=\"color: #333333;\">Contact us for an inspection:<\/span><\/p><p style=\"text-align: center; margin-bottom: 0; font-size: 20px; font-weight: bold;\"><span style=\"color: #333333;\">Montreal and area :<\/span><br \/><a style=\"color: #ff6633; text-decoration: none;\" href=\"tel:514-433-9291\">514-433-9291<\/a><\/p><p style=\"text-align: center; margin-bottom: 0; font-size: 20px; font-weight: bold;\"><span style=\"color: #333333;\">Free of charge :<\/span><br \/><a style=\"color: #ff6633; text-decoration: none;\" href=\"tel:1-800-672-0493\">1-800-672-0493<\/a><\/p>\t\t\t\t\t\t\t\t<\/div>\n\t\t\t\t<\/div>\n\t\t\t\t<div class=\"elementor-element elementor-element-c8545b8 elementor-align-center elementor-widget elementor-widget-button\" data-id=\"c8545b8\" data-element_type=\"widget\" data-e-type=\"widget\" data-widget_type=\"button.default\">\n\t\t\t\t<div class=\"elementor-widget-container\">\n\t\t\t\t\t\t\t\t\t<div class=\"elementor-button-wrapper\">\n\t\t\t\t\t<a class=\"elementor-button elementor-button-link elementor-size-sm\" href=\"https:\/\/www.reseaudrain.com\/en\/contact-us\/\">\n\t\t\t\t\t\t<span class=\"elementor-button-content-wrapper\">\n\t\t\t\t\t\t\t\t\t<span class=\"elementor-button-text\">Contact us<\/span>\n\t\t\t\t\t<\/span>\n\t\t\t\t\t<\/a>\n\t\t\t\t<\/div>\n\t\t\t\t\t\t\t\t<\/div>\n\t\t\t\t<\/div>\n\t\t\t\t<div class=\"elementor-element elementor-element-030e66d elementor-widget elementor-widget-spacer\" data-id=\"030e66d\" data-element_type=\"widget\" data-e-type=\"widget\" data-widget_type=\"spacer.default\">\n\t\t\t\t<div class=\"elementor-widget-container\">\n\t\t\t\t\t\t\t<div class=\"elementor-spacer\">\n\t\t\t<div class=\"elementor-spacer-inner\"><\/div>\n\t\t<\/div>\n\t\t\t\t\t\t<\/div>\n\t\t\t\t<\/div>\n\t\t\t\t\t<\/div>\n\t\t<\/div>\n\t\t\t\t\t<\/div>\n\t\t<\/section>\n\t\t\t\t<\/div>","protected":false},"excerpt":{"rendered":"<p>Inspection D&rsquo;\u00e9gout Le drain d&rsquo;\u00e9gout est responsable pour plus de 80 % des probl\u00e8mes de drain et demande une inspection et un entretien pr\u00e9ventif.. L\u2019intrusion des racines est la cause la plus \u00e9ventuelle causant des blocages de drains dans les \u00e9gouts et dans les eaux pluviales, c\u2019est le probl\u00e8me le plus destructeur qu\u2019un propri\u00e9taire peut [&hellip;]<\/p>\n","protected":false},"author":1,"featured_media":0,"parent":0,"menu_order":0,"comment_status":"closed","ping_status":"closed","template":"","meta":{"footnotes":""},"class_list":["post-258","page","type-page","status-publish","hentry"],"_links":{"self":[{"href":"https:\/\/www.reseaudrain.com\/en\/wp-json\/wp\/v2\/pages\/258","targetHints":{"allow":["GET"]}}],"collection":[{"href":"https:\/\/www.reseaudrain.com\/en\/wp-json\/wp\/v2\/pages"}],"about":[{"href":"https:\/\/www.reseaudrain.com\/en\/wp-json\/wp\/v2\/types\/page"}],"author":[{"embeddable":true,"href":"https:\/\/www.reseaudrain.com\/en\/wp-json\/wp\/v2\/users\/1"}],"replies":[{"embeddable":true,"href":"https:\/\/www.reseaudrain.com\/en\/wp-json\/wp\/v2\/comments?post=258"}],"version-history":[{"count":80,"href":"https:\/\/www.reseaudrain.com\/en\/wp-json\/wp\/v2\/pages\/258\/revisions"}],"predecessor-version":[{"id":3629,"href":"https:\/\/www.reseaudrain.com\/en\/wp-json\/wp\/v2\/pages\/258\/revisions\/3629"}],"wp:attachment":[{"href":"https:\/\/www.reseaudrain.com\/en\/wp-json\/wp\/v2\/media?parent=258"}],"curies":[{"name":"wp","href":"https:\/\/api.w.org\/{rel}","templated":true}]}}