{"id":260,"date":"2020-04-17T04:20:47","date_gmt":"2020-04-17T04:20:47","guid":{"rendered":"https:\/\/www.reseaudrain.com\/?page_id=260"},"modified":"2026-03-30T01:39:20","modified_gmt":"2026-03-30T01:39:20","slug":"french-drain-inspection","status":"publish","type":"page","link":"https:\/\/www.reseaudrain.com\/en\/inspection-drain-francais\/","title":{"rendered":"French Drain Inspection in Quebec | R\u00e9seau Drain Quebec"},"content":{"rendered":"<div data-elementor-type=\"wp-page\" data-elementor-id=\"260\" class=\"elementor elementor-260\" data-elementor-post-type=\"page\">\n\t\t\t\t\t\t<section class=\"elementor-section elementor-top-section elementor-element elementor-element-3eaa8b4 elementor-section-boxed elementor-section-height-default elementor-section-height-default\" data-id=\"3eaa8b4\" data-element_type=\"section\" data-e-type=\"section\">\n\t\t\t\t\t\t<div class=\"elementor-container elementor-column-gap-default\">\n\t\t\t\t\t<div class=\"elementor-column elementor-col-100 elementor-top-column elementor-element elementor-element-4b70a86\" data-id=\"4b70a86\" data-element_type=\"column\" data-e-type=\"column\">\n\t\t\t<div class=\"elementor-widget-wrap elementor-element-populated\">\n\t\t\t\t\t\t<div class=\"elementor-element elementor-element-9c06749 elementor-widget elementor-widget-image\" data-id=\"9c06749\" data-element_type=\"widget\" data-e-type=\"widget\" data-widget_type=\"image.default\">\n\t\t\t\t<div class=\"elementor-widget-container\">\n\t\t\t\t\t\t\t\t\t\t\t\t\t\t\t<img fetchpriority=\"high\" decoding=\"async\" width=\"1536\" height=\"1024\" src=\"https:\/\/www.reseaudrain.com\/wp-content\/uploads\/2026\/03\/Inspection-de-drain-exterieur-en-cours.png\" class=\"attachment-full size-full wp-image-2339\" alt=\"\" srcset=\"https:\/\/www.reseaudrain.com\/wp-content\/uploads\/2026\/03\/Inspection-de-drain-exterieur-en-cours.png 1536w, https:\/\/www.reseaudrain.com\/wp-content\/uploads\/2026\/03\/Inspection-de-drain-exterieur-en-cours-300x200.png 300w, https:\/\/www.reseaudrain.com\/wp-content\/uploads\/2026\/03\/Inspection-de-drain-exterieur-en-cours-1024x683.png 1024w, https:\/\/www.reseaudrain.com\/wp-content\/uploads\/2026\/03\/Inspection-de-drain-exterieur-en-cours-768x512.png 768w, https:\/\/www.reseaudrain.com\/wp-content\/uploads\/2026\/03\/Inspection-de-drain-exterieur-en-cours-18x12.png 18w, https:\/\/www.reseaudrain.com\/wp-content\/uploads\/2026\/03\/Inspection-de-drain-exterieur-en-cours-1200x800.png 1200w\" sizes=\"(max-width: 1536px) 100vw, 1536px\" \/>\t\t\t\t\t\t\t\t\t\t\t\t\t\t\t<\/div>\n\t\t\t\t<\/div>\n\t\t\t\t\t<\/div>\n\t\t<\/div>\n\t\t\t\t\t<\/div>\n\t\t<\/section>\n\t\t\t\t<section class=\"elementor-section elementor-top-section elementor-element elementor-element-c53dfcc elementor-section-boxed elementor-section-height-default elementor-section-height-default\" data-id=\"c53dfcc\" data-element_type=\"section\" data-e-type=\"section\">\n\t\t\t\t\t\t<div class=\"elementor-container elementor-column-gap-default\">\n\t\t\t\t\t<div class=\"elementor-column elementor-col-100 elementor-top-column elementor-element elementor-element-9af0aca\" data-id=\"9af0aca\" data-element_type=\"column\" data-e-type=\"column\">\n\t\t\t<div class=\"elementor-widget-wrap elementor-element-populated\">\n\t\t\t\t\t\t<div class=\"elementor-element elementor-element-2da7ae0 elementor-widget elementor-widget-heading\" data-id=\"2da7ae0\" data-element_type=\"widget\" data-e-type=\"widget\" data-widget_type=\"heading.default\">\n\t\t\t\t<div class=\"elementor-widget-container\">\n\t\t\t\t\t<h1 class=\"elementor-heading-title elementor-size-default\">French Drain Inspection<\/h1>\t\t\t\t<\/div>\n\t\t\t\t<\/div>\n\t\t\t\t<div class=\"elementor-element elementor-element-cc47088 elementor-widget elementor-widget-heading\" data-id=\"cc47088\" data-element_type=\"widget\" data-e-type=\"widget\" data-widget_type=\"heading.default\">\n\t\t\t\t<div class=\"elementor-widget-container\">\n\t\t\t\t\t<h2 class=\"elementor-heading-title elementor-size-default\">French drain inspections are carried out through access points that were installed at the same time as the foundation drainage system.<\/h2>\t\t\t\t<\/div>\n\t\t\t\t<\/div>\n\t\t\t\t\t<\/div>\n\t\t<\/div>\n\t\t\t\t\t<\/div>\n\t\t<\/section>\n\t\t\t\t<section class=\"elementor-section elementor-top-section elementor-element elementor-element-947898a elementor-section-boxed elementor-section-height-default elementor-section-height-default\" data-id=\"947898a\" data-element_type=\"section\" data-e-type=\"section\">\n\t\t\t\t\t\t<div class=\"elementor-container elementor-column-gap-default\">\n\t\t\t\t\t<div class=\"elementor-column elementor-col-50 elementor-top-column elementor-element elementor-element-0fa0b19\" data-id=\"0fa0b19\" data-element_type=\"column\" data-e-type=\"column\">\n\t\t\t<div class=\"elementor-widget-wrap elementor-element-populated\">\n\t\t\t\t\t\t<div class=\"elementor-element elementor-element-763e25f elementor-widget elementor-widget-text-editor\" data-id=\"763e25f\" data-element_type=\"widget\" data-e-type=\"widget\" data-widget_type=\"text-editor.default\">\n\t\t\t\t<div class=\"elementor-widget-container\">\n\t\t\t\t\t\t\t\t\t<div class=\"elementor-element elementor-element-a9f9212 elementor-widget elementor-widget-text-editor\" data-id=\"a9f9212\" data-element_type=\"widget\" data-e-type=\"widget\" data-widget_type=\"text-editor.default\"><div class=\"elementor-widget-container\"><p>These trees have root systems that grow in search of moisture-rich soil and, unfortunately for homeowners, they are attracted to the humidity that forms on the crown of the sewer pipe.<\/p><\/div><\/div><div class=\"elementor-element elementor-element-c4e37ea elementor-widget elementor-widget-text-editor\" data-id=\"c4e37ea\" data-element_type=\"widget\" data-e-type=\"widget\" data-widget_type=\"text-editor.default\"><div class=\"elementor-widget-container\"><p>This moisture develops on the crown of the sewer line through condensation. As warm air passes through a cold pipe, condensation forms and creates droplets along the outside of the pipe. These water droplets attract roots.<\/p><\/div><\/div>\t\t\t\t\t\t\t\t<\/div>\n\t\t\t\t<\/div>\n\t\t\t\t\t<\/div>\n\t\t<\/div>\n\t\t\t\t<div class=\"elementor-column elementor-col-50 elementor-top-column elementor-element elementor-element-2b61a05\" data-id=\"2b61a05\" data-element_type=\"column\" data-e-type=\"column\">\n\t\t\t<div class=\"elementor-widget-wrap elementor-element-populated\">\n\t\t\t\t\t\t<div class=\"elementor-element elementor-element-e91608b elementor-widget elementor-widget-image\" data-id=\"e91608b\" data-element_type=\"widget\" data-e-type=\"widget\" data-widget_type=\"image.default\">\n\t\t\t\t<div class=\"elementor-widget-container\">\n\t\t\t\t\t\t\t\t\t\t\t\t\t\t\t<img decoding=\"async\" width=\"267\" height=\"182\" src=\"https:\/\/www.reseaudrain.com\/wp-content\/uploads\/2020\/04\/cheminees_d-acces_drain_francais-1.jpg\" class=\"attachment-large size-large wp-image-404\" alt=\"french drain access tracks\" \/>\t\t\t\t\t\t\t\t\t\t\t\t\t\t\t<\/div>\n\t\t\t\t<\/div>\n\t\t\t\t\t<\/div>\n\t\t<\/div>\n\t\t\t\t\t<\/div>\n\t\t<\/section>\n\t\t\t\t<section class=\"elementor-section elementor-top-section elementor-element elementor-element-78aabb9 elementor-section-boxed elementor-section-height-default elementor-section-height-default\" data-id=\"78aabb9\" data-element_type=\"section\" data-e-type=\"section\">\n\t\t\t\t\t\t<div class=\"elementor-container elementor-column-gap-default\">\n\t\t\t\t\t<div class=\"elementor-column elementor-col-100 elementor-top-column elementor-element elementor-element-1ca7fe2\" data-id=\"1ca7fe2\" data-element_type=\"column\" data-e-type=\"column\">\n\t\t\t<div class=\"elementor-widget-wrap elementor-element-populated\">\n\t\t\t\t\t\t<div class=\"elementor-element elementor-element-22c515b elementor-widget elementor-widget-heading\" data-id=\"22c515b\" data-element_type=\"widget\" data-e-type=\"widget\" data-widget_type=\"heading.default\">\n\t\t\t\t<div class=\"elementor-widget-container\">\n\t\t\t\t\t<h2 class=\"elementor-heading-title elementor-size-default\">French Drain Camera Inspection<\/h2>\t\t\t\t<\/div>\n\t\t\t\t<\/div>\n\t\t\t\t<div class=\"elementor-element elementor-element-033fff9 elementor-widget elementor-widget-text-editor\" data-id=\"033fff9\" data-element_type=\"widget\" data-e-type=\"widget\" data-widget_type=\"text-editor.default\">\n\t\t\t\t<div class=\"elementor-widget-container\">\n\t\t\t\t\t\t\t\t\t<div class=\"elementor-element elementor-element-ac386fe elementor-widget elementor-widget-text-editor\" data-id=\"ac386fe\" data-element_type=\"widget\" data-e-type=\"widget\" data-widget_type=\"text-editor.default\"><div class=\"elementor-widget-container\">Drain inspection by video camera uses a small transmitter installed inside the camera head that sends a signal to the surface, allowing us to accurately determine\u2014using an electronic locator\u2014the location, depth, and direction of the piping we are visually inspecting. With this precise location and visual data, we are able to provide you with clear information to answer all your questions.<\/div><\/div><div class=\"elementor-element elementor-element-600704a elementor-widget elementor-widget-text-editor\" data-id=\"600704a\" data-element_type=\"widget\" data-e-type=\"widget\" data-widget_type=\"text-editor.default\"><div class=\"elementor-widget-container\">The use of high-tech inspection equipment allows us not only to directly locate one or more problems in your drain (broken, cracked, disconnected, or blocked), but also to determine the exact cause of the issue and what needs to be done to fix it.<\/div><\/div>\t\t\t\t\t\t\t\t<\/div>\n\t\t\t\t<\/div>\n\t\t\t\t\t<\/div>\n\t\t<\/div>\n\t\t\t\t\t<\/div>\n\t\t<\/section>\n\t\t\t\t<section class=\"elementor-section elementor-top-section elementor-element elementor-element-52b8128 elementor-section-boxed elementor-section-height-default elementor-section-height-default\" data-id=\"52b8128\" data-element_type=\"section\" data-e-type=\"section\">\n\t\t\t\t\t\t<div class=\"elementor-container elementor-column-gap-default\">\n\t\t\t\t\t<div class=\"elementor-column elementor-col-100 elementor-top-column elementor-element elementor-element-7dfe905\" data-id=\"7dfe905\" data-element_type=\"column\" data-e-type=\"column\">\n\t\t\t<div class=\"elementor-widget-wrap elementor-element-populated\">\n\t\t\t\t\t\t<div class=\"elementor-element elementor-element-a235c32 elementor-widget elementor-widget-heading\" data-id=\"a235c32\" data-element_type=\"widget\" data-e-type=\"widget\" data-widget_type=\"heading.default\">\n\t\t\t\t<div class=\"elementor-widget-container\">\n\t\t\t\t\t<h2 class=\"elementor-heading-title elementor-size-default\">French drain camera inspection, order your inspection directly with R\u00e9seau Drain.<\/h2>\t\t\t\t<\/div>\n\t\t\t\t<\/div>\n\t\t\t\t\t<\/div>\n\t\t<\/div>\n\t\t\t\t\t<\/div>\n\t\t<\/section>\n\t\t\t\t<section class=\"elementor-section elementor-top-section elementor-element elementor-element-f74dd76 elementor-section-boxed elementor-section-height-default elementor-section-height-default\" data-id=\"f74dd76\" data-element_type=\"section\" data-e-type=\"section\" data-no-translation=\"\">\n\t\t\t\t\t\t<div class=\"elementor-container elementor-column-gap-default\">\n\t\t\t\t\t<div class=\"elementor-column elementor-col-33 elementor-top-column elementor-element elementor-element-3b91039\" data-id=\"3b91039\" data-element_type=\"column\" data-e-type=\"column\">\n\t\t\t<div class=\"elementor-widget-wrap elementor-element-populated\">\n\t\t\t\t\t\t<div class=\"elementor-element elementor-element-13fb005 elementor-widget elementor-widget-text-editor\" data-id=\"13fb005\" data-element_type=\"widget\" data-e-type=\"widget\" data-widget_type=\"text-editor.default\">\n\t\t\t\t<div class=\"elementor-widget-container\">\n\t\t\t\t\t\t\t\t\t<p style=\"margin-bottom: 0px;\">French Drain Inspection Ahuntsic<br \/>French Drain Inspection Anjou<br \/>French Drain Inspection Auteuil<br \/>French Drain Inspection Beaconsfield<br \/>French Drain Inspection Beauharnois<br \/>French Drain Inspection Beloeil<br \/>French Drain Inspection Blainville<br \/>French Drain Inspection Bois des Filion<br \/>French Drain Inspection Boisbriand<br \/>French Drain Inspection Boucherville<br \/>French Drain Inspection Brossard<br \/>French Drain Inspection Brownsburg-Chatham<br \/>French Drain Inspection Candiac<br \/>French Drain Inspection Carignan<br \/>French Drain Inspection Cartierville<br \/>French Drain Inspection Chambly<br \/>French Drain Inspection Charlemagne<br \/>French Drain Inspection Chateauguay<br \/>French Drain Inspection Chomedey<br \/>French Drain Inspection Contrecoeur<br \/>French Drain Inspection Cote des Neiges<br \/>French Drain Inspection Cote Saint Luc<br \/>French Drain Inspection D.D.O<br \/>French Drain Inspection Delson<br \/>French Drain Inspection Deux-Montagnes<br \/>French Drain Inspection Dorval<br \/>French Drain Inspection Duvernay<br \/>French Drain Inspection Epiphanie<br \/>French Drain Inspection Fabreville<br \/>French Drain Inspection Farnham<br \/>French Drain Inspection Greenfield Park<br \/>French Drain Inspection Hampstead<br \/>French Drain Inspection Hampstead<br \/>French Drain Inspection Hudson<br \/>French Drain Inspection Ile Perrot<br \/>French Drain Inspection Ile-Bizard<\/p>\t\t\t\t\t\t\t\t<\/div>\n\t\t\t\t<\/div>\n\t\t\t\t\t<\/div>\n\t\t<\/div>\n\t\t\t\t<div class=\"elementor-column elementor-col-33 elementor-top-column elementor-element elementor-element-aa7f95a\" data-id=\"aa7f95a\" data-element_type=\"column\" data-e-type=\"column\">\n\t\t\t<div class=\"elementor-widget-wrap elementor-element-populated\">\n\t\t\t\t\t\t<div class=\"elementor-element elementor-element-57865f8 elementor-widget elementor-widget-text-editor\" data-id=\"57865f8\" data-element_type=\"widget\" data-e-type=\"widget\" data-widget_type=\"text-editor.default\">\n\t\t\t\t<div class=\"elementor-widget-container\">\n\t\t\t\t\t\t\t\t\t<p style=\"margin-bottom: 0px;\">French Drain Inspection Kirkland<br \/>French Drain Inspection La Prairie<br \/>French Drain Inspection Lachine<br \/>French Drain Inspection Lachute<br \/>French Drain Inspection LaSalle<br \/>French Drain Inspection Lorraine<br \/>French Drain Inspection Laval<br \/>French Drain Inspection Laval des Rapides<br \/>French Drain Inspection Laval Ouest<br \/>French Drain Inspection Lavaltrie<br \/>French Drain Inspection Longueuil<br \/>French Drain Inspection Maisonneuve<br \/>French Drain Inspection Mascouche<br \/>French Drain Inspection Mercier<br \/>French Drain Inspection Mirabel<br \/>French Drain Inspection Mont Saint Hilaire<br \/>French Drain Inspection Montreal<br \/>French Drain Inspection Morin-Heights<br \/>French Drain Inspection Piedmont<br \/>French Drain Inspection Pierrefonds<br \/>French Drain Inspection Plateau-Mont-Royal<br \/>French Drain Inspection Pointe aux Trembles<br \/>French Drain Inspection Pointe Claire<br \/>French Drain Inspection Pont-Viau<br \/>French Drain Inspection Prevost<br \/>French Drain Inspection Repentigny<br \/>French Drain Inspection Richelieu<br \/>French Drain Inspection Rigaud<br \/>French Drain Inspection Riviere des Prairies<br \/>French Drain Inspection Rosemere<br \/>French Drain Inspection Rosemont<br \/>French Drain Inspection Roxboro<br \/>French Drain Inspection Saint Basile le Grand<br \/>French Drain Inspection Saint Bruno<br \/>French Drain Inspection Saint Calixte<br \/>French Drain Inspection Saint Colomban<\/p>\t\t\t\t\t\t\t\t<\/div>\n\t\t\t\t<\/div>\n\t\t\t\t\t<\/div>\n\t\t<\/div>\n\t\t\t\t<div class=\"elementor-column elementor-col-33 elementor-top-column elementor-element elementor-element-39cba96\" data-id=\"39cba96\" data-element_type=\"column\" data-e-type=\"column\">\n\t\t\t<div class=\"elementor-widget-wrap elementor-element-populated\">\n\t\t\t\t\t\t<div class=\"elementor-element elementor-element-14bca07 elementor-widget elementor-widget-text-editor\" data-id=\"14bca07\" data-element_type=\"widget\" data-e-type=\"widget\" data-widget_type=\"text-editor.default\">\n\t\t\t\t<div class=\"elementor-widget-container\">\n\t\t\t\t\t\t\t\t\t<p style=\"margin-bottom: 0px;\">French Drain Inspection Saint Constant<br \/>French Drain Inspection Saint Eustache<br \/>French Drain Inspection Saint Fran\u00e7ois<br \/>French Drain Inspection Saint Hippolyte<br \/>French Drain Inspection Saint Jerome<br \/>French Drain Inspection Saint Lambert<br \/>French Drain Inspection Saint Lazare<br \/>French Drain Inspection Saint Leonard<br \/>French Drain Inspection Saint Lin Laurentides<br \/>French Drain Inspection Saint Michel<br \/>French Drain Inspection Saint Sauveur<br \/>French Drain Inspection Saint Vincent de Paul<br \/>French Drain Inspection St-Adolphe d&rsquo;Howard<br \/>French Drain Inspection Sainte Adele<br \/>French Drain Inspection Ste Agathe des Monts<br \/>French Drain Inspection Ste Anne de Bellevue<br \/>French Drain Inspection Ste Anne des Monts<br \/>French Drain Inspection Ste Anne des Plaines<br \/>French Drain Inspection Sainte Dorothee<br \/>French Drain Inspection Sainte Genevieve<br \/>French Drain Inspection Sainte Julie<br \/>French Drain Inspection Sainte Rose<br \/>French Drain Inspection Sainte Sophie<br \/>French Drain Inspection Sainte Therese<br \/>French Drain Inspection Terrebonne<br \/>French Drain Inspection Val Morin<br \/>French Drain Inspection Valleyfield<br \/>French Drain Inspection Varennes<br \/>French Drain Inspection Vaudreuil Dorion<br \/>French Drain Inspection Verdun<br \/>French Drain Inspection Ville Marie<br \/>French Drain Inspection Ville Mont Royal<br \/>French Drain Inspection Ville Saint Laurent<br \/>French Drain Inspection Villeray<br \/>French Drain Inspection Vimont<br \/>French Drain Inspection Westmount<\/p>\t\t\t\t\t\t\t\t<\/div>\n\t\t\t\t<\/div>\n\t\t\t\t\t<\/div>\n\t\t<\/div>\n\t\t\t\t\t<\/div>\n\t\t<\/section>\n\t\t\t\t<section class=\"elementor-section elementor-top-section elementor-element elementor-element-114d280 elementor-section-boxed elementor-section-height-default elementor-section-height-default\" data-id=\"114d280\" data-element_type=\"section\" data-e-type=\"section\">\n\t\t\t\t\t\t<div class=\"elementor-container elementor-column-gap-default\">\n\t\t\t\t\t<div class=\"elementor-column elementor-col-100 elementor-top-column elementor-element elementor-element-6db6b54\" data-id=\"6db6b54\" data-element_type=\"column\" data-e-type=\"column\">\n\t\t\t<div class=\"elementor-widget-wrap elementor-element-populated\">\n\t\t\t\t\t\t<div class=\"elementor-element elementor-element-be8edd3 elementor-widget elementor-widget-spacer\" data-id=\"be8edd3\" data-element_type=\"widget\" data-e-type=\"widget\" data-widget_type=\"spacer.default\">\n\t\t\t\t<div class=\"elementor-widget-container\">\n\t\t\t\t\t\t\t<div class=\"elementor-spacer\">\n\t\t\t<div class=\"elementor-spacer-inner\"><\/div>\n\t\t<\/div>\n\t\t\t\t\t\t<\/div>\n\t\t\t\t<\/div>\n\t\t\t\t<div class=\"elementor-element elementor-element-3d12fe2 elementor-widget elementor-widget-text-editor\" data-id=\"3d12fe2\" data-element_type=\"widget\" data-e-type=\"widget\" data-widget_type=\"text-editor.default\">\n\t\t\t\t<div class=\"elementor-widget-container\">\n\t\t\t\t\t\t\t\t\t<p style=\"text-align: center; margin-bottom: 5px; font-size: 20px;\"><strong style=\"color: #333333;\">R\u00e9seau Drain - INSPECTION<\/strong><\/p><p style=\"text-align: center; margin-bottom: 10px; font-size: 16px; color: #666666;\">Professional drain inspection and diagnosis throughout Montreal and surrounding areas.<\/p><p style=\"text-align: center; margin-bottom: 5px; font-size: 16px;\"><span style=\"color: #333333;\">Contact us for an inspection:<\/span><\/p><p style=\"text-align: center; margin-bottom: 0; font-size: 20px; font-weight: bold;\"><span style=\"color: #333333;\">Montreal and area :<\/span><br \/><a style=\"color: #ff6633; text-decoration: none;\" href=\"tel:514-433-9291\">514-433-9291<\/a><\/p><p style=\"text-align: center; margin-bottom: 0; font-size: 20px; font-weight: bold;\"><span style=\"color: #333333;\">Free of charge :<\/span><br \/><a style=\"color: #ff6633; text-decoration: none;\" href=\"tel:1-800-672-0493\">1-800-672-0493<\/a><\/p>\t\t\t\t\t\t\t\t<\/div>\n\t\t\t\t<\/div>\n\t\t\t\t<div class=\"elementor-element elementor-element-9c41163 elementor-align-center elementor-widget elementor-widget-button\" data-id=\"9c41163\" data-element_type=\"widget\" data-e-type=\"widget\" data-widget_type=\"button.default\">\n\t\t\t\t<div class=\"elementor-widget-container\">\n\t\t\t\t\t\t\t\t\t<div class=\"elementor-button-wrapper\">\n\t\t\t\t\t<a class=\"elementor-button elementor-button-link elementor-size-sm\" href=\"https:\/\/www.reseaudrain.com\/en\/contact-us\/\">\n\t\t\t\t\t\t<span class=\"elementor-button-content-wrapper\">\n\t\t\t\t\t\t\t\t\t<span class=\"elementor-button-text\">Contact us<\/span>\n\t\t\t\t\t<\/span>\n\t\t\t\t\t<\/a>\n\t\t\t\t<\/div>\n\t\t\t\t\t\t\t\t<\/div>\n\t\t\t\t<\/div>\n\t\t\t\t<div class=\"elementor-element elementor-element-ebd9f91 elementor-widget elementor-widget-spacer\" data-id=\"ebd9f91\" data-element_type=\"widget\" data-e-type=\"widget\" data-widget_type=\"spacer.default\">\n\t\t\t\t<div class=\"elementor-widget-container\">\n\t\t\t\t\t\t\t<div class=\"elementor-spacer\">\n\t\t\t<div class=\"elementor-spacer-inner\"><\/div>\n\t\t<\/div>\n\t\t\t\t\t\t<\/div>\n\t\t\t\t<\/div>\n\t\t\t\t\t<\/div>\n\t\t<\/div>\n\t\t\t\t\t<\/div>\n\t\t<\/section>\n\t\t\t\t<\/div>","protected":false},"excerpt":{"rendered":"<p>Inspection de Drain Fran\u00e7ais L\u2019inspection de drain fran\u00e7ais se fait via les chemin\u00e9es d&rsquo;acc\u00e8s qui ont \u00e9t\u00e9 mises en place au m\u00eame moment de l&rsquo;installation des drains de fondation.. Ces arbres ont des syst\u00e8mes racinaires qui poussent \u00e0 la recherche de sols riches en eau et malheureusement pour les propri\u00e9taires, ils sont attir\u00e9s par l\u2019humidit\u00e9 [&hellip;]<\/p>\n","protected":false},"author":1,"featured_media":0,"parent":0,"menu_order":0,"comment_status":"closed","ping_status":"closed","template":"elementor_header_footer","meta":{"footnotes":""},"class_list":["post-260","page","type-page","status-publish","hentry"],"_links":{"self":[{"href":"https:\/\/www.reseaudrain.com\/en\/wp-json\/wp\/v2\/pages\/260","targetHints":{"allow":["GET"]}}],"collection":[{"href":"https:\/\/www.reseaudrain.com\/en\/wp-json\/wp\/v2\/pages"}],"about":[{"href":"https:\/\/www.reseaudrain.com\/en\/wp-json\/wp\/v2\/types\/page"}],"author":[{"embeddable":true,"href":"https:\/\/www.reseaudrain.com\/en\/wp-json\/wp\/v2\/users\/1"}],"replies":[{"embeddable":true,"href":"https:\/\/www.reseaudrain.com\/en\/wp-json\/wp\/v2\/comments?post=260"}],"version-history":[{"count":95,"href":"https:\/\/www.reseaudrain.com\/en\/wp-json\/wp\/v2\/pages\/260\/revisions"}],"predecessor-version":[{"id":3633,"href":"https:\/\/www.reseaudrain.com\/en\/wp-json\/wp\/v2\/pages\/260\/revisions\/3633"}],"wp:attachment":[{"href":"https:\/\/www.reseaudrain.com\/en\/wp-json\/wp\/v2\/media?parent=260"}],"curies":[{"name":"wp","href":"https:\/\/api.w.org\/{rel}","templated":true}]}}