{"id":263,"date":"2020-04-17T04:22:24","date_gmt":"2020-04-17T04:22:24","guid":{"rendered":"https:\/\/www.reseaudrain.com\/?page_id=263"},"modified":"2026-03-30T01:42:59","modified_gmt":"2026-03-30T01:42:59","slug":"roof-drain-inspection","status":"publish","type":"page","link":"https:\/\/www.reseaudrain.com\/en\/inspection-drain-toiture\/","title":{"rendered":"Roof Drain Inspection | R\u00e9seau Drain Quebec"},"content":{"rendered":"<div data-elementor-type=\"wp-page\" data-elementor-id=\"263\" class=\"elementor elementor-263\" data-elementor-post-type=\"page\">\n\t\t\t\t\t\t<section class=\"elementor-section elementor-top-section elementor-element elementor-element-0e7ce6b elementor-section-boxed elementor-section-height-default elementor-section-height-default\" data-id=\"0e7ce6b\" data-element_type=\"section\" data-e-type=\"section\">\n\t\t\t\t\t\t<div class=\"elementor-container elementor-column-gap-default\">\n\t\t\t\t\t<div class=\"elementor-column elementor-col-100 elementor-top-column elementor-element elementor-element-405e77f\" data-id=\"405e77f\" data-element_type=\"column\" data-e-type=\"column\">\n\t\t\t<div class=\"elementor-widget-wrap elementor-element-populated\">\n\t\t\t\t\t\t<div class=\"elementor-element elementor-element-ac77b7a elementor-widget elementor-widget-image\" data-id=\"ac77b7a\" data-element_type=\"widget\" data-e-type=\"widget\" data-widget_type=\"image.default\">\n\t\t\t\t<div class=\"elementor-widget-container\">\n\t\t\t\t\t\t\t\t\t\t\t\t\t\t\t<img fetchpriority=\"high\" decoding=\"async\" width=\"1536\" height=\"1024\" src=\"https:\/\/www.reseaudrain.com\/wp-content\/uploads\/2026\/03\/Inspecting-the-drain-on-a-rooftop.png\" class=\"attachment-full size-full wp-image-2344\" alt=\"\" srcset=\"https:\/\/www.reseaudrain.com\/wp-content\/uploads\/2026\/03\/Inspecting-the-drain-on-a-rooftop.png 1536w, https:\/\/www.reseaudrain.com\/wp-content\/uploads\/2026\/03\/Inspecting-the-drain-on-a-rooftop-300x200.png 300w, https:\/\/www.reseaudrain.com\/wp-content\/uploads\/2026\/03\/Inspecting-the-drain-on-a-rooftop-1024x683.png 1024w, https:\/\/www.reseaudrain.com\/wp-content\/uploads\/2026\/03\/Inspecting-the-drain-on-a-rooftop-768x512.png 768w, https:\/\/www.reseaudrain.com\/wp-content\/uploads\/2026\/03\/Inspecting-the-drain-on-a-rooftop-18x12.png 18w, https:\/\/www.reseaudrain.com\/wp-content\/uploads\/2026\/03\/Inspecting-the-drain-on-a-rooftop-1200x800.png 1200w\" sizes=\"(max-width: 1536px) 100vw, 1536px\" \/>\t\t\t\t\t\t\t\t\t\t\t\t\t\t\t<\/div>\n\t\t\t\t<\/div>\n\t\t\t\t\t<\/div>\n\t\t<\/div>\n\t\t\t\t\t<\/div>\n\t\t<\/section>\n\t\t\t\t<section class=\"elementor-section elementor-top-section elementor-element elementor-element-9a55ffd elementor-section-boxed elementor-section-height-default elementor-section-height-default\" data-id=\"9a55ffd\" data-element_type=\"section\" data-e-type=\"section\">\n\t\t\t\t\t\t<div class=\"elementor-container elementor-column-gap-default\">\n\t\t\t\t\t<div class=\"elementor-column elementor-col-100 elementor-top-column elementor-element elementor-element-aec62be\" data-id=\"aec62be\" data-element_type=\"column\" data-e-type=\"column\">\n\t\t\t<div class=\"elementor-widget-wrap elementor-element-populated\">\n\t\t\t\t\t\t<div class=\"elementor-element elementor-element-6b1a889 elementor-widget elementor-widget-heading\" data-id=\"6b1a889\" data-element_type=\"widget\" data-e-type=\"widget\" data-widget_type=\"heading.default\">\n\t\t\t\t<div class=\"elementor-widget-container\">\n\t\t\t\t\t<h1 class=\"elementor-heading-title elementor-size-default\">Roof Drain Inspection<\/h1>\t\t\t\t<\/div>\n\t\t\t\t<\/div>\n\t\t\t\t<div class=\"elementor-element elementor-element-498cecf elementor-widget elementor-widget-heading\" data-id=\"498cecf\" data-element_type=\"widget\" data-e-type=\"widget\" data-widget_type=\"heading.default\">\n\t\t\t\t<div class=\"elementor-widget-container\">\n\t\t\t\t\t<h2 class=\"elementor-heading-title elementor-size-default\">A cracked or clogged roof drain is one of the worst situations a property owner must avoid, as the consequences can be severe and costly.<\/h2>\t\t\t\t<\/div>\n\t\t\t\t<\/div>\n\t\t\t\t\t<\/div>\n\t\t<\/div>\n\t\t\t\t\t<\/div>\n\t\t<\/section>\n\t\t\t\t<section class=\"elementor-section elementor-top-section elementor-element elementor-element-166b9c0 elementor-section-boxed elementor-section-height-default elementor-section-height-default\" data-id=\"166b9c0\" data-element_type=\"section\" data-e-type=\"section\">\n\t\t\t\t\t\t<div class=\"elementor-container elementor-column-gap-default\">\n\t\t\t\t\t<div class=\"elementor-column elementor-col-100 elementor-top-column elementor-element elementor-element-7f26bd6\" data-id=\"7f26bd6\" data-element_type=\"column\" data-e-type=\"column\">\n\t\t\t<div class=\"elementor-widget-wrap elementor-element-populated\">\n\t\t\t\t\t\t<div class=\"elementor-element elementor-element-0bb1530 elementor-widget elementor-widget-text-editor\" data-id=\"0bb1530\" data-element_type=\"widget\" data-e-type=\"widget\" data-widget_type=\"text-editor.default\">\n\t\t\t\t<div class=\"elementor-widget-container\">\n\t\t\t\t\t\t\t\t\t<div class=\"elementor-element elementor-element-13c5ece elementor-widget elementor-widget-text-editor\" data-id=\"13c5ece\" data-element_type=\"widget\" data-e-type=\"widget\" data-widget_type=\"text-editor.default\"><div class=\"elementor-widget-container\"><p>A roof drain inspection is often very useful for detecting water leaks in ceilings and walls. We can identify breaks, cracks, or disconnections in the drain, and an inspection is highly recommended after any roof renovation.<\/p><\/div><\/div><div class=\"elementor-element elementor-element-373d07f elementor-widget elementor-widget-text-editor\" data-id=\"373d07f\" data-element_type=\"widget\" data-e-type=\"widget\" data-widget_type=\"text-editor.default\"><div class=\"elementor-widget-container\"><p style=\"margin-bottom: 0;\">As mentioned earlier, identified issues can range from minor leaks to serious problems caused by events such as storms or debris buildup. During an inspection, the technician may find various signs indicating whether the issue is minor or related to more serious problems.<\/p><\/div><\/div>\t\t\t\t\t\t\t\t<\/div>\n\t\t\t\t<\/div>\n\t\t\t\t\t<\/div>\n\t\t<\/div>\n\t\t\t\t\t<\/div>\n\t\t<\/section>\n\t\t\t\t<section class=\"elementor-section elementor-top-section elementor-element elementor-element-9e4be82 elementor-section-boxed elementor-section-height-default elementor-section-height-default\" data-id=\"9e4be82\" data-element_type=\"section\" data-e-type=\"section\">\n\t\t\t\t\t\t<div class=\"elementor-container elementor-column-gap-default\">\n\t\t\t\t\t<div class=\"elementor-column elementor-col-50 elementor-top-column elementor-element elementor-element-b865d1b\" data-id=\"b865d1b\" data-element_type=\"column\" data-e-type=\"column\">\n\t\t\t<div class=\"elementor-widget-wrap elementor-element-populated\">\n\t\t\t\t\t\t<div class=\"elementor-element elementor-element-1e6db10 elementor-widget elementor-widget-text-editor\" data-id=\"1e6db10\" data-element_type=\"widget\" data-e-type=\"widget\" data-widget_type=\"text-editor.default\">\n\t\t\t\t<div class=\"elementor-widget-container\">\n\t\t\t\t\t\t\t\t\t<p>Your roof drain must remain free of debris, especially during the winter season. Snow, freezing, and thawing can cause your drains to crack. We all know the effects of water freezing inside a pipe. An inspection is recommended at least once a year. A roof drain uses your home\u2019s interior plumbing system to drain water from the roof, eliminating the need for an external drainage system, but it also requires preventive maintenance.<\/p>\t\t\t\t\t\t\t\t<\/div>\n\t\t\t\t<\/div>\n\t\t\t\t\t<\/div>\n\t\t<\/div>\n\t\t\t\t<div class=\"elementor-column elementor-col-50 elementor-top-column elementor-element elementor-element-e605fc0\" data-id=\"e605fc0\" data-element_type=\"column\" data-e-type=\"column\">\n\t\t\t<div class=\"elementor-widget-wrap elementor-element-populated\">\n\t\t\t\t\t\t<div class=\"elementor-element elementor-element-4d52d6a elementor-widget elementor-widget-image\" data-id=\"4d52d6a\" data-element_type=\"widget\" data-e-type=\"widget\" data-widget_type=\"image.default\">\n\t\t\t\t<div class=\"elementor-widget-container\">\n\t\t\t\t\t\t\t\t\t\t\t\t\t\t\t<img decoding=\"async\" width=\"159\" height=\"132\" src=\"https:\/\/www.reseaudrain.com\/wp-content\/uploads\/2020\/04\/Drain-de-toiture.jpg\" class=\"attachment-large size-large wp-image-507\" alt=\"Roof drain\" \/>\t\t\t\t\t\t\t\t\t\t\t\t\t\t\t<\/div>\n\t\t\t\t<\/div>\n\t\t\t\t\t<\/div>\n\t\t<\/div>\n\t\t\t\t\t<\/div>\n\t\t<\/section>\n\t\t\t\t<section class=\"elementor-section elementor-top-section elementor-element elementor-element-a5652b0 elementor-section-boxed elementor-section-height-default elementor-section-height-default\" data-id=\"a5652b0\" data-element_type=\"section\" data-e-type=\"section\">\n\t\t\t\t\t\t<div class=\"elementor-container elementor-column-gap-default\">\n\t\t\t\t\t<div class=\"elementor-column elementor-col-100 elementor-top-column elementor-element elementor-element-835fc3e\" data-id=\"835fc3e\" data-element_type=\"column\" data-e-type=\"column\">\n\t\t\t<div class=\"elementor-widget-wrap elementor-element-populated\">\n\t\t\t\t\t\t<div class=\"elementor-element elementor-element-fab4879 elementor-widget elementor-widget-heading\" data-id=\"fab4879\" data-element_type=\"widget\" data-e-type=\"widget\" data-widget_type=\"heading.default\">\n\t\t\t\t<div class=\"elementor-widget-container\">\n\t\t\t\t\t<h2 class=\"elementor-heading-title elementor-size-default\">A roof drain inspection is recommended at least once a year. Order your inspection with R\u00e9seau Drain.<\/h2>\t\t\t\t<\/div>\n\t\t\t\t<\/div>\n\t\t\t\t\t<\/div>\n\t\t<\/div>\n\t\t\t\t\t<\/div>\n\t\t<\/section>\n\t\t\t\t<section class=\"elementor-section elementor-top-section elementor-element elementor-element-e80cc18 elementor-section-boxed elementor-section-height-default elementor-section-height-default\" data-id=\"e80cc18\" data-element_type=\"section\" data-e-type=\"section\" data-no-translation=\"\">\n\t\t\t\t\t\t<div class=\"elementor-container elementor-column-gap-default\">\n\t\t\t\t\t<div class=\"elementor-column elementor-col-33 elementor-top-column elementor-element elementor-element-9ca2ed9\" data-id=\"9ca2ed9\" data-element_type=\"column\" data-e-type=\"column\">\n\t\t\t<div class=\"elementor-widget-wrap elementor-element-populated\">\n\t\t\t\t\t\t<div class=\"elementor-element elementor-element-1f3e831 elementor-widget elementor-widget-text-editor\" data-id=\"1f3e831\" data-element_type=\"widget\" data-e-type=\"widget\" data-widget_type=\"text-editor.default\">\n\t\t\t\t<div class=\"elementor-widget-container\">\n\t\t\t\t\t\t\t\t\t<p style=\"margin-bottom: 0px;\">Roof Drain Inspection Ahuntsic<br \/>Roof Drain Inspection Anjou<br \/>Roof Drain Inspection Auteuil<br \/>Roof Drain Inspection Beaconsfield<br \/>Roof Drain Inspection Beauharnois<br \/>Roof Drain Inspection Beloeil<br \/>Roof Drain Inspection Blainville<br \/>Roof Drain Inspection Bois des Filion<br \/>Roof Drain Inspection Boisbriand<br \/>Roof Drain Inspection Boucherville<br \/>Roof Drain Inspection Brossard<br \/>Roof Drain Inspection Brownsburg-Chatham<br \/>Roof Drain Inspection Candiac<br \/>Roof Drain Inspection Carignan<br \/>Roof Drain Inspection Cartierville<br \/>Roof Drain Inspection Chambly<br \/>Roof Drain Inspection Charlemagne<br \/>Roof Drain Inspection Chateauguay<br \/>Roof Drain Inspection Chomedey<br \/>Roof Drain Inspection Contrecoeur<br \/>Roof Drain Inspection Cote des Neiges<br \/>Roof Drain Inspection Cote Saint Luc<br \/>Roof Drain Inspection D.D.O<br \/>Roof Drain Inspection Delson<br \/>Roof Drain Inspection Deux-Montagnes<br \/>Roof Drain Inspection Dorval<br \/>Roof Drain Inspection Duvernay<br \/>Roof Drain Inspection Epiphanie<br \/>Roof Drain Inspection Fabreville<br \/>Roof Drain Inspection Farnham<br \/>Roof Drain Inspection Greenfield Park<br \/>Roof Drain Inspection Hampstead<br \/>Roof Drain Inspection Hampstead<br \/>Roof Drain Inspection Hudson<br \/>Roof Drain Inspection Ile Perrot<br \/>Roof Drain Inspection Ile-Bizard<\/p>\t\t\t\t\t\t\t\t<\/div>\n\t\t\t\t<\/div>\n\t\t\t\t\t<\/div>\n\t\t<\/div>\n\t\t\t\t<div class=\"elementor-column elementor-col-33 elementor-top-column elementor-element elementor-element-b56ef89\" data-id=\"b56ef89\" data-element_type=\"column\" data-e-type=\"column\">\n\t\t\t<div class=\"elementor-widget-wrap elementor-element-populated\">\n\t\t\t\t\t\t<div class=\"elementor-element elementor-element-b4e460b elementor-widget elementor-widget-text-editor\" data-id=\"b4e460b\" data-element_type=\"widget\" data-e-type=\"widget\" data-widget_type=\"text-editor.default\">\n\t\t\t\t<div class=\"elementor-widget-container\">\n\t\t\t\t\t\t\t\t\t<p style=\"margin-bottom: 0px;\">Roof Drain Inspection Kirkland<br \/>Roof Drain Inspection La Prairie<br \/>Roof Drain Inspection Lachine<br \/>Roof Drain Inspection Lachute<br \/>Roof Drain Inspection LaSalle<br \/>Roof Drain Inspection Lorraine<br \/>Roof Drain Inspection Laval<br \/>Roof Drain Inspection Laval des Rapides<br \/>Roof Drain Inspection Laval Ouest<br \/>Roof Drain Inspection Lavaltrie<br \/>Roof Drain Inspection Longueuil<br \/>Roof Drain Inspection Maisonneuve<br \/>Roof Drain Inspection Mascouche<br \/>Roof Drain Inspection Mercier<br \/>Roof Drain Inspection Mirabel<br \/>Roof Drain Inspection Mont Saint Hilaire<br \/>Roof Drain Inspection Montreal<br \/>Roof Drain Inspection Morin-Heights<br \/>Roof Drain Inspection Piedmont<br \/>Roof Drain Inspection Pierrefonds<br \/>Roof Drain Inspection Plateau-Mont-Royal<br \/>Roof Drain Inspection Pointe aux Trembles<br \/>Roof Drain Inspection Pointe Claire<br \/>Roof Drain Inspection Pont-Viau<br \/>Roof Drain Inspection Prevost<br \/>Roof Drain Inspection Repentigny<br \/>Roof Drain Inspection Richelieu<br \/>Roof Drain Inspection Rigaud<br \/>Roof Drain Inspection Riviere des Prairies<br \/>Roof Drain Inspection Rosemere<br \/>Roof Drain Inspection Rosemont<br \/>Roof Drain Inspection Roxboro<br \/>Roof Drain Inspection Saint Basile le Grand<br \/>Roof Drain Inspection Saint Bruno<br \/>Roof Drain Inspection Saint Calixte<br \/>Roof Drain Inspection Saint Colomban<\/p>\t\t\t\t\t\t\t\t<\/div>\n\t\t\t\t<\/div>\n\t\t\t\t\t<\/div>\n\t\t<\/div>\n\t\t\t\t<div class=\"elementor-column elementor-col-33 elementor-top-column elementor-element elementor-element-7ca6a2f\" data-id=\"7ca6a2f\" data-element_type=\"column\" data-e-type=\"column\">\n\t\t\t<div class=\"elementor-widget-wrap elementor-element-populated\">\n\t\t\t\t\t\t<div class=\"elementor-element elementor-element-97e4c26 elementor-widget elementor-widget-text-editor\" data-id=\"97e4c26\" data-element_type=\"widget\" data-e-type=\"widget\" data-widget_type=\"text-editor.default\">\n\t\t\t\t<div class=\"elementor-widget-container\">\n\t\t\t\t\t\t\t\t\t<p style=\"margin-bottom: 0px;\">Roof Drain Inspection Saint Constant<br \/>Roof Drain Inspection Saint Eustache<br \/>Roof Drain Inspection Saint Fran\u00e7ois<br \/>Roof Drain Inspection Saint Hippolyte<br \/>Roof Drain Inspection Saint Jerome<br \/>Roof Drain Inspection Saint Lambert<br \/>Roof Drain Inspection Saint Lazare<br \/>Roof Drain Inspection Saint Leonard<br \/>Roof Drain Inspection Saint Lin Laurentides<br \/>Roof Drain Inspection Saint Michel<br \/>Roof Drain Inspection Saint Sauveur<br \/>Roof Drain Inspection Saint Vincent de Paul<br \/>Roof Drain Inspection St-Adolphe d&rsquo;Howard<br \/>Roof Drain Inspection Sainte Adele<br \/>Roof Drain Inspection Ste Agathe des Monts<br \/>Roof Drain Inspection Ste Anne de Bellevue<br \/>Roof Drain Inspection Ste Anne des Monts<br \/>Roof Drain Inspection Ste Anne des Plaines<br \/>Roof Drain Inspection Sainte Dorothee<br \/>Roof Drain Inspection Sainte Genevieve<br \/>Roof Drain Inspection Sainte Julie<br \/>Roof Drain Inspection Sainte Rose<br \/>Roof Drain Inspection Sainte Sophie<br \/>Roof Drain Inspection Sainte Therese<br \/>Roof Drain Inspection Terrebonne<br \/>Roof Drain Inspection Val Morin<br \/>Roof Drain Inspection Valleyfield<br \/>Roof Drain Inspection Varennes<br \/>Roof Drain Inspection Vaudreuil Dorion<br \/>Roof Drain Inspection Verdun<br \/>Roof Drain Inspection Ville Marie<br \/>Roof Drain Inspection Ville Mont Royal<br \/>Roof Drain Inspection Ville Saint Laurent<br \/>Roof Drain Inspection Villeray<br \/>Roof Drain Inspection Vimont<br \/>Roof Drain Inspection Westmount<\/p>\t\t\t\t\t\t\t\t<\/div>\n\t\t\t\t<\/div>\n\t\t\t\t\t<\/div>\n\t\t<\/div>\n\t\t\t\t\t<\/div>\n\t\t<\/section>\n\t\t\t\t<section class=\"elementor-section elementor-top-section elementor-element elementor-element-ab4d561 elementor-section-boxed elementor-section-height-default elementor-section-height-default\" data-id=\"ab4d561\" data-element_type=\"section\" data-e-type=\"section\">\n\t\t\t\t\t\t<div class=\"elementor-container elementor-column-gap-default\">\n\t\t\t\t\t<div class=\"elementor-column elementor-col-100 elementor-top-column elementor-element elementor-element-e6e0bac\" data-id=\"e6e0bac\" data-element_type=\"column\" data-e-type=\"column\">\n\t\t\t<div class=\"elementor-widget-wrap elementor-element-populated\">\n\t\t\t\t\t\t<div class=\"elementor-element elementor-element-69a3264 elementor-widget elementor-widget-spacer\" data-id=\"69a3264\" data-element_type=\"widget\" data-e-type=\"widget\" data-widget_type=\"spacer.default\">\n\t\t\t\t<div class=\"elementor-widget-container\">\n\t\t\t\t\t\t\t<div class=\"elementor-spacer\">\n\t\t\t<div class=\"elementor-spacer-inner\"><\/div>\n\t\t<\/div>\n\t\t\t\t\t\t<\/div>\n\t\t\t\t<\/div>\n\t\t\t\t<div class=\"elementor-element elementor-element-0c400d0 elementor-widget elementor-widget-text-editor\" data-id=\"0c400d0\" data-element_type=\"widget\" data-e-type=\"widget\" data-widget_type=\"text-editor.default\">\n\t\t\t\t<div class=\"elementor-widget-container\">\n\t\t\t\t\t\t\t\t\t<p style=\"text-align: center; margin-bottom: 5px; font-size: 20px;\"><strong style=\"color: #333333;\">R\u00e9seau Drain - INSPECTION<\/strong><\/p><p style=\"text-align: center; margin-bottom: 10px; font-size: 16px; color: #666666;\">Professional drain inspection and diagnosis throughout Montreal and surrounding areas.<\/p><p style=\"text-align: center; margin-bottom: 5px; font-size: 16px;\"><span style=\"color: #333333;\">Contact us for an inspection:<\/span><\/p><p style=\"text-align: center; margin-bottom: 0; font-size: 20px; font-weight: bold;\"><span style=\"color: #333333;\">Montreal and area :<\/span><br \/><a style=\"color: #ff6633; text-decoration: none;\" href=\"tel:514-433-9291\">514-433-9291<\/a><\/p><p style=\"text-align: center; margin-bottom: 0; font-size: 20px; font-weight: bold;\"><span style=\"color: #333333;\">Free of charge :<\/span><br \/><a style=\"color: #ff6633; text-decoration: none;\" href=\"tel:1-800-672-0493\">1-800-672-0493<\/a><\/p>\t\t\t\t\t\t\t\t<\/div>\n\t\t\t\t<\/div>\n\t\t\t\t<div class=\"elementor-element elementor-element-a275280 elementor-align-center elementor-widget elementor-widget-button\" data-id=\"a275280\" data-element_type=\"widget\" data-e-type=\"widget\" data-widget_type=\"button.default\">\n\t\t\t\t<div class=\"elementor-widget-container\">\n\t\t\t\t\t\t\t\t\t<div class=\"elementor-button-wrapper\">\n\t\t\t\t\t<a class=\"elementor-button elementor-button-link elementor-size-sm\" href=\"https:\/\/www.reseaudrain.com\/en\/contact-us\/\">\n\t\t\t\t\t\t<span class=\"elementor-button-content-wrapper\">\n\t\t\t\t\t\t\t\t\t<span class=\"elementor-button-text\">Contact us<\/span>\n\t\t\t\t\t<\/span>\n\t\t\t\t\t<\/a>\n\t\t\t\t<\/div>\n\t\t\t\t\t\t\t\t<\/div>\n\t\t\t\t<\/div>\n\t\t\t\t<div class=\"elementor-element elementor-element-64216b7 elementor-widget elementor-widget-spacer\" data-id=\"64216b7\" data-element_type=\"widget\" data-e-type=\"widget\" data-widget_type=\"spacer.default\">\n\t\t\t\t<div class=\"elementor-widget-container\">\n\t\t\t\t\t\t\t<div class=\"elementor-spacer\">\n\t\t\t<div class=\"elementor-spacer-inner\"><\/div>\n\t\t<\/div>\n\t\t\t\t\t\t<\/div>\n\t\t\t\t<\/div>\n\t\t\t\t\t<\/div>\n\t\t<\/div>\n\t\t\t\t\t<\/div>\n\t\t<\/section>\n\t\t\t\t<\/div>","protected":false},"excerpt":{"rendered":"<p>Inspection Drain Toiture Un drain de toiture fissur\u00e9 ou bouch\u00e9, c&rsquo;est une des pires situations que tout propri\u00e9taire doit \u00e9viter, les cons\u00e9quences sont d\u00e9sastreuses et dispendieuses. Une inspection de drain de toiture est tr\u00e8s souvent utile pour d\u00e9tecter les fuites d\u2019eau dans les plafonds et les murs. Nous pouvons d\u00e9tecter les bris, fissures ou disjonctions [&hellip;]<\/p>\n","protected":false},"author":1,"featured_media":0,"parent":0,"menu_order":0,"comment_status":"closed","ping_status":"closed","template":"elementor_header_footer","meta":{"footnotes":""},"class_list":["post-263","page","type-page","status-publish","hentry"],"_links":{"self":[{"href":"https:\/\/www.reseaudrain.com\/en\/wp-json\/wp\/v2\/pages\/263","targetHints":{"allow":["GET"]}}],"collection":[{"href":"https:\/\/www.reseaudrain.com\/en\/wp-json\/wp\/v2\/pages"}],"about":[{"href":"https:\/\/www.reseaudrain.com\/en\/wp-json\/wp\/v2\/types\/page"}],"author":[{"embeddable":true,"href":"https:\/\/www.reseaudrain.com\/en\/wp-json\/wp\/v2\/users\/1"}],"replies":[{"embeddable":true,"href":"https:\/\/www.reseaudrain.com\/en\/wp-json\/wp\/v2\/comments?post=263"}],"version-history":[{"count":76,"href":"https:\/\/www.reseaudrain.com\/en\/wp-json\/wp\/v2\/pages\/263\/revisions"}],"predecessor-version":[{"id":3636,"href":"https:\/\/www.reseaudrain.com\/en\/wp-json\/wp\/v2\/pages\/263\/revisions\/3636"}],"wp:attachment":[{"href":"https:\/\/www.reseaudrain.com\/en\/wp-json\/wp\/v2\/media?parent=263"}],"curies":[{"name":"wp","href":"https:\/\/api.w.org\/{rel}","templated":true}]}}