{"id":267,"date":"2020-04-17T04:26:32","date_gmt":"2020-04-17T04:26:32","guid":{"rendered":"https:\/\/www.reseaudrain.com\/?page_id=267"},"modified":"2026-03-30T01:45:37","modified_gmt":"2026-03-30T01:45:37","slug":"preventive-inspection","status":"publish","type":"page","link":"https:\/\/www.reseaudrain.com\/en\/inspection-preventive\/","title":{"rendered":"Preventive Drain Inspection | R\u00e9seau Drain Quebec"},"content":{"rendered":"<div data-elementor-type=\"wp-page\" data-elementor-id=\"267\" class=\"elementor elementor-267\" data-elementor-post-type=\"page\">\n\t\t\t\t\t\t<section class=\"elementor-section elementor-top-section elementor-element elementor-element-8ac2f68 elementor-section-boxed elementor-section-height-default elementor-section-height-default\" data-id=\"8ac2f68\" data-element_type=\"section\" data-e-type=\"section\">\n\t\t\t\t\t\t<div class=\"elementor-container elementor-column-gap-default\">\n\t\t\t\t\t<div class=\"elementor-column elementor-col-100 elementor-top-column elementor-element elementor-element-4e63fc7\" data-id=\"4e63fc7\" data-element_type=\"column\" data-e-type=\"column\">\n\t\t\t<div class=\"elementor-widget-wrap elementor-element-populated\">\n\t\t\t\t\t\t<div class=\"elementor-element elementor-element-ce2b7de elementor-widget elementor-widget-image\" data-id=\"ce2b7de\" data-element_type=\"widget\" data-e-type=\"widget\" data-widget_type=\"image.default\">\n\t\t\t\t<div class=\"elementor-widget-container\">\n\t\t\t\t\t\t\t\t\t\t\t\t\t\t\t<img fetchpriority=\"high\" decoding=\"async\" width=\"1536\" height=\"1024\" src=\"https:\/\/www.reseaudrain.com\/wp-content\/uploads\/2026\/03\/Flooded-basement-with-overflowing-drain.png\" class=\"attachment-full size-full wp-image-3398\" alt=\"\" srcset=\"https:\/\/www.reseaudrain.com\/wp-content\/uploads\/2026\/03\/Flooded-basement-with-overflowing-drain.png 1536w, https:\/\/www.reseaudrain.com\/wp-content\/uploads\/2026\/03\/Flooded-basement-with-overflowing-drain-300x200.png 300w, https:\/\/www.reseaudrain.com\/wp-content\/uploads\/2026\/03\/Flooded-basement-with-overflowing-drain-1024x683.png 1024w, https:\/\/www.reseaudrain.com\/wp-content\/uploads\/2026\/03\/Flooded-basement-with-overflowing-drain-768x512.png 768w, https:\/\/www.reseaudrain.com\/wp-content\/uploads\/2026\/03\/Flooded-basement-with-overflowing-drain-18x12.png 18w, https:\/\/www.reseaudrain.com\/wp-content\/uploads\/2026\/03\/Flooded-basement-with-overflowing-drain-1200x800.png 1200w\" sizes=\"(max-width: 1536px) 100vw, 1536px\" \/>\t\t\t\t\t\t\t\t\t\t\t\t\t\t\t<\/div>\n\t\t\t\t<\/div>\n\t\t\t\t\t<\/div>\n\t\t<\/div>\n\t\t\t\t\t<\/div>\n\t\t<\/section>\n\t\t\t\t<section class=\"elementor-section elementor-top-section elementor-element elementor-element-7ae43d9 elementor-section-boxed elementor-section-height-default elementor-section-height-default\" data-id=\"7ae43d9\" data-element_type=\"section\" data-e-type=\"section\">\n\t\t\t\t\t\t<div class=\"elementor-container elementor-column-gap-default\">\n\t\t\t\t\t<div class=\"elementor-column elementor-col-100 elementor-top-column elementor-element elementor-element-6d0f654\" data-id=\"6d0f654\" data-element_type=\"column\" data-e-type=\"column\">\n\t\t\t<div class=\"elementor-widget-wrap elementor-element-populated\">\n\t\t\t\t\t\t<div class=\"elementor-element elementor-element-3693828 elementor-widget elementor-widget-heading\" data-id=\"3693828\" data-element_type=\"widget\" data-e-type=\"widget\" data-widget_type=\"heading.default\">\n\t\t\t\t<div class=\"elementor-widget-container\">\n\t\t\t\t\t<h1 class=\"elementor-heading-title elementor-size-default\">Preventive Inspection<\/h1>\t\t\t\t<\/div>\n\t\t\t\t<\/div>\n\t\t\t\t<div class=\"elementor-element elementor-element-4055f18 elementor-widget elementor-widget-heading\" data-id=\"4055f18\" data-element_type=\"widget\" data-e-type=\"widget\" data-widget_type=\"heading.default\">\n\t\t\t\t<div class=\"elementor-widget-container\">\n\t\t\t\t\t<h2 class=\"elementor-heading-title elementor-size-default\">Water damage related to foundation drains or the sewer system is one of the most common types of claims reported by insurance companies.<\/h2>\t\t\t\t<\/div>\n\t\t\t\t<\/div>\n\t\t\t\t\t<\/div>\n\t\t<\/div>\n\t\t\t\t\t<\/div>\n\t\t<\/section>\n\t\t\t\t<section class=\"elementor-section elementor-top-section elementor-element elementor-element-186c15c elementor-section-boxed elementor-section-height-default elementor-section-height-default\" data-id=\"186c15c\" data-element_type=\"section\" data-e-type=\"section\">\n\t\t\t\t\t\t<div class=\"elementor-container elementor-column-gap-default\">\n\t\t\t\t\t<div class=\"elementor-column elementor-col-100 elementor-top-column elementor-element elementor-element-b6d707c\" data-id=\"b6d707c\" data-element_type=\"column\" data-e-type=\"column\">\n\t\t\t<div class=\"elementor-widget-wrap elementor-element-populated\">\n\t\t\t\t\t\t<div class=\"elementor-element elementor-element-5c60eea elementor-widget elementor-widget-heading\" data-id=\"5c60eea\" data-element_type=\"widget\" data-e-type=\"widget\" data-widget_type=\"heading.default\">\n\t\t\t\t<div class=\"elementor-widget-container\">\n\t\t\t\t\t<h3 class=\"elementor-heading-title elementor-size-default\">A simple routine preventive inspection can help you avoid many issues.<\/h3>\t\t\t\t<\/div>\n\t\t\t\t<\/div>\n\t\t\t\t<div class=\"elementor-element elementor-element-0960f04 elementor-widget elementor-widget-text-editor\" data-id=\"0960f04\" data-element_type=\"widget\" data-e-type=\"widget\" data-widget_type=\"text-editor.default\">\n\t\t\t\t<div class=\"elementor-widget-container\">\n\t\t\t\t\t\t\t\t\t<div class=\"elementor-element elementor-element-e7ae52b elementor-widget elementor-widget-text-editor\" data-id=\"e7ae52b\" data-element_type=\"widget\" data-e-type=\"widget\" data-widget_type=\"text-editor.default\"><div class=\"elementor-widget-container\"><p>Specialized video camera equipment allows us to see inside sewers and drains. While this equipment is primarily designed for sewer lines, we also use smaller-diameter cameras for smaller drains such as toilet lines. Being able to see inside the pipes offers many advantages. We can determine the type of material the pipe is made of, its condition, whether it has the proper slope, and if there are any blockages or disconnections.<\/p><\/div><\/div><div class=\"elementor-element elementor-element-31e84a8 elementor-widget elementor-widget-text-editor\" data-id=\"31e84a8\" data-element_type=\"widget\" data-e-type=\"widget\" data-widget_type=\"text-editor.default\"><div class=\"elementor-widget-container\"><p>Our cameras are also equipped with a radio locator at the tip, allowing us to detect pipes underground and determine their depth. This enables us to trace sewer lines, map the drainage system, and locate problem areas.<\/p><\/div><\/div>\t\t\t\t\t\t\t\t<\/div>\n\t\t\t\t<\/div>\n\t\t\t\t\t<\/div>\n\t\t<\/div>\n\t\t\t\t\t<\/div>\n\t\t<\/section>\n\t\t\t\t<section class=\"elementor-section elementor-top-section elementor-element elementor-element-8889b1a elementor-section-boxed elementor-section-height-default elementor-section-height-default\" data-id=\"8889b1a\" data-element_type=\"section\" data-e-type=\"section\">\n\t\t\t\t\t\t<div class=\"elementor-container elementor-column-gap-default\">\n\t\t\t\t\t<div class=\"elementor-column elementor-col-100 elementor-top-column elementor-element elementor-element-8502d2c\" data-id=\"8502d2c\" data-element_type=\"column\" data-e-type=\"column\">\n\t\t\t<div class=\"elementor-widget-wrap elementor-element-populated\">\n\t\t\t\t\t\t<div class=\"elementor-element elementor-element-f210c06 elementor-widget elementor-widget-heading\" data-id=\"f210c06\" data-element_type=\"widget\" data-e-type=\"widget\" data-widget_type=\"heading.default\">\n\t\t\t\t<div class=\"elementor-widget-container\">\n\t\t\t\t\t<h2 class=\"elementor-heading-title elementor-size-default\">Preventive drain inspection<\/h2>\t\t\t\t<\/div>\n\t\t\t\t<\/div>\n\t\t\t\t\t<\/div>\n\t\t<\/div>\n\t\t\t\t\t<\/div>\n\t\t<\/section>\n\t\t\t\t<section class=\"elementor-section elementor-top-section elementor-element elementor-element-2405244 elementor-section-boxed elementor-section-height-default elementor-section-height-default\" data-id=\"2405244\" data-element_type=\"section\" data-e-type=\"section\" data-no-translation=\"\">\n\t\t\t\t\t\t<div class=\"elementor-container elementor-column-gap-default\">\n\t\t\t\t\t<div class=\"elementor-column elementor-col-33 elementor-top-column elementor-element elementor-element-253aaf4\" data-id=\"253aaf4\" data-element_type=\"column\" data-e-type=\"column\">\n\t\t\t<div class=\"elementor-widget-wrap elementor-element-populated\">\n\t\t\t\t\t\t<div class=\"elementor-element elementor-element-edba4a2 elementor-widget elementor-widget-text-editor\" data-id=\"edba4a2\" data-element_type=\"widget\" data-e-type=\"widget\" data-widget_type=\"text-editor.default\">\n\t\t\t\t<div class=\"elementor-widget-container\">\n\t\t\t\t\t\t\t\t\t<p style=\"margin-bottom: 0px;\">Preventive Inspection Ahuntsic<br \/>Preventive Inspection Anjou<br \/>Preventive Inspection Auteuil<br \/>Preventive Inspection Beaconsfield<br \/>Preventive Inspection Beauharnois<br \/>Preventive Inspection Beloeil<br \/>Preventive Inspection Blainville<br \/>Preventive Inspection Bois des Filion<br \/>Preventive Inspection Boisbriand<br \/>Preventive Inspection Boucherville<br \/>Preventive Inspection Brossard<br \/>Preventive Inspection Brownsburg-Chatham<br \/>Preventive Inspection Candiac<br \/>Preventive Inspection Carignan<br \/>Preventive Inspection Cartierville<br \/>Preventive Inspection Chambly<br \/>Preventive Inspection Charlemagne<br \/>Preventive Inspection Chateauguay<br \/>Preventive Inspection Chomedey<br \/>Preventive Inspection Contrecoeur<br \/>Preventive Inspection Cote des Neiges<br \/>Preventive Inspection Cote Saint Luc<br \/>Preventive Inspection D.D.O<br \/>Preventive Inspection Delson<br \/>Preventive Inspection Deux-Montagnes<br \/>Preventive Inspection Dorval<br \/>Preventive Inspection Duvernay<br \/>Preventive Inspection Epiphanie<br \/>Preventive Inspection Fabreville<br \/>Preventive Inspection Farnham<br \/>Preventive Inspection Greenfield Park<br \/>Preventive Inspection Hampstead<br \/>Preventive Inspection Hampstead<br \/>Preventive Inspection Hudson<br \/>Preventive Inspection Ile Perrot<br \/>Preventive Inspection Ile-Bizard<\/p>\t\t\t\t\t\t\t\t<\/div>\n\t\t\t\t<\/div>\n\t\t\t\t\t<\/div>\n\t\t<\/div>\n\t\t\t\t<div class=\"elementor-column elementor-col-33 elementor-top-column elementor-element elementor-element-8b7c5e7\" data-id=\"8b7c5e7\" data-element_type=\"column\" data-e-type=\"column\">\n\t\t\t<div class=\"elementor-widget-wrap elementor-element-populated\">\n\t\t\t\t\t\t<div class=\"elementor-element elementor-element-843721b elementor-widget elementor-widget-text-editor\" data-id=\"843721b\" data-element_type=\"widget\" data-e-type=\"widget\" data-widget_type=\"text-editor.default\">\n\t\t\t\t<div class=\"elementor-widget-container\">\n\t\t\t\t\t\t\t\t\t<p style=\"margin-bottom: 0px;\">Preventive Inspection Kirkland<br \/>Preventive Inspection La Prairie<br \/>Preventive Inspection Lachine<br \/>Preventive Inspection Lachute<br \/>Preventive Inspection LaSalle<br \/>Preventive Inspection Lorraine<br \/>Preventive Inspection Laval<br \/>Preventive Inspection Laval des Rapides<br \/>Preventive Inspection Laval Ouest<br \/>Preventive Inspection Lavaltrie<br \/>Preventive Inspection Longueuil<br \/>Preventive Inspection Maisonneuve<br \/>Preventive Inspection Mascouche<br \/>Preventive Inspection Mercier<br \/>Preventive Inspection Mirabel<br \/>Preventive Inspection Mont Saint Hilaire<br \/>Preventive Inspection Montreal<br \/>Preventive Inspection Morin-Heights<br \/>Preventive Inspection Piedmont<br \/>Preventive Inspection Pierrefonds<br \/>Preventive Inspection Plateau-Mont-Royal<br \/>Preventive Inspection Pointe aux Trembles<br \/>Preventive Inspection Pointe Claire<br \/>Preventive Inspection Pont-Viau<br \/>Preventive Inspection Prevost<br \/>Preventive Inspection Repentigny<br \/>Preventive Inspection Richelieu<br \/>Preventive Inspection Rigaud<br \/>Preventive Inspection Riviere des Prairies<br \/>Preventive Inspection Rosemere<br \/>Preventive Inspection Rosemont<br \/>Preventive Inspection Roxboro<br \/>Preventive Inspection Saint Basile le Grand<br \/>Preventive Inspection Saint Bruno<br \/>Preventive Inspection Saint Calixte<br \/>Preventive Inspection Saint Colomban<\/p>\t\t\t\t\t\t\t\t<\/div>\n\t\t\t\t<\/div>\n\t\t\t\t\t<\/div>\n\t\t<\/div>\n\t\t\t\t<div class=\"elementor-column elementor-col-33 elementor-top-column elementor-element elementor-element-be763a5\" data-id=\"be763a5\" data-element_type=\"column\" data-e-type=\"column\">\n\t\t\t<div class=\"elementor-widget-wrap elementor-element-populated\">\n\t\t\t\t\t\t<div class=\"elementor-element elementor-element-502ba1d elementor-widget elementor-widget-text-editor\" data-id=\"502ba1d\" data-element_type=\"widget\" data-e-type=\"widget\" data-widget_type=\"text-editor.default\">\n\t\t\t\t<div class=\"elementor-widget-container\">\n\t\t\t\t\t\t\t\t\t<p style=\"margin-bottom: 0px;\">Preventive Inspection Saint Constant<br \/>Preventive Inspection Saint Eustache<br \/>Preventive Inspection Saint Fran\u00e7ois<br \/>Preventive Inspection Saint Hippolyte<br \/>Preventive Inspection Saint Jerome<br \/>Preventive Inspection Saint Lambert<br \/>Preventive Inspection Saint Lazare<br \/>Preventive Inspection Saint Leonard<br \/>Preventive Inspection Saint Lin Laurentides<br \/>Preventive Inspection Saint Michel<br \/>Preventive Inspection Saint Sauveur<br \/>Preventive Inspection Saint Vincent de Paul<br \/>Preventive Inspection Saint-Adolphe d&rsquo;Howard<br \/>Preventive Inspection Sainte Adele<br \/>Preventive Inspection Sainte Agathe des Monts<br \/>Preventive Inspection Sainte Anne de Bellevue<br \/>Preventive Inspection Sainte Anne des Monts<br \/>Preventive Inspection Sainte Anne des Plaines<br \/>Preventive Inspection Sainte Dorothee<br \/>Preventive Inspection Sainte Genevieve<br \/>Preventive Inspection Sainte Julie<br \/>Preventive Inspection Sainte Rose<br \/>Preventive Inspection Sainte Sophie<br \/>Preventive Inspection Sainte Therese<br \/>Preventive Inspection Terrebonne<br \/>Preventive Inspection Val Morin<br \/>Preventive Inspection Valleyfield<br \/>Preventive Inspection Varennes<br \/>Preventive Inspection Vaudreuil Dorion<br \/>Preventive Inspection Verdun<br \/>Preventive Inspection Ville Marie<br \/>Preventive Inspection Ville Mont Royal<br \/>Preventive Inspection Ville Saint Laurent<br \/>Preventive Inspection Villeray<br \/>Preventive Inspection Vimont<br \/>Preventive Inspection Westmount<\/p>\t\t\t\t\t\t\t\t<\/div>\n\t\t\t\t<\/div>\n\t\t\t\t\t<\/div>\n\t\t<\/div>\n\t\t\t\t\t<\/div>\n\t\t<\/section>\n\t\t\t\t<section class=\"elementor-section elementor-top-section elementor-element elementor-element-a0dbf31 elementor-section-boxed elementor-section-height-default elementor-section-height-default\" data-id=\"a0dbf31\" data-element_type=\"section\" data-e-type=\"section\">\n\t\t\t\t\t\t<div class=\"elementor-container elementor-column-gap-default\">\n\t\t\t\t\t<div class=\"elementor-column elementor-col-100 elementor-top-column elementor-element elementor-element-0256c0e\" data-id=\"0256c0e\" data-element_type=\"column\" data-e-type=\"column\">\n\t\t\t<div class=\"elementor-widget-wrap elementor-element-populated\">\n\t\t\t\t\t\t<div class=\"elementor-element elementor-element-c32df14 elementor-widget elementor-widget-spacer\" data-id=\"c32df14\" data-element_type=\"widget\" data-e-type=\"widget\" data-widget_type=\"spacer.default\">\n\t\t\t\t<div class=\"elementor-widget-container\">\n\t\t\t\t\t\t\t<div class=\"elementor-spacer\">\n\t\t\t<div class=\"elementor-spacer-inner\"><\/div>\n\t\t<\/div>\n\t\t\t\t\t\t<\/div>\n\t\t\t\t<\/div>\n\t\t\t\t<div class=\"elementor-element elementor-element-73864b6 elementor-widget elementor-widget-text-editor\" data-id=\"73864b6\" data-element_type=\"widget\" data-e-type=\"widget\" data-widget_type=\"text-editor.default\">\n\t\t\t\t<div class=\"elementor-widget-container\">\n\t\t\t\t\t\t\t\t\t<p style=\"text-align: center; margin-bottom: 5px; font-size: 20px;\"><strong style=\"color: #333333;\">R\u00e9seau Drain - INSPECTION<\/strong><\/p><p style=\"text-align: center; margin-bottom: 10px; font-size: 16px; color: #666666;\">Professional drain inspection and diagnosis throughout Montreal and surrounding areas.<\/p><p style=\"text-align: center; margin-bottom: 5px; font-size: 16px;\"><span style=\"color: #333333;\">Contact us for an inspection:<\/span><\/p><p style=\"text-align: center; margin-bottom: 0; font-size: 20px; font-weight: bold;\"><span style=\"color: #333333;\">Montreal and area :<\/span><br \/><a style=\"color: #ff6633; text-decoration: none;\" href=\"tel:514-433-9291\">514-433-9291<\/a><\/p><p style=\"text-align: center; margin-bottom: 0; font-size: 20px; font-weight: bold;\"><span style=\"color: #333333;\">Free of charge :<\/span><br \/><a style=\"color: #ff6633; text-decoration: none;\" href=\"tel:1-800-672-0493\">1-800-672-0493<\/a><\/p>\t\t\t\t\t\t\t\t<\/div>\n\t\t\t\t<\/div>\n\t\t\t\t<div class=\"elementor-element elementor-element-3092ff0 elementor-align-center elementor-widget elementor-widget-button\" data-id=\"3092ff0\" data-element_type=\"widget\" data-e-type=\"widget\" data-widget_type=\"button.default\">\n\t\t\t\t<div class=\"elementor-widget-container\">\n\t\t\t\t\t\t\t\t\t<div class=\"elementor-button-wrapper\">\n\t\t\t\t\t<a class=\"elementor-button elementor-button-link elementor-size-sm\" href=\"https:\/\/www.reseaudrain.com\/en\/contact-us\/\">\n\t\t\t\t\t\t<span class=\"elementor-button-content-wrapper\">\n\t\t\t\t\t\t\t\t\t<span class=\"elementor-button-text\">Contact us<\/span>\n\t\t\t\t\t<\/span>\n\t\t\t\t\t<\/a>\n\t\t\t\t<\/div>\n\t\t\t\t\t\t\t\t<\/div>\n\t\t\t\t<\/div>\n\t\t\t\t<div class=\"elementor-element elementor-element-9425f94 elementor-widget elementor-widget-spacer\" data-id=\"9425f94\" data-element_type=\"widget\" data-e-type=\"widget\" data-widget_type=\"spacer.default\">\n\t\t\t\t<div class=\"elementor-widget-container\">\n\t\t\t\t\t\t\t<div class=\"elementor-spacer\">\n\t\t\t<div class=\"elementor-spacer-inner\"><\/div>\n\t\t<\/div>\n\t\t\t\t\t\t<\/div>\n\t\t\t\t<\/div>\n\t\t\t\t\t<\/div>\n\t\t<\/div>\n\t\t\t\t\t<\/div>\n\t\t<\/section>\n\t\t\t\t<\/div>","protected":false},"excerpt":{"rendered":"<p>Inspection Pr\u00e9ventive Les d\u00e9g\u00e2ts d&rsquo;eau reli\u00e9s au drain de fondation ou au r\u00e9seau d&rsquo;\u00e9gout sont les deux sources de r\u00e9clamation les plus connues des assureurs. Une simple inspection pr\u00e9ventive de routine pourrait vous \u00e9viter bien des d\u00e9sagr\u00e9ments. L\u2019\u00e9quipement sp\u00e9cialis\u00e9 de cam\u00e9ra vid\u00e9o nous permet de voir l\u2019int\u00e9rieur des \u00e9gouts et des drains. Bien que cet [&hellip;]<\/p>\n","protected":false},"author":1,"featured_media":0,"parent":0,"menu_order":0,"comment_status":"closed","ping_status":"closed","template":"elementor_header_footer","meta":{"footnotes":""},"class_list":["post-267","page","type-page","status-publish","hentry"],"_links":{"self":[{"href":"https:\/\/www.reseaudrain.com\/en\/wp-json\/wp\/v2\/pages\/267","targetHints":{"allow":["GET"]}}],"collection":[{"href":"https:\/\/www.reseaudrain.com\/en\/wp-json\/wp\/v2\/pages"}],"about":[{"href":"https:\/\/www.reseaudrain.com\/en\/wp-json\/wp\/v2\/types\/page"}],"author":[{"embeddable":true,"href":"https:\/\/www.reseaudrain.com\/en\/wp-json\/wp\/v2\/users\/1"}],"replies":[{"embeddable":true,"href":"https:\/\/www.reseaudrain.com\/en\/wp-json\/wp\/v2\/comments?post=267"}],"version-history":[{"count":64,"href":"https:\/\/www.reseaudrain.com\/en\/wp-json\/wp\/v2\/pages\/267\/revisions"}],"predecessor-version":[{"id":3638,"href":"https:\/\/www.reseaudrain.com\/en\/wp-json\/wp\/v2\/pages\/267\/revisions\/3638"}],"wp:attachment":[{"href":"https:\/\/www.reseaudrain.com\/en\/wp-json\/wp\/v2\/media?parent=267"}],"curies":[{"name":"wp","href":"https:\/\/api.w.org\/{rel}","templated":true}]}}