{"id":270,"date":"2020-04-17T04:28:03","date_gmt":"2020-04-17T04:28:03","guid":{"rendered":"https:\/\/www.reseaudrain.com\/?page_id=270"},"modified":"2026-03-30T01:52:36","modified_gmt":"2026-03-30T01:52:36","slug":"smoke-test","status":"publish","type":"page","link":"https:\/\/www.reseaudrain.com\/en\/test-de-fumee\/","title":{"rendered":"Specialized Smoke Test | R\u00e9seau Drain Quebec"},"content":{"rendered":"<div data-elementor-type=\"wp-page\" data-elementor-id=\"270\" class=\"elementor elementor-270\" data-elementor-post-type=\"page\">\n\t\t\t\t\t\t<section class=\"elementor-section elementor-top-section elementor-element elementor-element-b770d26 elementor-section-boxed elementor-section-height-default elementor-section-height-default\" data-id=\"b770d26\" data-element_type=\"section\" data-e-type=\"section\">\n\t\t\t\t\t\t<div class=\"elementor-container elementor-column-gap-default\">\n\t\t\t\t\t<div class=\"elementor-column elementor-col-100 elementor-top-column elementor-element elementor-element-627e450\" data-id=\"627e450\" data-element_type=\"column\" data-e-type=\"column\">\n\t\t\t<div class=\"elementor-widget-wrap elementor-element-populated\">\n\t\t\t\t\t\t<div class=\"elementor-element elementor-element-89097c0 elementor-widget elementor-widget-image\" data-id=\"89097c0\" data-element_type=\"widget\" data-e-type=\"widget\" data-widget_type=\"image.default\">\n\t\t\t\t<div class=\"elementor-widget-container\">\n\t\t\t\t\t\t\t\t\t\t\t\t\t\t\t<img fetchpriority=\"high\" decoding=\"async\" width=\"1536\" height=\"1024\" src=\"https:\/\/www.reseaudrain.com\/wp-content\/uploads\/2026\/03\/Test-de-fumee-sur-tuyau-de-drainage.png\" class=\"attachment-full size-full wp-image-2333\" alt=\"\" srcset=\"https:\/\/www.reseaudrain.com\/wp-content\/uploads\/2026\/03\/Test-de-fumee-sur-tuyau-de-drainage.png 1536w, https:\/\/www.reseaudrain.com\/wp-content\/uploads\/2026\/03\/Test-de-fumee-sur-tuyau-de-drainage-300x200.png 300w, https:\/\/www.reseaudrain.com\/wp-content\/uploads\/2026\/03\/Test-de-fumee-sur-tuyau-de-drainage-1024x683.png 1024w, https:\/\/www.reseaudrain.com\/wp-content\/uploads\/2026\/03\/Test-de-fumee-sur-tuyau-de-drainage-768x512.png 768w, https:\/\/www.reseaudrain.com\/wp-content\/uploads\/2026\/03\/Test-de-fumee-sur-tuyau-de-drainage-18x12.png 18w, https:\/\/www.reseaudrain.com\/wp-content\/uploads\/2026\/03\/Test-de-fumee-sur-tuyau-de-drainage-1200x800.png 1200w\" sizes=\"(max-width: 1536px) 100vw, 1536px\" \/>\t\t\t\t\t\t\t\t\t\t\t\t\t\t\t<\/div>\n\t\t\t\t<\/div>\n\t\t\t\t\t<\/div>\n\t\t<\/div>\n\t\t\t\t\t<\/div>\n\t\t<\/section>\n\t\t\t\t<section class=\"elementor-section elementor-top-section elementor-element elementor-element-889559e elementor-section-boxed elementor-section-height-default elementor-section-height-default\" data-id=\"889559e\" data-element_type=\"section\" data-e-type=\"section\">\n\t\t\t\t\t\t<div class=\"elementor-container elementor-column-gap-default\">\n\t\t\t\t\t<div class=\"elementor-column elementor-col-100 elementor-top-column elementor-element elementor-element-a71d45a\" data-id=\"a71d45a\" data-element_type=\"column\" data-e-type=\"column\">\n\t\t\t<div class=\"elementor-widget-wrap elementor-element-populated\">\n\t\t\t\t\t\t<div class=\"elementor-element elementor-element-c55a428 elementor-widget elementor-widget-heading\" data-id=\"c55a428\" data-element_type=\"widget\" data-e-type=\"widget\" data-widget_type=\"heading.default\">\n\t\t\t\t<div class=\"elementor-widget-container\">\n\t\t\t\t\t<h1 class=\"elementor-heading-title elementor-size-default\">Specialized smoke test<\/h1>\t\t\t\t<\/div>\n\t\t\t\t<\/div>\n\t\t\t\t<div class=\"elementor-element elementor-element-2baef5c elementor-widget elementor-widget-heading\" data-id=\"2baef5c\" data-element_type=\"widget\" data-e-type=\"widget\" data-widget_type=\"heading.default\">\n\t\t\t\t<div class=\"elementor-widget-container\">\n\t\t\t\t\t<h2 class=\"elementor-heading-title elementor-size-default\">Smoke Testing, the #1 reference in Quebec. Locating rat entry points. Leak detection, odor detection, professional service. Unmarked vehicle.<\/h2>\t\t\t\t<\/div>\n\t\t\t\t<\/div>\n\t\t\t\t\t<\/div>\n\t\t<\/div>\n\t\t\t\t\t<\/div>\n\t\t<\/section>\n\t\t\t\t<section class=\"elementor-section elementor-top-section elementor-element elementor-element-3fcf81f elementor-section-boxed elementor-section-height-default elementor-section-height-default\" data-id=\"3fcf81f\" data-element_type=\"section\" data-e-type=\"section\">\n\t\t\t\t\t\t<div class=\"elementor-container elementor-column-gap-default\">\n\t\t\t\t\t<div class=\"elementor-column elementor-col-50 elementor-top-column elementor-element elementor-element-e0dc3b6\" data-id=\"e0dc3b6\" data-element_type=\"column\" data-e-type=\"column\">\n\t\t\t<div class=\"elementor-widget-wrap elementor-element-populated\">\n\t\t\t\t\t\t<div class=\"elementor-element elementor-element-bc7a265 elementor-widget elementor-widget-image\" data-id=\"bc7a265\" data-element_type=\"widget\" data-e-type=\"widget\" data-widget_type=\"image.default\">\n\t\t\t\t<div class=\"elementor-widget-container\">\n\t\t\t\t\t\t\t\t\t\t\t\t\t\t\t<img decoding=\"async\" src=\"https:\/\/www.reseaudrain.com\/wp-content\/uploads\/2020\/04\/ReseauDrain_Icon.gif\" title=\"Network Drain smoke test\" alt=\"Network Drain smoke test\" loading=\"lazy\" \/>\t\t\t\t\t\t\t\t\t\t\t\t\t\t\t<\/div>\n\t\t\t\t<\/div>\n\t\t\t\t\t<\/div>\n\t\t<\/div>\n\t\t\t\t<div class=\"elementor-column elementor-col-50 elementor-top-column elementor-element elementor-element-659dc80\" data-id=\"659dc80\" data-element_type=\"column\" data-e-type=\"column\">\n\t\t\t<div class=\"elementor-widget-wrap elementor-element-populated\">\n\t\t\t\t\t\t<div class=\"elementor-element elementor-element-d16a166 elementor-widget elementor-widget-text-editor\" data-id=\"d16a166\" data-element_type=\"widget\" data-e-type=\"widget\" data-widget_type=\"text-editor.default\">\n\t\t\t\t<div class=\"elementor-widget-container\">\n\t\t\t\t\t\t\t\t\t<p style=\"margin: 0;\">A smoke test is performed by injecting non-corrosive, non-toxic, and odorless smoke into the sewer system using a specialized blowing system. Potential defects in the network, such as cracks, disconnections, breaks, collapses, or any other faults, are clearly identified when the smoke escapes from the system and becomes visible at the surface.<\/p>\t\t\t\t\t\t\t\t<\/div>\n\t\t\t\t<\/div>\n\t\t\t\t\t<\/div>\n\t\t<\/div>\n\t\t\t\t\t<\/div>\n\t\t<\/section>\n\t\t\t\t<section class=\"elementor-section elementor-top-section elementor-element elementor-element-448fed0 elementor-section-boxed elementor-section-height-default elementor-section-height-default\" data-id=\"448fed0\" data-element_type=\"section\" data-e-type=\"section\">\n\t\t\t\t\t\t<div class=\"elementor-container elementor-column-gap-default\">\n\t\t\t\t\t<div class=\"elementor-column elementor-col-100 elementor-top-column elementor-element elementor-element-42cd39e\" data-id=\"42cd39e\" data-element_type=\"column\" data-e-type=\"column\">\n\t\t\t<div class=\"elementor-widget-wrap elementor-element-populated\">\n\t\t\t\t\t\t<div class=\"elementor-element elementor-element-fb706e3 elementor-widget elementor-widget-text-editor\" data-id=\"fb706e3\" data-element_type=\"widget\" data-e-type=\"widget\" data-widget_type=\"text-editor.default\">\n\t\t\t\t<div class=\"elementor-widget-container\">\n\t\t\t\t\t\t\t\t\t<p>Smoke testing is commonly used in sewer systems to locate leaks, sources of sewer odors, and entry points for insects and rodents in homes and buildings. A smoke test is often performed alongside a video inspection to provide a more in-depth diagnosis of the drainage system. Smoke testing has become a globally recognized detection method because it is a fast, effective, and cost-efficient technique.<\/p><p>At \u201cR\u00e9seau Drain,\u201d we perform smoke tests tailored to each environment and use the appropriate equipment and technology for different types of smoke testing. Today, technology allows us to conduct smoke tests that are detectable by infrared and Ultra TraceUV. A smoke test can be used to detect any leaks in areas that are meant to be sealed.<\/p>\t\t\t\t\t\t\t\t<\/div>\n\t\t\t\t<\/div>\n\t\t\t\t\t<\/div>\n\t\t<\/div>\n\t\t\t\t\t<\/div>\n\t\t<\/section>\n\t\t\t\t<section class=\"elementor-section elementor-top-section elementor-element elementor-element-48b3851 elementor-section-boxed elementor-section-height-default elementor-section-height-default\" data-id=\"48b3851\" data-element_type=\"section\" data-e-type=\"section\">\n\t\t\t\t\t\t<div class=\"elementor-container elementor-column-gap-default\">\n\t\t\t\t\t<div class=\"elementor-column elementor-col-100 elementor-top-column elementor-element elementor-element-8314b73\" data-id=\"8314b73\" data-element_type=\"column\" data-e-type=\"column\">\n\t\t\t<div class=\"elementor-widget-wrap elementor-element-populated\">\n\t\t\t\t\t\t<div class=\"elementor-element elementor-element-80351bb elementor-widget elementor-widget-heading\" data-id=\"80351bb\" data-element_type=\"widget\" data-e-type=\"widget\" data-widget_type=\"heading.default\">\n\t\t\t\t<div class=\"elementor-widget-container\">\n\t\t\t\t\t<h2 class=\"elementor-heading-title elementor-size-default\">Smoke Testing: Specialized Expertise for Reliable Results<\/h2>\t\t\t\t<\/div>\n\t\t\t\t<\/div>\n\t\t\t\t<div class=\"elementor-element elementor-element-eb9532f elementor-widget elementor-widget-text-editor\" data-id=\"eb9532f\" data-element_type=\"widget\" data-e-type=\"widget\" data-widget_type=\"text-editor.default\">\n\t\t\t\t<div class=\"elementor-widget-container\">\n\t\t\t\t\t\t\t\t\t<p>There are several types of equipment and liquids suited for different smoke testing applications. Unfortunately, many companies in the field do not have the proper tools or equipment required to achieve accurate results. In addition, the level of expertise and know-how in using this equipment plays a major role and has a significant impact on the quality of the results obtained.<\/p><p>When it comes to smoke testing, it is important to work with a company that specializes in this field and has all the appropriate equipment\u2014not a plumber or a drain cleaner. A smoke test must be adapted to the specific needs and objectives of each situation.<\/p><p>What can a smoke test be used for? Detection and location of:<br \/>Sewer lines, sewer odors, rodent entry points, leaks, pipe damage, drain disconnections, improperly connected pipes, illegal connections, and more. For smoke testing in pipelines, it is strongly recommended to combine it with an HD camera inspection.<\/p><p>Verification of airtightness for: roofing systems, containers, vaults, truck boxes, HVAC systems, and chimneys\u2014anything that must remain sealed and free of leaks.<\/p><p>Our work takes us across many sectors, including restaurants, hotels, convenience stores, commercial properties, schools, daycare centers, warehouses, factories, condos, office buildings, multi-unit properties, municipalities, farms, and more. Regardless of the request or objective, our work is guaranteed.<\/p>\t\t\t\t\t\t\t\t<\/div>\n\t\t\t\t<\/div>\n\t\t\t\t\t<\/div>\n\t\t<\/div>\n\t\t\t\t\t<\/div>\n\t\t<\/section>\n\t\t\t\t<section class=\"elementor-section elementor-top-section elementor-element elementor-element-c99faf8 elementor-section-boxed elementor-section-height-default elementor-section-height-default\" data-id=\"c99faf8\" data-element_type=\"section\" data-e-type=\"section\">\n\t\t\t\t\t\t<div class=\"elementor-container elementor-column-gap-default\">\n\t\t\t\t\t<div class=\"elementor-column elementor-col-100 elementor-top-column elementor-element elementor-element-45c8a00\" data-id=\"45c8a00\" data-element_type=\"column\" data-e-type=\"column\">\n\t\t\t<div class=\"elementor-widget-wrap elementor-element-populated\">\n\t\t\t\t\t\t<div class=\"elementor-element elementor-element-51b84f7 elementor-widget elementor-widget-heading\" data-id=\"51b84f7\" data-element_type=\"widget\" data-e-type=\"widget\" data-widget_type=\"heading.default\">\n\t\t\t\t<div class=\"elementor-widget-container\">\n\t\t\t\t\t<h2 class=\"elementor-heading-title elementor-size-default\">Identify sources of improper connections and breaks in all types of drainage systems. Order your smoke test directly in your city with R\u00e9seau Drain.<\/h2>\t\t\t\t<\/div>\n\t\t\t\t<\/div>\n\t\t\t\t\t<\/div>\n\t\t<\/div>\n\t\t\t\t\t<\/div>\n\t\t<\/section>\n\t\t\t\t<section class=\"elementor-section elementor-top-section elementor-element elementor-element-b1971a9 elementor-section-boxed elementor-section-height-default elementor-section-height-default\" data-id=\"b1971a9\" data-element_type=\"section\" data-e-type=\"section\" data-no-translation=\"\">\n\t\t\t\t\t\t<div class=\"elementor-container elementor-column-gap-default\">\n\t\t\t\t\t<div class=\"elementor-column elementor-col-33 elementor-top-column elementor-element elementor-element-5d692d7\" data-id=\"5d692d7\" data-element_type=\"column\" data-e-type=\"column\">\n\t\t\t<div class=\"elementor-widget-wrap elementor-element-populated\">\n\t\t\t\t\t\t<div class=\"elementor-element elementor-element-aa23200 elementor-widget elementor-widget-text-editor\" data-id=\"aa23200\" data-element_type=\"widget\" data-e-type=\"widget\" data-widget_type=\"text-editor.default\">\n\t\t\t\t<div class=\"elementor-widget-container\">\n\t\t\t\t\t\t\t\t\t<p style=\"margin-bottom: 0px;\">Test Fum\u00e9e Ahuntsic<br \/>Test Fum\u00e9e Anjou<br \/>Test Fum\u00e9e Auteuil<br \/>Test Fum\u00e9e Beaconsfield<br \/>Test Fum\u00e9e Beauharnois<br \/>Test Fum\u00e9e Beloeil<br \/>Test Fum\u00e9e Blainville<br \/>Test Fum\u00e9e Bois des Filion<br \/>Test Fum\u00e9e Boisbriand<br \/>Test Fum\u00e9e Boucherville<br \/>Test Fum\u00e9e Brossard<br \/>Test Fum\u00e9e Brownsburg-Chatham<br \/>Test Fum\u00e9e Candiac<br \/>Test Fum\u00e9e Carignan<br \/>Test Fum\u00e9e Cartierville<br \/>Test Fum\u00e9e Chambly<br \/>Test Fum\u00e9e Charlemagne<br \/>Test Fum\u00e9e Chateauguay<br \/>Test Fum\u00e9e Chomedey<br \/>Test Fum\u00e9e Contrecoeur<br \/>Test Fum\u00e9e Cote des Neiges<br \/>Test Fum\u00e9e Cote Saint Luc<br \/>Test Fum\u00e9e D.D.O<br \/>Test Fum\u00e9e Delson<br \/>Test Fum\u00e9e Deux-Montagnes<br \/>Test Fum\u00e9e Dorval<br \/>Test Fum\u00e9e Duvernay<br \/>Test Fum\u00e9e Epiphanie<br \/>Test Fum\u00e9e Fabreville<br \/>Test Fum\u00e9e Farnham<br \/>Test Fum\u00e9e Greenfield Park<br \/>Test Fum\u00e9e Hampstead<br \/>Test Fum\u00e9e Fran\u00e7ais Hampstead<br \/>Test Fum\u00e9e Hudson<br \/>Test Fum\u00e9e Ile Perrot<br \/>Test Fum\u00e9e Ile-Bizard<\/p>\t\t\t\t\t\t\t\t<\/div>\n\t\t\t\t<\/div>\n\t\t\t\t\t<\/div>\n\t\t<\/div>\n\t\t\t\t<div class=\"elementor-column elementor-col-33 elementor-top-column elementor-element elementor-element-9492dc7\" data-id=\"9492dc7\" data-element_type=\"column\" data-e-type=\"column\">\n\t\t\t<div class=\"elementor-widget-wrap elementor-element-populated\">\n\t\t\t\t\t\t<div class=\"elementor-element elementor-element-a2fe717 elementor-widget elementor-widget-text-editor\" data-id=\"a2fe717\" data-element_type=\"widget\" data-e-type=\"widget\" data-widget_type=\"text-editor.default\">\n\t\t\t\t<div class=\"elementor-widget-container\">\n\t\t\t\t\t\t\t\t\t<p style=\"margin-bottom: 0px;\">Smoke Test Kirkland<br \/>Smoke Test La Prairie<br \/>Smoke Test Lachine<br \/>Smoke Test Lachute<br \/>Smoke Test LaSalle<br \/>Smoke Test Lorraine<br \/>Smoke Test Laval<br \/>Smoke Test Laval des Rapides<br \/>Smoke Test Laval Ouest<br \/>Smoke Test Lavaltrie<br \/>Smoke Test Longueuil<br \/>Smoke Test Maisonneuve<br \/>Smoke Test Mascouche<br \/>Smoke Test Mercier<br \/>Smoke Test Mirabel<br \/>Smoke Test Mont Saint Hilaire<br \/>Smoke Test Montreal<br \/>Smoke Test Morin-Heights<br \/>Smoke Test Piedmont<br \/>Smoke Test Pierrefonds<br \/>Smoke Test Plateau-Mont-Royal<br \/>Smoke Test Pointe aux Trembles<br \/>Smoke Test Pointe Claire<br \/>Smoke Test Pont-Viau<br \/>Smoke Test Prevost<br \/>Smoke Test Repentigny<br \/>Smoke Test Richelieu<br \/>Smoke Test Rigaud<br \/>Smoke Test Riviere des Prairies<br \/>Smoke Test Rosemere<br \/>Smoke Test Rosemont<br \/>Smoke Test Roxboro<br \/>Smoke Test Saint Basile le Grand<br \/>Smoke Test Saint Bruno<br \/>Smoke Test Saint Calixte<br \/>Smoke Test Saint Colomban<\/p>\t\t\t\t\t\t\t\t<\/div>\n\t\t\t\t<\/div>\n\t\t\t\t\t<\/div>\n\t\t<\/div>\n\t\t\t\t<div class=\"elementor-column elementor-col-33 elementor-top-column elementor-element elementor-element-6b49ccc\" data-id=\"6b49ccc\" data-element_type=\"column\" data-e-type=\"column\">\n\t\t\t<div class=\"elementor-widget-wrap elementor-element-populated\">\n\t\t\t\t\t\t<div class=\"elementor-element elementor-element-f3dec95 elementor-widget elementor-widget-text-editor\" data-id=\"f3dec95\" data-element_type=\"widget\" data-e-type=\"widget\" data-widget_type=\"text-editor.default\">\n\t\t\t\t<div class=\"elementor-widget-container\">\n\t\t\t\t\t\t\t\t\t<p style=\"margin-bottom: 0px;\">Smoke Test Saint Constant<br \/>Smoke Test Saint Eustache<br \/>Smoke Test Saint Fran\u00e7ois<br \/>Smoke Test Saint Hippolyte<br \/>Smoke Test Saint Jerome<br \/>Smoke Test Saint Lambert<br \/>Smoke Test Saint Lazare<br \/>Smoke Test Saint Leonard<br \/>Smoke Test Saint Lin Laurentides<br \/>Smoke Test Saint Michel<br \/>Smoke Test Saint Sauveur<br \/>Smoke Test Saint Vincent de Paul<br \/>Smoke Test St-Adolphe d&rsquo;Howard<br \/>Smoke Test Sainte Adele<br \/>Smoke Test Ste Agathe des Monts<br \/>Smoke Test Ste Anne de Bellevue<br \/>Smoke Test Ste Anne des Monts<br \/>Smoke Test Ste Anne des Plaines<br \/>Smoke Test Sainte Dorothee<br \/>Smoke Test Sainte Genevieve<br \/>Smoke Test Sainte Julie<br \/>Smoke Test Sainte Rose<br \/>Smoke Test Sainte Sophie<br \/>Smoke Test Sainte Therese<br \/>Smoke Test Terrebonne<br \/>Smoke Test Val Morin<br \/>Smoke Test Valleyfield<br \/>Smoke Test Varennes<br \/>Smoke Test Vaudreuil Dorion<br \/>Smoke Test Verdun<br \/>Smoke Test Ville Marie<br \/>Smoke Test Ville Mont Royal<br \/>Smoke Test Ville Saint Laurent<br \/>Smoke Test Villeray<br \/>Smoke Test Vimont<br \/>Smoke Test Westmount<\/p>\t\t\t\t\t\t\t\t<\/div>\n\t\t\t\t<\/div>\n\t\t\t\t\t<\/div>\n\t\t<\/div>\n\t\t\t\t\t<\/div>\n\t\t<\/section>\n\t\t\t\t<section class=\"elementor-section elementor-top-section elementor-element elementor-element-759d9a5 elementor-section-boxed elementor-section-height-default elementor-section-height-default\" data-id=\"759d9a5\" data-element_type=\"section\" data-e-type=\"section\">\n\t\t\t\t\t\t<div class=\"elementor-container elementor-column-gap-default\">\n\t\t\t\t\t<div class=\"elementor-column elementor-col-100 elementor-top-column elementor-element elementor-element-05ea4ac\" data-id=\"05ea4ac\" data-element_type=\"column\" data-e-type=\"column\">\n\t\t\t<div class=\"elementor-widget-wrap elementor-element-populated\">\n\t\t\t\t\t\t<div class=\"elementor-element elementor-element-121294f elementor-widget elementor-widget-spacer\" data-id=\"121294f\" data-element_type=\"widget\" data-e-type=\"widget\" data-widget_type=\"spacer.default\">\n\t\t\t\t<div class=\"elementor-widget-container\">\n\t\t\t\t\t\t\t<div class=\"elementor-spacer\">\n\t\t\t<div class=\"elementor-spacer-inner\"><\/div>\n\t\t<\/div>\n\t\t\t\t\t\t<\/div>\n\t\t\t\t<\/div>\n\t\t\t\t<div class=\"elementor-element elementor-element-0debefe elementor-widget elementor-widget-text-editor\" data-id=\"0debefe\" data-element_type=\"widget\" data-e-type=\"widget\" data-widget_type=\"text-editor.default\">\n\t\t\t\t<div class=\"elementor-widget-container\">\n\t\t\t\t\t\t\t\t\t<p style=\"text-align: center; margin-bottom: 5px; font-size: 20px;\"><strong style=\"color: #333333;\">R\u00e9seau Drain - INSPECTION<\/strong><\/p><p style=\"text-align: center; margin-bottom: 10px; font-size: 16px; color: #666666;\">Professional drain inspection and diagnosis throughout Montreal and surrounding areas.<\/p><p style=\"text-align: center; margin-bottom: 5px; font-size: 16px;\"><span style=\"color: #333333;\">Contact us for an inspection:<\/span><\/p><p style=\"text-align: center; margin-bottom: 0; font-size: 20px; font-weight: bold;\"><span style=\"color: #333333;\">Montreal and area :<\/span><br \/><a style=\"color: #ff6633; text-decoration: none;\" href=\"tel:514-433-9291\">514-433-9291<\/a><\/p><p style=\"text-align: center; margin-bottom: 0; font-size: 20px; font-weight: bold;\"><span style=\"color: #333333;\">Free of charge :<\/span><br \/><a style=\"color: #ff6633; text-decoration: none;\" href=\"tel:1-800-672-0493\">1-800-672-0493<\/a><\/p>\t\t\t\t\t\t\t\t<\/div>\n\t\t\t\t<\/div>\n\t\t\t\t<div class=\"elementor-element elementor-element-0ab8622 elementor-align-center elementor-widget elementor-widget-button\" data-id=\"0ab8622\" data-element_type=\"widget\" data-e-type=\"widget\" data-widget_type=\"button.default\">\n\t\t\t\t<div class=\"elementor-widget-container\">\n\t\t\t\t\t\t\t\t\t<div class=\"elementor-button-wrapper\">\n\t\t\t\t\t<a class=\"elementor-button elementor-button-link elementor-size-sm\" href=\"https:\/\/www.reseaudrain.com\/en\/contact-us\/\">\n\t\t\t\t\t\t<span class=\"elementor-button-content-wrapper\">\n\t\t\t\t\t\t\t\t\t<span class=\"elementor-button-text\">Contact us<\/span>\n\t\t\t\t\t<\/span>\n\t\t\t\t\t<\/a>\n\t\t\t\t<\/div>\n\t\t\t\t\t\t\t\t<\/div>\n\t\t\t\t<\/div>\n\t\t\t\t<div class=\"elementor-element elementor-element-f777e81 elementor-widget elementor-widget-spacer\" data-id=\"f777e81\" data-element_type=\"widget\" data-e-type=\"widget\" data-widget_type=\"spacer.default\">\n\t\t\t\t<div class=\"elementor-widget-container\">\n\t\t\t\t\t\t\t<div class=\"elementor-spacer\">\n\t\t\t<div class=\"elementor-spacer-inner\"><\/div>\n\t\t<\/div>\n\t\t\t\t\t\t<\/div>\n\t\t\t\t<\/div>\n\t\t\t\t\t<\/div>\n\t\t<\/div>\n\t\t\t\t\t<\/div>\n\t\t<\/section>\n\t\t\t\t<\/div>","protected":false},"excerpt":{"rendered":"<p>Test de fum\u00e9e sp\u00e9cialis\u00e9 Test de Fum\u00e9e, la r\u00e9f\u00e9rence No 1 au Qu\u00e9bec. Localisation des entr\u00e9es de rats. Localisation fuite, Localisation Odeur, Service professionnelle. V\u00e9hicule anonyme.. Un test de fum\u00e9e est r\u00e9alis\u00e9 en injectant de la fum\u00e9e non corrosive, non toxique et inodore dans le r\u00e9seau d\u2019\u00e9gout \u00e0 l\u2019aide d\u2019un syst\u00e8me de soufflage sp\u00e9cialis\u00e9. Les [&hellip;]<\/p>\n","protected":false},"author":1,"featured_media":0,"parent":0,"menu_order":0,"comment_status":"closed","ping_status":"closed","template":"elementor_header_footer","meta":{"footnotes":""},"class_list":["post-270","page","type-page","status-publish","hentry"],"_links":{"self":[{"href":"https:\/\/www.reseaudrain.com\/en\/wp-json\/wp\/v2\/pages\/270","targetHints":{"allow":["GET"]}}],"collection":[{"href":"https:\/\/www.reseaudrain.com\/en\/wp-json\/wp\/v2\/pages"}],"about":[{"href":"https:\/\/www.reseaudrain.com\/en\/wp-json\/wp\/v2\/types\/page"}],"author":[{"embeddable":true,"href":"https:\/\/www.reseaudrain.com\/en\/wp-json\/wp\/v2\/users\/1"}],"replies":[{"embeddable":true,"href":"https:\/\/www.reseaudrain.com\/en\/wp-json\/wp\/v2\/comments?post=270"}],"version-history":[{"count":91,"href":"https:\/\/www.reseaudrain.com\/en\/wp-json\/wp\/v2\/pages\/270\/revisions"}],"predecessor-version":[{"id":3644,"href":"https:\/\/www.reseaudrain.com\/en\/wp-json\/wp\/v2\/pages\/270\/revisions\/3644"}],"wp:attachment":[{"href":"https:\/\/www.reseaudrain.com\/en\/wp-json\/wp\/v2\/media?parent=270"}],"curies":[{"name":"wp","href":"https:\/\/api.w.org\/{rel}","templated":true}]}}