{"id":274,"date":"2020-04-17T04:29:15","date_gmt":"2020-04-17T04:29:15","guid":{"rendered":"https:\/\/www.reseaudrain.com\/?page_id=274"},"modified":"2026-03-30T01:48:11","modified_gmt":"2026-03-30T01:48:11","slug":"disgusting-smell","status":"publish","type":"page","link":"https:\/\/www.reseaudrain.com\/en\/odeur-degout\/","title":{"rendered":"Sewer Odor in the Home | R\u00e9seau Drain Quebec"},"content":{"rendered":"<div data-elementor-type=\"wp-page\" data-elementor-id=\"274\" class=\"elementor elementor-274\" data-elementor-post-type=\"page\">\n\t\t\t\t\t\t<section class=\"elementor-section elementor-top-section elementor-element elementor-element-fd150a4 elementor-section-boxed elementor-section-height-default elementor-section-height-default\" data-id=\"fd150a4\" data-element_type=\"section\" data-e-type=\"section\">\n\t\t\t\t\t\t<div class=\"elementor-container elementor-column-gap-default\">\n\t\t\t\t\t<div class=\"elementor-column elementor-col-100 elementor-top-column elementor-element elementor-element-df19028\" data-id=\"df19028\" data-element_type=\"column\" data-e-type=\"column\">\n\t\t\t<div class=\"elementor-widget-wrap elementor-element-populated\">\n\t\t\t\t\t\t<div class=\"elementor-element elementor-element-c081de6 elementor-widget elementor-widget-image\" data-id=\"c081de6\" data-element_type=\"widget\" data-e-type=\"widget\" data-widget_type=\"image.default\">\n\t\t\t\t<div class=\"elementor-widget-container\">\n\t\t\t\t\t\t\t\t\t\t\t\t\t\t\t<img fetchpriority=\"high\" decoding=\"async\" width=\"1536\" height=\"1024\" src=\"https:\/\/www.reseaudrain.com\/wp-content\/uploads\/2026\/03\/Nose-pinching-in-a-stinky-bathroom.png\" class=\"attachment-full size-full wp-image-3433\" alt=\"\" srcset=\"https:\/\/www.reseaudrain.com\/wp-content\/uploads\/2026\/03\/Nose-pinching-in-a-stinky-bathroom.png 1536w, https:\/\/www.reseaudrain.com\/wp-content\/uploads\/2026\/03\/Nose-pinching-in-a-stinky-bathroom-300x200.png 300w, https:\/\/www.reseaudrain.com\/wp-content\/uploads\/2026\/03\/Nose-pinching-in-a-stinky-bathroom-1024x683.png 1024w, https:\/\/www.reseaudrain.com\/wp-content\/uploads\/2026\/03\/Nose-pinching-in-a-stinky-bathroom-768x512.png 768w, https:\/\/www.reseaudrain.com\/wp-content\/uploads\/2026\/03\/Nose-pinching-in-a-stinky-bathroom-18x12.png 18w, https:\/\/www.reseaudrain.com\/wp-content\/uploads\/2026\/03\/Nose-pinching-in-a-stinky-bathroom-1200x800.png 1200w\" sizes=\"(max-width: 1536px) 100vw, 1536px\" \/>\t\t\t\t\t\t\t\t\t\t\t\t\t\t\t<\/div>\n\t\t\t\t<\/div>\n\t\t\t\t\t<\/div>\n\t\t<\/div>\n\t\t\t\t\t<\/div>\n\t\t<\/section>\n\t\t\t\t<section class=\"elementor-section elementor-top-section elementor-element elementor-element-ed2e5d8 elementor-section-boxed elementor-section-height-default elementor-section-height-default\" data-id=\"ed2e5d8\" data-element_type=\"section\" data-e-type=\"section\">\n\t\t\t\t\t\t<div class=\"elementor-container elementor-column-gap-default\">\n\t\t\t\t\t<div class=\"elementor-column elementor-col-100 elementor-top-column elementor-element elementor-element-df2caa7\" data-id=\"df2caa7\" data-element_type=\"column\" data-e-type=\"column\">\n\t\t\t<div class=\"elementor-widget-wrap elementor-element-populated\">\n\t\t\t\t\t\t<div class=\"elementor-element elementor-element-72d895e elementor-widget elementor-widget-heading\" data-id=\"72d895e\" data-element_type=\"widget\" data-e-type=\"widget\" data-widget_type=\"heading.default\">\n\t\t\t\t<div class=\"elementor-widget-container\">\n\t\t\t\t\t<h1 class=\"elementor-heading-title elementor-size-default\">Sewage Odor<\/h1>\t\t\t\t<\/div>\n\t\t\t\t<\/div>\n\t\t\t\t<div class=\"elementor-element elementor-element-78c56df elementor-widget elementor-widget-heading\" data-id=\"78c56df\" data-element_type=\"widget\" data-e-type=\"widget\" data-widget_type=\"heading.default\">\n\t\t\t\t<div class=\"elementor-widget-container\">\n\t\t\t\t\t<h2 class=\"elementor-heading-title elementor-size-default\">Nothing is more unpleasant in a home. Whether it comes from the kitchen, the toilet, or the bathroom, odor problems can appear in the house without warning.<\/h2>\t\t\t\t<\/div>\n\t\t\t\t<\/div>\n\t\t\t\t\t<\/div>\n\t\t<\/div>\n\t\t\t\t\t<\/div>\n\t\t<\/section>\n\t\t\t\t<section class=\"elementor-section elementor-top-section elementor-element elementor-element-08ec616 elementor-section-boxed elementor-section-height-default elementor-section-height-default\" data-id=\"08ec616\" data-element_type=\"section\" data-e-type=\"section\">\n\t\t\t\t\t\t<div class=\"elementor-container elementor-column-gap-default\">\n\t\t\t\t\t<div class=\"elementor-column elementor-col-50 elementor-top-column elementor-element elementor-element-ef3055c\" data-id=\"ef3055c\" data-element_type=\"column\" data-e-type=\"column\">\n\t\t\t<div class=\"elementor-widget-wrap elementor-element-populated\">\n\t\t\t\t\t\t<div class=\"elementor-element elementor-element-f0bd4c1 elementor-widget elementor-widget-image\" data-id=\"f0bd4c1\" data-element_type=\"widget\" data-e-type=\"widget\" data-widget_type=\"image.default\">\n\t\t\t\t<div class=\"elementor-widget-container\">\n\t\t\t\t\t\t\t\t\t\t\t\t\t\t\t<img decoding=\"async\" src=\"https:\/\/www.reseaudrain.com\/wp-content\/uploads\/elementor\/thumbs\/smell-opy8h1jwk0jbpl0phgarghstl9qd1z6n8euu2o9cg0.png\" title=\"smell\" alt=\"smell\" loading=\"lazy\" \/>\t\t\t\t\t\t\t\t\t\t\t\t\t\t\t<\/div>\n\t\t\t\t<\/div>\n\t\t\t\t\t<\/div>\n\t\t<\/div>\n\t\t\t\t<div class=\"elementor-column elementor-col-50 elementor-top-column elementor-element elementor-element-645698f\" data-id=\"645698f\" data-element_type=\"column\" data-e-type=\"column\">\n\t\t\t<div class=\"elementor-widget-wrap elementor-element-populated\">\n\t\t\t\t\t\t<div class=\"elementor-element elementor-element-22cc49e elementor-widget elementor-widget-text-editor\" data-id=\"22cc49e\" data-element_type=\"widget\" data-e-type=\"widget\" data-widget_type=\"text-editor.default\">\n\t\t\t\t<div class=\"elementor-widget-container\">\n\t\t\t\t\t\t\t\t\t<p>But what is the source of these unpleasant odors? Unfortunately, we cannot provide a precise and exact answer to this question, but our detection service will identify the exact source of these odors.<\/p><p><strong>Bad odors caused by sewer problems<\/strong><\/p><p>One of the most likely causes of these odor issues originates directly within the drainage system. Faulty traps, cracks, leaks, open joints, improperly sealed caps\u2014many factors can be the source of unpleasant odors entering your home. But don\u2019t worry, we will find them.<\/p>\t\t\t\t\t\t\t\t<\/div>\n\t\t\t\t<\/div>\n\t\t\t\t\t<\/div>\n\t\t<\/div>\n\t\t\t\t\t<\/div>\n\t\t<\/section>\n\t\t\t\t<section class=\"elementor-section elementor-top-section elementor-element elementor-element-21d222f elementor-section-boxed elementor-section-height-default elementor-section-height-default\" data-id=\"21d222f\" data-element_type=\"section\" data-e-type=\"section\">\n\t\t\t\t\t\t<div class=\"elementor-container elementor-column-gap-default\">\n\t\t\t\t\t<div class=\"elementor-column elementor-col-100 elementor-top-column elementor-element elementor-element-02a595f\" data-id=\"02a595f\" data-element_type=\"column\" data-e-type=\"column\">\n\t\t\t<div class=\"elementor-widget-wrap elementor-element-populated\">\n\t\t\t\t\t\t<div class=\"elementor-element elementor-element-55ab24e elementor-widget elementor-widget-text-editor\" data-id=\"55ab24e\" data-element_type=\"widget\" data-e-type=\"widget\" data-widget_type=\"text-editor.default\">\n\t\t\t\t<div class=\"elementor-widget-container\">\n\t\t\t\t\t\t\t\t\t<p>We have all the expertise, tools, and equipment required to detect every issue. Are you experiencing odor problems in your home? If the answer is yes, do not hesitate to contact us.<\/p>\t\t\t\t\t\t\t\t<\/div>\n\t\t\t\t<\/div>\n\t\t\t\t\t<\/div>\n\t\t<\/div>\n\t\t\t\t\t<\/div>\n\t\t<\/section>\n\t\t\t\t<section class=\"elementor-section elementor-top-section elementor-element elementor-element-be8893e elementor-section-boxed elementor-section-height-default elementor-section-height-default\" data-id=\"be8893e\" data-element_type=\"section\" data-e-type=\"section\">\n\t\t\t\t\t\t<div class=\"elementor-container elementor-column-gap-default\">\n\t\t\t\t\t<div class=\"elementor-column elementor-col-33 elementor-top-column elementor-element elementor-element-cfe4a43\" data-id=\"cfe4a43\" data-element_type=\"column\" data-e-type=\"column\">\n\t\t\t<div class=\"elementor-widget-wrap elementor-element-populated\">\n\t\t\t\t\t\t<div class=\"elementor-element elementor-element-58bf4c1 elementor-widget elementor-widget-image\" data-id=\"58bf4c1\" data-element_type=\"widget\" data-e-type=\"widget\" data-widget_type=\"image.default\">\n\t\t\t\t<div class=\"elementor-widget-container\">\n\t\t\t\t\t\t\t\t\t\t\t\t\t\t\t<img decoding=\"async\" width=\"109\" height=\"132\" src=\"https:\/\/www.reseaudrain.com\/wp-content\/uploads\/2020\/04\/Camera_Inspection.gif\" class=\"attachment-thumbnail size-thumbnail wp-image-601\" alt=\"Camera Inspection\" \/>\t\t\t\t\t\t\t\t\t\t\t\t\t\t\t<\/div>\n\t\t\t\t<\/div>\n\t\t\t\t\t<\/div>\n\t\t<\/div>\n\t\t\t\t<div class=\"elementor-column elementor-col-33 elementor-top-column elementor-element elementor-element-8f4921d\" data-id=\"8f4921d\" data-element_type=\"column\" data-e-type=\"column\">\n\t\t\t<div class=\"elementor-widget-wrap elementor-element-populated\">\n\t\t\t\t\t\t<div class=\"elementor-element elementor-element-6003cc5 elementor-widget elementor-widget-text-editor\" data-id=\"6003cc5\" data-element_type=\"widget\" data-e-type=\"widget\" data-widget_type=\"text-editor.default\">\n\t\t\t\t<div class=\"elementor-widget-container\">\n\t\t\t\t\t\t\t\t\t<p style=\"margin: 0;\">From the smallest to the most significant infiltration, we can effectively detect odor issues, even when they are difficult to locate at first glance. At \u201cR\u00e9seau Drain,\u201d we use specialized cameras to inspect sewers and pipes with precision. In addition, our range of smoke testing equipment complements the process. Detection is carried out without the need to break or excavate, allowing us to quickly determine the cause of odor problems in an efficient, safe, and non-destructive manner.<\/p>\t\t\t\t\t\t\t\t<\/div>\n\t\t\t\t<\/div>\n\t\t\t\t\t<\/div>\n\t\t<\/div>\n\t\t\t\t<div class=\"elementor-column elementor-col-33 elementor-top-column elementor-element elementor-element-96dcb0a\" data-id=\"96dcb0a\" data-element_type=\"column\" data-e-type=\"column\">\n\t\t\t<div class=\"elementor-widget-wrap elementor-element-populated\">\n\t\t\t\t\t\t<div class=\"elementor-element elementor-element-29d8833 elementor-widget elementor-widget-image\" data-id=\"29d8833\" data-element_type=\"widget\" data-e-type=\"widget\" data-widget_type=\"image.default\">\n\t\t\t\t<div class=\"elementor-widget-container\">\n\t\t\t\t\t\t\t\t\t\t\t\t\t\t\t<img decoding=\"async\" src=\"https:\/\/www.reseaudrain.com\/wp-content\/uploads\/2020\/04\/ReseauDrain_Icon.gif\" title=\"Network Drain smoke test\" alt=\"Network Drain smoke test\" loading=\"lazy\" \/>\t\t\t\t\t\t\t\t\t\t\t\t\t\t\t<\/div>\n\t\t\t\t<\/div>\n\t\t\t\t\t<\/div>\n\t\t<\/div>\n\t\t\t\t\t<\/div>\n\t\t<\/section>\n\t\t\t\t<section class=\"elementor-section elementor-top-section elementor-element elementor-element-4257210 elementor-section-boxed elementor-section-height-default elementor-section-height-default\" data-id=\"4257210\" data-element_type=\"section\" data-e-type=\"section\">\n\t\t\t\t\t\t<div class=\"elementor-container elementor-column-gap-default\">\n\t\t\t\t\t<div class=\"elementor-column elementor-col-100 elementor-top-column elementor-element elementor-element-2142c40\" data-id=\"2142c40\" data-element_type=\"column\" data-e-type=\"column\">\n\t\t\t<div class=\"elementor-widget-wrap elementor-element-populated\">\n\t\t\t\t\t\t<div class=\"elementor-element elementor-element-8229df1 elementor-widget elementor-widget-heading\" data-id=\"8229df1\" data-element_type=\"widget\" data-e-type=\"widget\" data-widget_type=\"heading.default\">\n\t\t\t\t<div class=\"elementor-widget-container\">\n\t\t\t\t\t<h2 class=\"elementor-heading-title elementor-size-default\">Sewer odor\u2026 nothing is more unpleasant in a home. Order your sewer odor detection directly with R\u00e9seau Drain.<\/h2>\t\t\t\t<\/div>\n\t\t\t\t<\/div>\n\t\t\t\t\t<\/div>\n\t\t<\/div>\n\t\t\t\t\t<\/div>\n\t\t<\/section>\n\t\t\t\t<section class=\"elementor-section elementor-top-section elementor-element elementor-element-3d1f142 elementor-section-boxed elementor-section-height-default elementor-section-height-default\" data-id=\"3d1f142\" data-element_type=\"section\" data-e-type=\"section\" data-no-translation=\"\">\n\t\t\t\t\t\t<div class=\"elementor-container elementor-column-gap-default\">\n\t\t\t\t\t<div class=\"elementor-column elementor-col-33 elementor-top-column elementor-element elementor-element-3d0f0c9\" data-id=\"3d0f0c9\" data-element_type=\"column\" data-e-type=\"column\">\n\t\t\t<div class=\"elementor-widget-wrap elementor-element-populated\">\n\t\t\t\t\t\t<div class=\"elementor-element elementor-element-a84dc9a elementor-widget elementor-widget-text-editor\" data-id=\"a84dc9a\" data-element_type=\"widget\" data-e-type=\"widget\" data-widget_type=\"text-editor.default\">\n\t\t\t\t<div class=\"elementor-widget-container\">\n\t\t\t\t\t\t\t\t\t<p style=\"margin-bottom: 0px;\">Sewer Odor Ahuntsic<br \/>Sewer Odor Anjou<br \/>Sewer Odor Auteuil<br \/>Sewer Odor Beaconsfield<br \/>Sewer Odor Beauharnois<br \/>Sewer Odor Beloeil<br \/>Sewer Odor Blainville<br \/>Sewer Odor Bois des Filion<br \/>Sewer Odor Boisbriand<br \/>Sewer Odor Boucherville<br \/>Sewer Odor Brossard<br \/>Sewer Odor Brownsburg-Chatham<br \/>Sewer Odor Candiac<br \/>Sewer Odor Carignan<br \/>Sewer Odor Cartierville<br \/>Sewer Odor Chambly<br \/>Sewer Odor Charlemagne<br \/>Sewer Odor Chateauguay<br \/>Sewer Odor Chomedey<br \/>Sewer Odor Contrecoeur<br \/>Sewer Odor Cote des Neiges<br \/>Sewer Odor Cote Saint Luc<br \/>Sewer Odor D.D.O<br \/>Sewer Odor Delson<br \/>Sewer Odor Deux-Montagnes<br \/>Sewer Odor Dorval<br \/>Sewer Odor Duvernay<br \/>Sewer Odor Epiphanie<br \/>Sewer Odor Fabreville<br \/>Sewer Odor Farnham<br \/>Sewer Odor Greenfield Park<br \/>Sewer Odor Hampstead<br \/>Sewer Odor Hampstead<br \/>Sewer Odor Hudson<br \/>Sewer Odor Ile Perrot<br \/>Sewer Odor Ile-Bizard<\/p>\t\t\t\t\t\t\t\t<\/div>\n\t\t\t\t<\/div>\n\t\t\t\t\t<\/div>\n\t\t<\/div>\n\t\t\t\t<div class=\"elementor-column elementor-col-33 elementor-top-column elementor-element elementor-element-80bbb23\" data-id=\"80bbb23\" data-element_type=\"column\" data-e-type=\"column\">\n\t\t\t<div class=\"elementor-widget-wrap elementor-element-populated\">\n\t\t\t\t\t\t<div class=\"elementor-element elementor-element-f6f20bb elementor-widget elementor-widget-text-editor\" data-id=\"f6f20bb\" data-element_type=\"widget\" data-e-type=\"widget\" data-widget_type=\"text-editor.default\">\n\t\t\t\t<div class=\"elementor-widget-container\">\n\t\t\t\t\t\t\t\t\t<p style=\"margin-bottom: 0px;\">Sewer Odor Kirkland<br \/>Sewer Odor La Prairie<br \/>Sewer Odor Lachine<br \/>Sewer Odor Lachute<br \/>Sewer Odor LaSalle<br \/>Sewer Odor Lorraine<br \/>Sewer Odor Laval<br \/>Sewer Odor Laval des Rapides<br \/>Sewer Odor Laval Ouest<br \/>Sewer Odor Lavaltrie<br \/>Sewer Odor Longueuil<br \/>Sewer Odor Maisonneuve<br \/>Sewer Odor Mascouche<br \/>Sewer Odor Mercier<br \/>Sewer Odor Mirabel<br \/>Sewer Odor Mont Saint Hilaire<br \/>Sewer Odor Montreal<br \/>Sewer Odor Morin-Heights<br \/>Sewer Odor Piedmont<br \/>Sewer Odor Pierrefonds<br \/>Sewer Odor Plateau-Mont-Royal<br \/>Sewer Odor Pointe aux Trembles<br \/>Sewer Odor Pointe Claire<br \/>Sewer Odor Pont-Viau<br \/>Sewer Odor Prevost<br \/>Sewer Odor Repentigny<br \/>Sewer Odor Richelieu<br \/>Sewer Odor Rigaud<br \/>Sewer Odor Riviere des Prairies<br \/>Sewer Odor Rosemere<br \/>Sewer Odor Rosemont<br \/>Sewer Odor Roxboro<br \/>Sewer Odor Saint Basile le Grand<br \/>Sewer Odor Saint Bruno<br \/>Sewer Odor Saint Calixte<br \/>Sewer Odor Saint Colomban<\/p>\t\t\t\t\t\t\t\t<\/div>\n\t\t\t\t<\/div>\n\t\t\t\t\t<\/div>\n\t\t<\/div>\n\t\t\t\t<div class=\"elementor-column elementor-col-33 elementor-top-column elementor-element elementor-element-6ebe062\" data-id=\"6ebe062\" data-element_type=\"column\" data-e-type=\"column\">\n\t\t\t<div class=\"elementor-widget-wrap elementor-element-populated\">\n\t\t\t\t\t\t<div class=\"elementor-element elementor-element-c3b467b elementor-widget elementor-widget-text-editor\" data-id=\"c3b467b\" data-element_type=\"widget\" data-e-type=\"widget\" data-widget_type=\"text-editor.default\">\n\t\t\t\t<div class=\"elementor-widget-container\">\n\t\t\t\t\t\t\t\t\t<p style=\"margin-bottom: 0px;\">Sewer Odor Saint Constant<br \/>Sewer Odor Saint Eustache<br \/>Sewer Odor Saint Fran\u00e7ois<br \/>Sewer Odor Saint Hippolyte<br \/>Sewer Odor Saint Jerome<br \/>Sewer Odor Saint Lambert<br \/>Sewer Odor Saint Lazare<br \/>Sewer Odor Saint Leonard<br \/>Sewer Odor Saint Lin Laurentides<br \/>Sewer Odor Saint Michel<br \/>Sewer Odor Saint Sauveur<br \/>Sewer Odor Saint Vincent de Paul<br \/>Sewer Odor St-Adolphe d&rsquo;Howard<br \/>Sewer Odor Sainte Adele<br \/>Sewer Odor Ste Agathe des Monts<br \/>Sewer Odor Ste Anne de Bellevue<br \/>Sewer Odor Ste Anne des Monts<br \/>Sewer Odor Ste Anne des Plaines<br \/>Sewer Odor Sainte Dorothee<br \/>Sewer Odor Sainte Genevieve<br \/>Sewer Odor Sainte Julie<br \/>Sewer Odor Sainte Rose<br \/>Sewer Odor Sainte Sophie<br \/>Sewer Odor Sainte Therese<br \/>Sewer Odor Terrebonne<br \/>Sewer Odor Val Morin<br \/>Sewer Odor Valleyfield<br \/>Sewer Odor Varennes<br \/>Sewer Odor Vaudreuil Dorion<br \/>Sewer Odor Verdun<br \/>Sewer Odor Ville Marie<br \/>Sewer Odor Ville Mont Royal<br \/>Sewer Odor Ville Saint Laurent<br \/>Sewer Odor Villeray<br \/>Sewer Odor Vimont<br \/>Sewer Odor Westmount<\/p>\t\t\t\t\t\t\t\t<\/div>\n\t\t\t\t<\/div>\n\t\t\t\t\t<\/div>\n\t\t<\/div>\n\t\t\t\t\t<\/div>\n\t\t<\/section>\n\t\t\t\t<section class=\"elementor-section elementor-top-section elementor-element elementor-element-9d1d6da elementor-section-boxed elementor-section-height-default elementor-section-height-default\" data-id=\"9d1d6da\" data-element_type=\"section\" data-e-type=\"section\">\n\t\t\t\t\t\t<div class=\"elementor-container elementor-column-gap-default\">\n\t\t\t\t\t<div class=\"elementor-column elementor-col-100 elementor-top-column elementor-element elementor-element-d4b8031\" data-id=\"d4b8031\" data-element_type=\"column\" data-e-type=\"column\">\n\t\t\t<div class=\"elementor-widget-wrap elementor-element-populated\">\n\t\t\t\t\t\t<div class=\"elementor-element elementor-element-800812b elementor-widget elementor-widget-spacer\" data-id=\"800812b\" data-element_type=\"widget\" data-e-type=\"widget\" data-widget_type=\"spacer.default\">\n\t\t\t\t<div class=\"elementor-widget-container\">\n\t\t\t\t\t\t\t<div class=\"elementor-spacer\">\n\t\t\t<div class=\"elementor-spacer-inner\"><\/div>\n\t\t<\/div>\n\t\t\t\t\t\t<\/div>\n\t\t\t\t<\/div>\n\t\t\t\t<div class=\"elementor-element elementor-element-da2671a elementor-widget elementor-widget-text-editor\" data-id=\"da2671a\" data-element_type=\"widget\" data-e-type=\"widget\" data-widget_type=\"text-editor.default\">\n\t\t\t\t<div class=\"elementor-widget-container\">\n\t\t\t\t\t\t\t\t\t<p style=\"text-align: center; margin-bottom: 5px; font-size: 20px;\"><strong style=\"color: #333333;\">R\u00e9seau Drain - INSPECTION<\/strong><\/p><p style=\"text-align: center; margin-bottom: 10px; font-size: 16px; color: #666666;\">Professional drain inspection and diagnosis throughout Montreal and surrounding areas.<\/p><p style=\"text-align: center; margin-bottom: 5px; font-size: 16px;\"><span style=\"color: #333333;\">Contact us for an inspection:<\/span><\/p><p style=\"text-align: center; margin-bottom: 0; font-size: 20px; font-weight: bold;\"><span style=\"color: #333333;\">Montreal and area :<\/span><br \/><a style=\"color: #ff6633; text-decoration: none;\" href=\"tel:514-433-9291\">514-433-9291<\/a><\/p><p style=\"text-align: center; margin-bottom: 0; font-size: 20px; font-weight: bold;\"><span style=\"color: #333333;\">Free of charge :<\/span><br \/><a style=\"color: #ff6633; text-decoration: none;\" href=\"tel:1-800-672-0493\">1-800-672-0493<\/a><\/p>\t\t\t\t\t\t\t\t<\/div>\n\t\t\t\t<\/div>\n\t\t\t\t<div class=\"elementor-element elementor-element-920e81a elementor-align-center elementor-widget elementor-widget-button\" data-id=\"920e81a\" data-element_type=\"widget\" data-e-type=\"widget\" data-widget_type=\"button.default\">\n\t\t\t\t<div class=\"elementor-widget-container\">\n\t\t\t\t\t\t\t\t\t<div class=\"elementor-button-wrapper\">\n\t\t\t\t\t<a class=\"elementor-button elementor-button-link elementor-size-sm\" href=\"https:\/\/www.reseaudrain.com\/en\/contact-us\/\">\n\t\t\t\t\t\t<span class=\"elementor-button-content-wrapper\">\n\t\t\t\t\t\t\t\t\t<span class=\"elementor-button-text\">Contact us<\/span>\n\t\t\t\t\t<\/span>\n\t\t\t\t\t<\/a>\n\t\t\t\t<\/div>\n\t\t\t\t\t\t\t\t<\/div>\n\t\t\t\t<\/div>\n\t\t\t\t<div class=\"elementor-element elementor-element-347f0b0 elementor-widget elementor-widget-spacer\" data-id=\"347f0b0\" data-element_type=\"widget\" data-e-type=\"widget\" data-widget_type=\"spacer.default\">\n\t\t\t\t<div class=\"elementor-widget-container\">\n\t\t\t\t\t\t\t<div class=\"elementor-spacer\">\n\t\t\t<div class=\"elementor-spacer-inner\"><\/div>\n\t\t<\/div>\n\t\t\t\t\t\t<\/div>\n\t\t\t\t<\/div>\n\t\t\t\t\t<\/div>\n\t\t<\/div>\n\t\t\t\t\t<\/div>\n\t\t<\/section>\n\t\t\t\t<\/div>","protected":false},"excerpt":{"rendered":"<p>Odeur D\u2019\u00e9gout Rien de plus d\u00e9sagr\u00e9able dans la maison. Que cela provienne de la cuisine, la toilette, dans la salle de bain, peu importe les probl\u00e8mes d\u2019odeur peuvent appara\u00eetre dans la maison et sans pr\u00e9venir. Mais qu\u2019elle est la source de ces odeurs si d\u00e9sagr\u00e9ables ? Malheureusement, nous ne pouvons pas donner de r\u00e9ponse pr\u00e9cise [&hellip;]<\/p>\n","protected":false},"author":1,"featured_media":0,"parent":0,"menu_order":0,"comment_status":"closed","ping_status":"closed","template":"elementor_header_footer","meta":{"footnotes":""},"class_list":["post-274","page","type-page","status-publish","hentry"],"_links":{"self":[{"href":"https:\/\/www.reseaudrain.com\/en\/wp-json\/wp\/v2\/pages\/274","targetHints":{"allow":["GET"]}}],"collection":[{"href":"https:\/\/www.reseaudrain.com\/en\/wp-json\/wp\/v2\/pages"}],"about":[{"href":"https:\/\/www.reseaudrain.com\/en\/wp-json\/wp\/v2\/types\/page"}],"author":[{"embeddable":true,"href":"https:\/\/www.reseaudrain.com\/en\/wp-json\/wp\/v2\/users\/1"}],"replies":[{"embeddable":true,"href":"https:\/\/www.reseaudrain.com\/en\/wp-json\/wp\/v2\/comments?post=274"}],"version-history":[{"count":63,"href":"https:\/\/www.reseaudrain.com\/en\/wp-json\/wp\/v2\/pages\/274\/revisions"}],"predecessor-version":[{"id":3640,"href":"https:\/\/www.reseaudrain.com\/en\/wp-json\/wp\/v2\/pages\/274\/revisions\/3640"}],"wp:attachment":[{"href":"https:\/\/www.reseaudrain.com\/en\/wp-json\/wp\/v2\/media?parent=274"}],"curies":[{"name":"wp","href":"https:\/\/api.w.org\/{rel}","templated":true}]}}