{"id":276,"date":"2020-04-17T04:30:03","date_gmt":"2020-04-17T04:30:03","guid":{"rendered":"https:\/\/www.reseaudrain.com\/?page_id=276"},"modified":"2026-03-30T01:46:50","modified_gmt":"2026-03-30T01:46:50","slug":"pipe-location","status":"publish","type":"page","link":"https:\/\/www.reseaudrain.com\/en\/localisation-tuyaux\/","title":{"rendered":"Pipe Location | R\u00e9seau Drain Quebec"},"content":{"rendered":"<div data-elementor-type=\"wp-page\" data-elementor-id=\"276\" class=\"elementor elementor-276\" data-elementor-post-type=\"page\">\n\t\t\t\t\t\t<section class=\"elementor-section elementor-top-section elementor-element elementor-element-d0f9731 elementor-section-boxed elementor-section-height-default elementor-section-height-default\" data-id=\"d0f9731\" data-element_type=\"section\" data-e-type=\"section\">\n\t\t\t\t\t\t<div class=\"elementor-container elementor-column-gap-default\">\n\t\t\t\t\t<div class=\"elementor-column elementor-col-100 elementor-top-column elementor-element elementor-element-ce09b49\" data-id=\"ce09b49\" data-element_type=\"column\" data-e-type=\"column\">\n\t\t\t<div class=\"elementor-widget-wrap elementor-element-populated\">\n\t\t\t\t\t\t<div class=\"elementor-element elementor-element-8ecc4db elementor-widget elementor-widget-image\" data-id=\"8ecc4db\" data-element_type=\"widget\" data-e-type=\"widget\" data-widget_type=\"image.default\">\n\t\t\t\t<div class=\"elementor-widget-container\">\n\t\t\t\t\t\t\t\t\t\t\t\t\t\t\t<img fetchpriority=\"high\" decoding=\"async\" width=\"1536\" height=\"1024\" src=\"https:\/\/www.reseaudrain.com\/wp-content\/uploads\/2026\/03\/Utility-worker-on-a-grassy-lawn.png\" class=\"attachment-full size-full wp-image-2335\" alt=\"\" srcset=\"https:\/\/www.reseaudrain.com\/wp-content\/uploads\/2026\/03\/Utility-worker-on-a-grassy-lawn.png 1536w, https:\/\/www.reseaudrain.com\/wp-content\/uploads\/2026\/03\/Utility-worker-on-a-grassy-lawn-300x200.png 300w, https:\/\/www.reseaudrain.com\/wp-content\/uploads\/2026\/03\/Utility-worker-on-a-grassy-lawn-1024x683.png 1024w, https:\/\/www.reseaudrain.com\/wp-content\/uploads\/2026\/03\/Utility-worker-on-a-grassy-lawn-768x512.png 768w, https:\/\/www.reseaudrain.com\/wp-content\/uploads\/2026\/03\/Utility-worker-on-a-grassy-lawn-18x12.png 18w, https:\/\/www.reseaudrain.com\/wp-content\/uploads\/2026\/03\/Utility-worker-on-a-grassy-lawn-1200x800.png 1200w\" sizes=\"(max-width: 1536px) 100vw, 1536px\" \/>\t\t\t\t\t\t\t\t\t\t\t\t\t\t\t<\/div>\n\t\t\t\t<\/div>\n\t\t\t\t\t<\/div>\n\t\t<\/div>\n\t\t\t\t\t<\/div>\n\t\t<\/section>\n\t\t\t\t<section class=\"elementor-section elementor-top-section elementor-element elementor-element-7f005d3 elementor-section-boxed elementor-section-height-default elementor-section-height-default\" data-id=\"7f005d3\" data-element_type=\"section\" data-e-type=\"section\">\n\t\t\t\t\t\t<div class=\"elementor-container elementor-column-gap-default\">\n\t\t\t\t\t<div class=\"elementor-column elementor-col-100 elementor-top-column elementor-element elementor-element-7dde98e\" data-id=\"7dde98e\" data-element_type=\"column\" data-e-type=\"column\">\n\t\t\t<div class=\"elementor-widget-wrap elementor-element-populated\">\n\t\t\t\t\t\t<div class=\"elementor-element elementor-element-07296d8 elementor-widget elementor-widget-heading\" data-id=\"07296d8\" data-element_type=\"widget\" data-e-type=\"widget\" data-widget_type=\"heading.default\">\n\t\t\t\t<div class=\"elementor-widget-container\">\n\t\t\t\t\t<h1 class=\"elementor-heading-title elementor-size-default\">Pipe Locating<\/h1>\t\t\t\t<\/div>\n\t\t\t\t<\/div>\n\t\t\t\t<div class=\"elementor-element elementor-element-43bbd59 elementor-widget elementor-widget-heading\" data-id=\"43bbd59\" data-element_type=\"widget\" data-e-type=\"widget\" data-widget_type=\"heading.default\">\n\t\t\t\t<div class=\"elementor-widget-container\">\n\t\t\t\t\t<h2 class=\"elementor-heading-title elementor-size-default\">Accurate detection of pipe location, depth, and routing<\/h2>\t\t\t\t<\/div>\n\t\t\t\t<\/div>\n\t\t\t\t<div class=\"elementor-element elementor-element-b53db03 elementor-widget elementor-widget-text-editor\" data-id=\"b53db03\" data-element_type=\"widget\" data-e-type=\"widget\" data-widget_type=\"text-editor.default\">\n\t\t\t\t<div class=\"elementor-widget-container\">\n\t\t\t\t\t\t\t\t\t<p>Pipe locating allows you to precisely identify the path of an underground line without having to dig blindly. Using a transmitter installed on the inspection equipment, it becomes possible to trace the pipe from the surface and pinpoint its exact location.<\/p><p>This technique is especially useful for planning work, verifying the path of a drain, confirming pipe depth, or locating a specific section of the system. It also helps avoid costly mistakes during renovations, excavations, or targeted repairs.<\/p><p>At \u201cR\u00e9seau Drain,\u201d we use specialized tools to perform fast, accurate, and safe pipe locating. Whether for residential, commercial, or industrial drains, our goal is to provide you with the information needed to intervene in the right place from the start.<\/p>\t\t\t\t\t\t\t\t<\/div>\n\t\t\t\t<\/div>\n\t\t\t\t\t<\/div>\n\t\t<\/div>\n\t\t\t\t\t<\/div>\n\t\t<\/section>\n\t\t\t\t<section class=\"elementor-section elementor-top-section elementor-element elementor-element-ccd66c5 elementor-section-boxed elementor-section-height-default elementor-section-height-default\" data-id=\"ccd66c5\" data-element_type=\"section\" data-e-type=\"section\">\n\t\t\t\t\t\t<div class=\"elementor-container elementor-column-gap-default\">\n\t\t\t\t\t<div class=\"elementor-column elementor-col-100 elementor-top-column elementor-element elementor-element-a0d23c1\" data-id=\"a0d23c1\" data-element_type=\"column\" data-e-type=\"column\">\n\t\t\t<div class=\"elementor-widget-wrap elementor-element-populated\">\n\t\t\t\t\t\t<div class=\"elementor-element elementor-element-09e2836 elementor-widget elementor-widget-heading\" data-id=\"09e2836\" data-element_type=\"widget\" data-e-type=\"widget\" data-widget_type=\"heading.default\">\n\t\t\t\t<div class=\"elementor-widget-container\">\n\t\t\t\t\t<h2 class=\"elementor-heading-title elementor-size-default\">Locate the exact path of your pipes before digging unnecessarily\u2014order your pipe locating service directly in your city with R\u00e9seau Drain.<\/h2>\t\t\t\t<\/div>\n\t\t\t\t<\/div>\n\t\t\t\t\t<\/div>\n\t\t<\/div>\n\t\t\t\t\t<\/div>\n\t\t<\/section>\n\t\t\t\t<section class=\"elementor-section elementor-top-section elementor-element elementor-element-7e5d743 elementor-section-boxed elementor-section-height-default elementor-section-height-default\" data-id=\"7e5d743\" data-element_type=\"section\" data-e-type=\"section\" data-no-translation=\"\">\n\t\t\t\t\t\t<div class=\"elementor-container elementor-column-gap-default\">\n\t\t\t\t\t<div class=\"elementor-column elementor-col-33 elementor-top-column elementor-element elementor-element-d724a95\" data-id=\"d724a95\" data-element_type=\"column\" data-e-type=\"column\">\n\t\t\t<div class=\"elementor-widget-wrap elementor-element-populated\">\n\t\t\t\t\t\t<div class=\"elementor-element elementor-element-1a09f47 elementor-widget elementor-widget-text-editor\" data-id=\"1a09f47\" data-element_type=\"widget\" data-e-type=\"widget\" data-widget_type=\"text-editor.default\">\n\t\t\t\t<div class=\"elementor-widget-container\">\n\t\t\t\t\t\t\t\t\t<p style=\"margin-bottom: 0px;\">Pipe Locating Ahuntsic<br \/>Pipe Locating Anjou<br \/>Pipe Locating Auteuil<br \/>Pipe Locating Beaconsfield<br \/>Pipe Locating Beauharnois<br \/>Pipe Locating Beloeil<br \/>Pipe Locating Blainville<br \/>Pipe Locating Bois-des-Filion<br \/>Pipe Locating Boisbriand<br \/>Pipe Locating Boucherville<br \/>Pipe Locating Brossard<br \/>Pipe Locating Brownsburg-Chatham<br \/>Pipe Locating Candiac<br \/>Pipe Locating Carignan<br \/>Pipe Locating Cartierville<br \/>Pipe Locating Chambly<br \/>Pipe Locating Charlemagne<br \/>Pipe Locating Ch\u00e2teauguay<br \/>Pipe Locating Chomedey<br \/>Pipe Locating Contrec\u0153ur<br \/>Pipe Locating C\u00f4te-des-Neiges<br \/>Pipe Locating C\u00f4te-Saint-Luc<br \/>Pipe Locating D.D.O.<br \/>Pipe Locating Delson<br \/>Pipe Locating Deux-Montagnes<br \/>Pipe Locating Dorval<br \/>Pipe Locating Duvernay<br \/>Pipe Locating L\u2019\u00c9piphanie<br \/>Pipe Locating Fabreville<br \/>Pipe Locating Farnham<br \/>Pipe Locating Greenfield Park<br \/>Pipe Locating Hampstead<br \/>Pipe Locating Hampstead<br \/>Pipe Locating Hudson<br \/>Pipe Locating \u00cele-Perrot<br \/>Pipe Locating \u00cele-Bizard<\/p>\t\t\t\t\t\t\t\t<\/div>\n\t\t\t\t<\/div>\n\t\t\t\t\t<\/div>\n\t\t<\/div>\n\t\t\t\t<div class=\"elementor-column elementor-col-33 elementor-top-column elementor-element elementor-element-8d7060a\" data-id=\"8d7060a\" data-element_type=\"column\" data-e-type=\"column\">\n\t\t\t<div class=\"elementor-widget-wrap elementor-element-populated\">\n\t\t\t\t\t\t<div class=\"elementor-element elementor-element-c11fd27 elementor-widget elementor-widget-text-editor\" data-id=\"c11fd27\" data-element_type=\"widget\" data-e-type=\"widget\" data-widget_type=\"text-editor.default\">\n\t\t\t\t<div class=\"elementor-widget-container\">\n\t\t\t\t\t\t\t\t\t<p style=\"margin-bottom: 0px;\">Pipe Locating Kirkland<br \/>Pipe Locating La Prairie<br \/>Pipe Locating Lachine<br \/>Pipe Locating Lachute<br \/>Pipe Locating LaSalle<br \/>Pipe Locating Lorraine<br \/>Pipe Locating Laval<br \/>Pipe Locating Laval-des-Rapides<br \/>Pipe Locating Laval-Ouest<br \/>Pipe Locating Lavaltrie<br \/>Pipe Locating Longueuil<br \/>Pipe Locating Maisonneuve<br \/>Pipe Locating Mascouche<br \/>Pipe Locating Mercier<br \/>Pipe Locating Mirabel<br \/>Pipe Locating Mont-Saint-Hilaire<br \/>Pipe Locating Montreal<br \/>Pipe Locating Morin-Heights<br \/>Pipe Locating Piedmont<br \/>Pipe Locating Pierrefonds<br \/>Pipe Locating Plateau-Mont-Royal<br \/>Pipe Locating Pointe-aux-Trembles<br \/>Pipe Locating Pointe-Claire<br \/>Pipe Locating Pont-Viau<br \/>Pipe Locating Prevost<br \/>Pipe Locating Repentigny<br \/>Pipe Locating Richelieu<br \/>Pipe Locating Rigaud<br \/>Pipe Locating Rivi\u00e8re-des-Prairies<br \/>Pipe Locating Rosem\u00e8re<br \/>Pipe Locating Rosemont<br \/>Pipe Locating Roxboro<br \/>Pipe Locating Saint-Basile-le-Grand<br \/>Pipe Locating Saint-Bruno<br \/>Pipe Locating Saint-Calixte<br \/>Pipe Locating Saint-Colomban<\/p>\t\t\t\t\t\t\t\t<\/div>\n\t\t\t\t<\/div>\n\t\t\t\t\t<\/div>\n\t\t<\/div>\n\t\t\t\t<div class=\"elementor-column elementor-col-33 elementor-top-column elementor-element elementor-element-e2b68b9\" data-id=\"e2b68b9\" data-element_type=\"column\" data-e-type=\"column\">\n\t\t\t<div class=\"elementor-widget-wrap elementor-element-populated\">\n\t\t\t\t\t\t<div class=\"elementor-element elementor-element-4a8650a elementor-widget elementor-widget-text-editor\" data-id=\"4a8650a\" data-element_type=\"widget\" data-e-type=\"widget\" data-widget_type=\"text-editor.default\">\n\t\t\t\t<div class=\"elementor-widget-container\">\n\t\t\t\t\t\t\t\t\t<p style=\"margin-bottom: 0px;\">Pipe Locating Saint-Constant<br \/>Pipe Locating Saint-Eustache<br \/>Pipe Locating Saint-Fran\u00e7ois<br \/>Pipe Locating Saint-Hippolyte<br \/>Pipe Locating Saint-J\u00e9r\u00f4me<br \/>Pipe Locating Saint-Lambert<br \/>Pipe Locating Saint-Lazare<br \/>Pipe Locating Saint-L\u00e9onard<br \/>Pipe Locating Saint-Lin-Laurentides<br \/>Pipe Locating Saint-Michel<br \/>Pipe Locating Saint-Sauveur<br \/>Pipe Locating Saint-Vincent-de-Paul<br \/>Pipe Locating Saint-Adolphe-d&rsquo;Howard<br \/>Pipe Locating Sainte-Ad\u00e8le<br \/>Pipe Locating Sainte-Agathe-des-Monts<br \/>Pipe Locating Sainte-Anne-de-Bellevue<br \/>Pipe Locating Sainte-Anne-des-Monts<br \/>Pipe Locating Sainte-Anne-des-Plaines<br \/>Pipe Locating Sainte-Doroth\u00e9e<br \/>Pipe Locating Sainte-Genevi\u00e8ve<br \/>Pipe Locating Sainte-Julie<br \/>Pipe Locating Sainte-Rose<br \/>Pipe Locating Sainte-Sophie<br \/>Pipe Locating Sainte-Th\u00e9r\u00e8se<br \/>Pipe Locating Terrebonne<br \/>Pipe Locating Val-Morin<br \/>Pipe Locating Salaberry-de-Valleyfield<br \/>Pipe Locating Varennes<br \/>Pipe Locating Vaudreuil-Dorion<br \/>Pipe Locating Verdun<br \/>Pipe Locating Ville-Marie<br \/>Pipe Locating Mount Royal<br \/>Pipe Locating Saint-Laurent<br \/>Pipe Locating Villeray<br \/>Pipe Locating Vimont<br \/>Pipe Locating Westmount<\/p>\t\t\t\t\t\t\t\t<\/div>\n\t\t\t\t<\/div>\n\t\t\t\t\t<\/div>\n\t\t<\/div>\n\t\t\t\t\t<\/div>\n\t\t<\/section>\n\t\t\t\t<section class=\"elementor-section elementor-top-section elementor-element elementor-element-033840a elementor-section-boxed elementor-section-height-default elementor-section-height-default\" data-id=\"033840a\" data-element_type=\"section\" data-e-type=\"section\">\n\t\t\t\t\t\t<div class=\"elementor-container elementor-column-gap-default\">\n\t\t\t\t\t<div class=\"elementor-column elementor-col-100 elementor-top-column elementor-element elementor-element-129a05c\" data-id=\"129a05c\" data-element_type=\"column\" data-e-type=\"column\">\n\t\t\t<div class=\"elementor-widget-wrap elementor-element-populated\">\n\t\t\t\t\t\t<div class=\"elementor-element elementor-element-1b8edbf elementor-widget elementor-widget-spacer\" data-id=\"1b8edbf\" data-element_type=\"widget\" data-e-type=\"widget\" data-widget_type=\"spacer.default\">\n\t\t\t\t<div class=\"elementor-widget-container\">\n\t\t\t\t\t\t\t<div class=\"elementor-spacer\">\n\t\t\t<div class=\"elementor-spacer-inner\"><\/div>\n\t\t<\/div>\n\t\t\t\t\t\t<\/div>\n\t\t\t\t<\/div>\n\t\t\t\t<div class=\"elementor-element elementor-element-7d475cf elementor-widget elementor-widget-text-editor\" data-id=\"7d475cf\" data-element_type=\"widget\" data-e-type=\"widget\" data-widget_type=\"text-editor.default\">\n\t\t\t\t<div class=\"elementor-widget-container\">\n\t\t\t\t\t\t\t\t\t<p style=\"text-align: center; margin-bottom: 5px; font-size: 20px;\"><strong style=\"color: #333333;\">R\u00e9seau Drain - INSPECTION<\/strong><\/p><p style=\"text-align: center; margin-bottom: 10px; font-size: 16px; color: #666666;\">Professional drain inspection and diagnosis throughout Montreal and surrounding areas.<\/p><p style=\"text-align: center; margin-bottom: 5px; font-size: 16px;\"><span style=\"color: #333333;\">Contact us for an inspection:<\/span><\/p><p style=\"text-align: center; margin-bottom: 0; font-size: 20px; font-weight: bold;\"><span style=\"color: #333333;\">Montreal and area :<\/span><br \/><a style=\"color: #ff6633; text-decoration: none;\" href=\"tel:514-433-9291\">514-433-9291<\/a><\/p><p style=\"text-align: center; margin-bottom: 0; font-size: 20px; font-weight: bold;\"><span style=\"color: #333333;\">Free of charge :<\/span><br \/><a style=\"color: #ff6633; text-decoration: none;\" href=\"tel:1-800-672-0493\">1-800-672-0493<\/a><\/p>\t\t\t\t\t\t\t\t<\/div>\n\t\t\t\t<\/div>\n\t\t\t\t<div class=\"elementor-element elementor-element-f157e8d elementor-align-center elementor-widget elementor-widget-button\" data-id=\"f157e8d\" data-element_type=\"widget\" data-e-type=\"widget\" data-widget_type=\"button.default\">\n\t\t\t\t<div class=\"elementor-widget-container\">\n\t\t\t\t\t\t\t\t\t<div class=\"elementor-button-wrapper\">\n\t\t\t\t\t<a class=\"elementor-button elementor-button-link elementor-size-sm\" href=\"https:\/\/www.reseaudrain.com\/en\/contact-us\/\">\n\t\t\t\t\t\t<span class=\"elementor-button-content-wrapper\">\n\t\t\t\t\t\t\t\t\t<span class=\"elementor-button-text\">Contact us<\/span>\n\t\t\t\t\t<\/span>\n\t\t\t\t\t<\/a>\n\t\t\t\t<\/div>\n\t\t\t\t\t\t\t\t<\/div>\n\t\t\t\t<\/div>\n\t\t\t\t<div class=\"elementor-element elementor-element-0675b4e elementor-widget elementor-widget-spacer\" data-id=\"0675b4e\" data-element_type=\"widget\" data-e-type=\"widget\" data-widget_type=\"spacer.default\">\n\t\t\t\t<div class=\"elementor-widget-container\">\n\t\t\t\t\t\t\t<div class=\"elementor-spacer\">\n\t\t\t<div class=\"elementor-spacer-inner\"><\/div>\n\t\t<\/div>\n\t\t\t\t\t\t<\/div>\n\t\t\t\t<\/div>\n\t\t\t\t\t<\/div>\n\t\t<\/div>\n\t\t\t\t\t<\/div>\n\t\t<\/section>\n\t\t\t\t<\/div>","protected":false},"excerpt":{"rendered":"<p>Localisation de tuyaux Rep\u00e9rage pr\u00e9cis de l\u2019emplacement, de la profondeur et du trac\u00e9 des conduits La localisation de tuyaux permet d\u2019identifier avec pr\u00e9cision le parcours d\u2019une conduite souterraine sans avoir \u00e0 creuser \u00e0 l\u2019aveugle. Gr\u00e2ce \u00e0 un \u00e9metteur install\u00e9 sur l\u2019\u00e9quipement d\u2019inspection, il devient possible de suivre le trac\u00e9 du tuyau depuis la surface et [&hellip;]<\/p>\n","protected":false},"author":1,"featured_media":0,"parent":0,"menu_order":0,"comment_status":"closed","ping_status":"closed","template":"elementor_header_footer","meta":{"footnotes":""},"class_list":["post-276","page","type-page","status-publish","hentry"],"_links":{"self":[{"href":"https:\/\/www.reseaudrain.com\/en\/wp-json\/wp\/v2\/pages\/276","targetHints":{"allow":["GET"]}}],"collection":[{"href":"https:\/\/www.reseaudrain.com\/en\/wp-json\/wp\/v2\/pages"}],"about":[{"href":"https:\/\/www.reseaudrain.com\/en\/wp-json\/wp\/v2\/types\/page"}],"author":[{"embeddable":true,"href":"https:\/\/www.reseaudrain.com\/en\/wp-json\/wp\/v2\/users\/1"}],"replies":[{"embeddable":true,"href":"https:\/\/www.reseaudrain.com\/en\/wp-json\/wp\/v2\/comments?post=276"}],"version-history":[{"count":57,"href":"https:\/\/www.reseaudrain.com\/en\/wp-json\/wp\/v2\/pages\/276\/revisions"}],"predecessor-version":[{"id":3639,"href":"https:\/\/www.reseaudrain.com\/en\/wp-json\/wp\/v2\/pages\/276\/revisions\/3639"}],"wp:attachment":[{"href":"https:\/\/www.reseaudrain.com\/en\/wp-json\/wp\/v2\/media?parent=276"}],"curies":[{"name":"wp","href":"https:\/\/api.w.org\/{rel}","templated":true}]}}