{"id":651,"date":"2020-04-21T06:23:17","date_gmt":"2020-04-21T06:23:17","guid":{"rendered":"https:\/\/www.reseaudrain.com\/?page_id=651"},"modified":"2026-03-30T01:53:51","modified_gmt":"2026-03-30T01:53:51","slug":"towns-served","status":"publish","type":"page","link":"https:\/\/www.reseaudrain.com\/en\/villes-desservies\/","title":{"rendered":"Service Areas | R\u00e9seau Drain Quebec"},"content":{"rendered":"<div data-elementor-type=\"wp-page\" data-elementor-id=\"651\" class=\"elementor elementor-651\" data-elementor-post-type=\"page\">\n\t\t\t\t\t\t<section class=\"elementor-section elementor-top-section elementor-element elementor-element-7e62b53 elementor-section-boxed elementor-section-height-default elementor-section-height-default\" data-id=\"7e62b53\" data-element_type=\"section\" data-e-type=\"section\">\n\t\t\t\t\t\t<div class=\"elementor-container elementor-column-gap-default\">\n\t\t\t\t\t<div class=\"elementor-column elementor-col-100 elementor-top-column elementor-element elementor-element-bbae843\" data-id=\"bbae843\" data-element_type=\"column\" data-e-type=\"column\">\n\t\t\t<div class=\"elementor-widget-wrap elementor-element-populated\">\n\t\t\t\t\t\t<div class=\"elementor-element elementor-element-1db9398 elementor-widget elementor-widget-image\" data-id=\"1db9398\" data-element_type=\"widget\" data-e-type=\"widget\" data-widget_type=\"image.default\">\n\t\t\t\t<div class=\"elementor-widget-container\">\n\t\t\t\t\t\t\t\t\t\t\t\t\t\t\t<img fetchpriority=\"high\" decoding=\"async\" width=\"1536\" height=\"1024\" src=\"https:\/\/www.reseaudrain.com\/wp-content\/uploads\/2026\/03\/Reseau-Drain-truck-in-Quebec-landscape.png\" class=\"attachment-full size-full wp-image-3533\" alt=\"\" srcset=\"https:\/\/www.reseaudrain.com\/wp-content\/uploads\/2026\/03\/Reseau-Drain-truck-in-Quebec-landscape.png 1536w, https:\/\/www.reseaudrain.com\/wp-content\/uploads\/2026\/03\/Reseau-Drain-truck-in-Quebec-landscape-300x200.png 300w, https:\/\/www.reseaudrain.com\/wp-content\/uploads\/2026\/03\/Reseau-Drain-truck-in-Quebec-landscape-1024x683.png 1024w, https:\/\/www.reseaudrain.com\/wp-content\/uploads\/2026\/03\/Reseau-Drain-truck-in-Quebec-landscape-768x512.png 768w, https:\/\/www.reseaudrain.com\/wp-content\/uploads\/2026\/03\/Reseau-Drain-truck-in-Quebec-landscape-18x12.png 18w, https:\/\/www.reseaudrain.com\/wp-content\/uploads\/2026\/03\/Reseau-Drain-truck-in-Quebec-landscape-1200x800.png 1200w\" sizes=\"(max-width: 1536px) 100vw, 1536px\" \/>\t\t\t\t\t\t\t\t\t\t\t\t\t\t\t<\/div>\n\t\t\t\t<\/div>\n\t\t\t\t\t<\/div>\n\t\t<\/div>\n\t\t\t\t\t<\/div>\n\t\t<\/section>\n\t\t\t\t<section class=\"elementor-section elementor-top-section elementor-element elementor-element-fd34828 elementor-section-boxed elementor-section-height-default elementor-section-height-default\" data-id=\"fd34828\" data-element_type=\"section\" data-e-type=\"section\">\n\t\t\t\t\t\t<div class=\"elementor-container elementor-column-gap-default\">\n\t\t\t\t\t<div class=\"elementor-column elementor-col-100 elementor-top-column elementor-element elementor-element-7b27133\" data-id=\"7b27133\" data-element_type=\"column\" data-e-type=\"column\">\n\t\t\t<div class=\"elementor-widget-wrap elementor-element-populated\">\n\t\t\t\t\t\t<div class=\"elementor-element elementor-element-8621f30 elementor-widget elementor-widget-heading\" data-id=\"8621f30\" data-element_type=\"widget\" data-e-type=\"widget\" data-widget_type=\"heading.default\">\n\t\t\t\t<div class=\"elementor-widget-container\">\n\t\t\t\t\t<h1 class=\"elementor-heading-title elementor-size-default\">Cities served by R\u00e9seau Drain<\/h1>\t\t\t\t<\/div>\n\t\t\t\t<\/div>\n\t\t\t\t<div class=\"elementor-element elementor-element-de6e338 elementor-widget elementor-widget-heading\" data-id=\"de6e338\" data-element_type=\"widget\" data-e-type=\"widget\" data-widget_type=\"heading.default\">\n\t\t\t\t<div class=\"elementor-widget-container\">\n\t\t\t\t\t<h2 class=\"elementor-heading-title elementor-size-default\">Discover all the cities served by our inspection and detection services<\/h2>\t\t\t\t<\/div>\n\t\t\t\t<\/div>\n\t\t\t\t<div class=\"elementor-element elementor-element-9b6c600 elementor-widget elementor-widget-text-editor\" data-id=\"9b6c600\" data-element_type=\"widget\" data-e-type=\"widget\" data-widget_type=\"text-editor.default\">\n\t\t\t\t<div class=\"elementor-widget-container\">\n\t\t\t\t\t\t\t\t\t<p>Discover all the cities served by our inspection and detection services with R\u00e9seau Drain, a company specializing exclusively in drain inspection and assessment. We offer a complete range of services tailored to every situation, wherever we operate. Thanks to our expertise and state-of-the-art equipment, we can quickly identify problems and provide you with an accurate, reliable diagnosis. Whatever the city, our objective remains the same: to provide you with a professional, transparent and efficient service to protect your property and enable you to act with confidence.<\/p>\t\t\t\t\t\t\t\t<\/div>\n\t\t\t\t<\/div>\n\t\t\t\t\t<\/div>\n\t\t<\/div>\n\t\t\t\t\t<\/div>\n\t\t<\/section>\n\t\t\t\t<section class=\"elementor-section elementor-top-section elementor-element elementor-element-451fc88 elementor-section-boxed elementor-section-height-default elementor-section-height-default\" data-id=\"451fc88\" data-element_type=\"section\" data-e-type=\"section\" data-no-translation=\"\">\n\t\t\t\t\t\t<div class=\"elementor-container elementor-column-gap-default\">\n\t\t\t\t\t<div class=\"elementor-column elementor-col-33 elementor-top-column elementor-element elementor-element-5ac5645\" data-id=\"5ac5645\" data-element_type=\"column\" data-e-type=\"column\">\n\t\t\t<div class=\"elementor-widget-wrap elementor-element-populated\">\n\t\t\t\t\t\t<div class=\"elementor-element elementor-element-59cdcd8 elementor-widget elementor-widget-text-editor\" data-id=\"59cdcd8\" data-element_type=\"widget\" data-e-type=\"widget\" data-widget_type=\"text-editor.default\">\n\t\t\t\t<div class=\"elementor-widget-container\">\n\t\t\t\t\t\t\t\t\t<p style=\"margin-bottom: 0px;\">R\u00e9seau Drain Ahuntsic<br \/>R\u00e9seau Drain Anjou<br \/>R\u00e9seau Drain Auteuil<br \/>R\u00e9seau Drain Beaconsfield<br \/>R\u00e9seau Drain Beauharnois<br \/>R\u00e9seau Drain Beloeil<br \/>R\u00e9seau Drain Blainville<br \/>R\u00e9seau Drain Bois des Filion<br \/>R\u00e9seau Drain Boisbriand<br \/>R\u00e9seau Drain Boucherville<br \/>R\u00e9seau Drain Brossard<br \/>R\u00e9seau Drain Brownsburg-Chatham<br \/>R\u00e9seau Drain Candiac<br \/>R\u00e9seau Drain Carignan<br \/>R\u00e9seau Drain Cartierville<br \/>R\u00e9seau Drain Chambly<br \/>R\u00e9seau Drain Charlemagne<br \/>R\u00e9seau Drain Chateauguay<br \/>R\u00e9seau Drain Chomedey<br \/>R\u00e9seau Drain Contrecoeur<br \/>R\u00e9seau Drain Cote des Neiges<br \/>R\u00e9seau Drain Cote Saint Luc<br \/>R\u00e9seau Drain D.D.O<br \/>R\u00e9seau Drain Delson<br \/>R\u00e9seau Drain Deux-Montagnes<br \/>R\u00e9seau Drain Dorval<br \/>R\u00e9seau Drain Duvernay<br \/>R\u00e9seau Drain Epiphanie<br \/>R\u00e9seau Drain Fabreville<br \/>R\u00e9seau Drain Farnham<br \/>R\u00e9seau Drain Farnham<br \/>R\u00e9seau Drain Hampstead<br \/>R\u00e9seau Drain Greenfield Park<br \/>R\u00e9seau Drain Hudson<br \/>R\u00e9seau Drain Ile Perrot<br \/>R\u00e9seau Drain Ile-Bizard<\/p>\t\t\t\t\t\t\t\t<\/div>\n\t\t\t\t<\/div>\n\t\t\t\t\t<\/div>\n\t\t<\/div>\n\t\t\t\t<div class=\"elementor-column elementor-col-33 elementor-top-column elementor-element elementor-element-6281ded\" data-id=\"6281ded\" data-element_type=\"column\" data-e-type=\"column\">\n\t\t\t<div class=\"elementor-widget-wrap elementor-element-populated\">\n\t\t\t\t\t\t<div class=\"elementor-element elementor-element-4ee8a2f elementor-widget elementor-widget-text-editor\" data-id=\"4ee8a2f\" data-element_type=\"widget\" data-e-type=\"widget\" data-widget_type=\"text-editor.default\">\n\t\t\t\t<div class=\"elementor-widget-container\">\n\t\t\t\t\t\t\t\t\t<p style=\"margin-bottom: 0px;\">R\u00e9seau Drain Kirkland<br \/>\nR\u00e9seau Drain La Prairie<br \/>\nR\u00e9seau Drain Lachine<br \/>\nR\u00e9seau Drain Lachute<br \/>\nR\u00e9seau Drain LaSalle<br \/>\nR\u00e9seau Drain Laurraine<br \/>\nR\u00e9seau Drain Laval<br \/>\nR\u00e9seau Drain Laval des Rapides<br \/>\nR\u00e9seau Drain Laval Ouest<br \/>\nR\u00e9seau Drain Lavaltrie<br \/>\nR\u00e9seau Drain Longueuil<br \/>\nR\u00e9seau Drain Maisonneuve<br \/>\nR\u00e9seau Drain Mascouche<br \/>\nR\u00e9seau Drain Mercier<br \/>\nR\u00e9seau Drain Mirabel<br \/>\nR\u00e9seau Drain Mont Saint Hilaire<br \/>\nR\u00e9seau Drain Montr\u00e9al<br \/>\nR\u00e9seau Drain Morin-Heights<br \/>\nR\u00e9seau Drain Piedmont<br \/>\nR\u00e9seau Drain Pierrefonds<br \/>\nR\u00e9seau Drain Plateau-Mont-Royal<br \/>\nR\u00e9seau Drain Pointe aux Trembles<br \/>\nR\u00e9seau Drain Pointe Claire<br \/>\nR\u00e9seau Drain Pont-Viau<br \/>\nR\u00e9seau Drain Prevost<br \/>\nR\u00e9seau Drain Repentigny<br \/>\nR\u00e9seau Drain Richelieu<br \/>\nR\u00e9seau Drain Rigaud<br \/>\nR\u00e9seau Drain Riviere des Prairies<br \/>\nR\u00e9seau Drain Rosemere<br \/>\nR\u00e9seau Drain Rosemont<br \/>\nR\u00e9seau Drain Roxboro<br \/>\nR\u00e9seau Drain Saint Basile le Grand<br \/>\nR\u00e9seau Drain Saint Bruno<br \/>\nR\u00e9seau Drain Saint Calixte<br \/>\nR\u00e9seau Drain Saint Colomban<\/p>\t\t\t\t\t\t\t\t<\/div>\n\t\t\t\t<\/div>\n\t\t\t\t\t<\/div>\n\t\t<\/div>\n\t\t\t\t<div class=\"elementor-column elementor-col-33 elementor-top-column elementor-element elementor-element-9996b87\" data-id=\"9996b87\" data-element_type=\"column\" data-e-type=\"column\">\n\t\t\t<div class=\"elementor-widget-wrap elementor-element-populated\">\n\t\t\t\t\t\t<div class=\"elementor-element elementor-element-3181f9d elementor-widget elementor-widget-text-editor\" data-id=\"3181f9d\" data-element_type=\"widget\" data-e-type=\"widget\" data-widget_type=\"text-editor.default\">\n\t\t\t\t<div class=\"elementor-widget-container\">\n\t\t\t\t\t\t\t\t\t<p style=\"margin-bottom: 0px;\">R\u00e9seau Drain Saint Constant<br \/>\nR\u00e9seau Drain Saint Eustache<br \/>\nR\u00e9seau Drain Saint Fran\u00e7ois<br \/>\nR\u00e9seau Drain Saint Hippolyte<br \/>\nR\u00e9seau Drain Saint Jerome<br \/>\nR\u00e9seau Drain Saint Lambert<br \/>\nR\u00e9seau Drain Saint Lazare<br \/>\nR\u00e9seau Drain Saint Leonard<br \/>\nR\u00e9seau Drain Saint Lin Laurentides<br \/>\nR\u00e9seau Drain Saint Michel<br \/>\nR\u00e9seau Drain Saint Sauveur<br \/>\nR\u00e9seau Drain Saint Vincent de Paul<br \/>\nR\u00e9seau Drain Saint-Adolphe d&rsquo;Howard<br \/>\nR\u00e9seau Drain Sainte Adele<br \/>\nR\u00e9seau Drain Sainte Agathe des Monts<br \/>\nR\u00e9seau Drain Sainte Anne de Bellevue<br \/>\nR\u00e9seau Drain Sainte Anne des Monts<br \/>\nR\u00e9seau Drain Sainte Anne des Plaines<br \/>\nR\u00e9seau Drain Sainte Dorothee<br \/>\nR\u00e9seau Drain Sainte Genevieve<br \/>\nR\u00e9seau Drain Sainte Julie<br \/>\nR\u00e9seau Drain Sainte Rose<br \/>\nR\u00e9seau Drain Sainte Sophie<br \/>\nR\u00e9seau Drain Sainte Therese<br \/>\nR\u00e9seau Drain Terrebonne<br \/>\nR\u00e9seau Drain Val Morin<br \/>\nR\u00e9seau Drain Valleyfield<br \/>\nR\u00e9seau Drain Varennes<br \/>\nR\u00e9seau Drain Vaudreuil Dorion<br \/>\nR\u00e9seau Drain Verdun<br \/>\nR\u00e9seau Drain Ville Marie<br \/>\nR\u00e9seau Drain Ville Mont Royal<br \/>\nR\u00e9seau Drain Ville Saint Laurent<br \/>\nR\u00e9seau Drain Villeray<br \/>\nR\u00e9seau Drain Vimont<br \/>\nR\u00e9seau Drain Westmount<\/p>\t\t\t\t\t\t\t\t<\/div>\n\t\t\t\t<\/div>\n\t\t\t\t\t<\/div>\n\t\t<\/div>\n\t\t\t\t\t<\/div>\n\t\t<\/section>\n\t\t\t\t<section class=\"elementor-section elementor-top-section elementor-element elementor-element-6d379ab elementor-section-boxed elementor-section-height-default elementor-section-height-default\" data-id=\"6d379ab\" data-element_type=\"section\" data-e-type=\"section\">\n\t\t\t\t\t\t<div class=\"elementor-container elementor-column-gap-default\">\n\t\t\t\t\t<div class=\"elementor-column elementor-col-100 elementor-top-column elementor-element elementor-element-db13c76\" data-id=\"db13c76\" data-element_type=\"column\" data-e-type=\"column\">\n\t\t\t<div class=\"elementor-widget-wrap elementor-element-populated\">\n\t\t\t\t\t\t<div class=\"elementor-element elementor-element-695295f elementor-widget elementor-widget-spacer\" data-id=\"695295f\" data-element_type=\"widget\" data-e-type=\"widget\" data-widget_type=\"spacer.default\">\n\t\t\t\t<div class=\"elementor-widget-container\">\n\t\t\t\t\t\t\t<div class=\"elementor-spacer\">\n\t\t\t<div class=\"elementor-spacer-inner\"><\/div>\n\t\t<\/div>\n\t\t\t\t\t\t<\/div>\n\t\t\t\t<\/div>\n\t\t\t\t\t<\/div>\n\t\t<\/div>\n\t\t\t\t\t<\/div>\n\t\t<\/section>\n\t\t\t\t<section class=\"elementor-section elementor-top-section elementor-element elementor-element-805215f elementor-section-boxed elementor-section-height-default elementor-section-height-default\" data-id=\"805215f\" data-element_type=\"section\" data-e-type=\"section\">\n\t\t\t\t\t\t<div class=\"elementor-container elementor-column-gap-default\">\n\t\t\t\t\t<div class=\"elementor-column elementor-col-100 elementor-top-column elementor-element elementor-element-b9e9f18\" data-id=\"b9e9f18\" data-element_type=\"column\" data-e-type=\"column\">\n\t\t\t<div class=\"elementor-widget-wrap elementor-element-populated\">\n\t\t\t\t\t\t<div class=\"elementor-element elementor-element-f7b31c9 elementor-widget elementor-widget-image\" data-id=\"f7b31c9\" data-element_type=\"widget\" data-e-type=\"widget\" data-widget_type=\"image.default\">\n\t\t\t\t<div class=\"elementor-widget-container\">\n\t\t\t\t\t\t\t\t\t\t\t\t\t\t\t<img decoding=\"async\" width=\"334\" height=\"63\" src=\"https:\/\/www.reseaudrain.com\/wp-content\/uploads\/2020\/04\/Sans-titre-10_1.gif\" class=\"attachment-large size-large wp-image-52\" alt=\"R\u00e9seau Drain - Logo\" \/>\t\t\t\t\t\t\t\t\t\t\t\t\t\t\t<\/div>\n\t\t\t\t<\/div>\n\t\t\t\t\t<\/div>\n\t\t<\/div>\n\t\t\t\t\t<\/div>\n\t\t<\/section>\n\t\t\t\t<section class=\"elementor-section elementor-top-section elementor-element elementor-element-de28d57 elementor-section-boxed elementor-section-height-default elementor-section-height-default\" data-id=\"de28d57\" data-element_type=\"section\" data-e-type=\"section\">\n\t\t\t\t\t\t<div class=\"elementor-container elementor-column-gap-default\">\n\t\t\t\t\t<div class=\"elementor-column elementor-col-100 elementor-top-column elementor-element elementor-element-ac508b2\" data-id=\"ac508b2\" data-element_type=\"column\" data-e-type=\"column\">\n\t\t\t<div class=\"elementor-widget-wrap elementor-element-populated\">\n\t\t\t\t\t\t<div class=\"elementor-element elementor-element-71605cb elementor-widget elementor-widget-heading\" data-id=\"71605cb\" data-element_type=\"widget\" data-e-type=\"widget\" data-widget_type=\"heading.default\">\n\t\t\t\t<div class=\"elementor-widget-container\">\n\t\t\t\t\t<h2 class=\"elementor-heading-title elementor-size-default\">R\u00e9seau Drain - Reliable inspection solutions<\/h2>\t\t\t\t<\/div>\n\t\t\t\t<\/div>\n\t\t\t\t<div class=\"elementor-element elementor-element-0151a78 elementor-widget elementor-widget-text-editor\" data-id=\"0151a78\" data-element_type=\"widget\" data-e-type=\"widget\" data-widget_type=\"text-editor.default\">\n\t\t\t\t<div class=\"elementor-widget-container\">\n\t\t\t\t\t\t\t\t\t<p>At R\u00e9seau Drain, we believe that an accurate inspection is the first step to protecting your property and avoiding costly repairs. Thanks to our expertise and the use of modern inspection equipment, we are able to quickly identify problems and provide you with a clear and reliable diagnosis. Whether it is for a pre-purchase inspection, pipe locating, or the evaluation of your drainage system, our objective is to offer you a professional, transparent, and efficient service so that you can make the right decisions for your home.<\/p>\t\t\t\t\t\t\t\t<\/div>\n\t\t\t\t<\/div>\n\t\t\t\t<div class=\"elementor-element elementor-element-1a7d0ae elementor-widget elementor-widget-text-editor\" data-id=\"1a7d0ae\" data-element_type=\"widget\" data-e-type=\"widget\" data-widget_type=\"text-editor.default\">\n\t\t\t\t<div class=\"elementor-widget-container\">\n\t\t\t\t\t\t\t\t\t<p>No matter the type of problem or inspection required, R\u00e9seau Drain provides you with the expertise and specialized tools to accurately assess the condition of your drainage system. Our objective is to offer you a clear diagnosis in order to prevent problems and protect your property.<\/p>\t\t\t\t\t\t\t\t<\/div>\n\t\t\t\t<\/div>\n\t\t\t\t\t<\/div>\n\t\t<\/div>\n\t\t\t\t\t<\/div>\n\t\t<\/section>\n\t\t\t\t<section class=\"elementor-section elementor-top-section elementor-element elementor-element-de7a2cf elementor-section-boxed elementor-section-height-default elementor-section-height-default\" data-id=\"de7a2cf\" data-element_type=\"section\" data-e-type=\"section\">\n\t\t\t\t\t\t<div class=\"elementor-container elementor-column-gap-default\">\n\t\t\t\t\t<div class=\"elementor-column elementor-col-100 elementor-top-column elementor-element elementor-element-021f053\" data-id=\"021f053\" data-element_type=\"column\" data-e-type=\"column\">\n\t\t\t<div class=\"elementor-widget-wrap elementor-element-populated\">\n\t\t\t\t\t\t<div class=\"elementor-element elementor-element-d4c8209 elementor-widget elementor-widget-spacer\" data-id=\"d4c8209\" data-element_type=\"widget\" data-e-type=\"widget\" data-widget_type=\"spacer.default\">\n\t\t\t\t<div class=\"elementor-widget-container\">\n\t\t\t\t\t\t\t<div class=\"elementor-spacer\">\n\t\t\t<div class=\"elementor-spacer-inner\"><\/div>\n\t\t<\/div>\n\t\t\t\t\t\t<\/div>\n\t\t\t\t<\/div>\n\t\t\t\t<div class=\"elementor-element elementor-element-aea89d1 elementor-widget elementor-widget-text-editor\" data-id=\"aea89d1\" data-element_type=\"widget\" data-e-type=\"widget\" data-widget_type=\"text-editor.default\">\n\t\t\t\t<div class=\"elementor-widget-container\">\n\t\t\t\t\t\t\t\t\t<p style=\"text-align: center; margin-bottom: 5px; font-size: 20px;\"><strong style=\"color: #333333;\">R\u00e9seau Drain - INSPECTION<\/strong><\/p><p style=\"text-align: center; margin-bottom: 10px; font-size: 16px; color: #666666;\">Professional drain inspection and diagnosis throughout Montreal and surrounding areas.<\/p><p style=\"text-align: center; margin-bottom: 5px; font-size: 16px;\"><span style=\"color: #333333;\">Contact us for an inspection:<\/span><\/p><p style=\"text-align: center; margin-bottom: 0; font-size: 20px; font-weight: bold;\"><span style=\"color: #333333;\">Montreal and area :<\/span><br \/><a style=\"color: #ff6633; text-decoration: none;\" href=\"tel:514-433-9291\">514-433-9291<\/a><\/p><p style=\"text-align: center; margin-bottom: 0; font-size: 20px; font-weight: bold;\"><span style=\"color: #333333;\">Free of charge :<\/span><br \/><a style=\"color: #ff6633; text-decoration: none;\" href=\"tel:1-800-672-0493\">1-800-672-0493<\/a><\/p>\t\t\t\t\t\t\t\t<\/div>\n\t\t\t\t<\/div>\n\t\t\t\t<div class=\"elementor-element elementor-element-2bad216 elementor-align-center elementor-widget elementor-widget-button\" data-id=\"2bad216\" data-element_type=\"widget\" data-e-type=\"widget\" data-widget_type=\"button.default\">\n\t\t\t\t<div class=\"elementor-widget-container\">\n\t\t\t\t\t\t\t\t\t<div class=\"elementor-button-wrapper\">\n\t\t\t\t\t<a class=\"elementor-button elementor-button-link elementor-size-sm\" href=\"https:\/\/www.reseaudrain.com\/en\/contact-us\/\">\n\t\t\t\t\t\t<span class=\"elementor-button-content-wrapper\">\n\t\t\t\t\t\t<span class=\"elementor-button-icon\">\n\t\t\t\t<i aria-hidden=\"true\" class=\"far fa-arrow-alt-circle-right\"><\/i>\t\t\t<\/span>\n\t\t\t\t\t\t\t\t\t<span class=\"elementor-button-text\">Contact us<\/span>\n\t\t\t\t\t<\/span>\n\t\t\t\t\t<\/a>\n\t\t\t\t<\/div>\n\t\t\t\t\t\t\t\t<\/div>\n\t\t\t\t<\/div>\n\t\t\t\t\t<\/div>\n\t\t<\/div>\n\t\t\t\t\t<\/div>\n\t\t<\/section>\n\t\t\t\t<section class=\"elementor-section elementor-top-section elementor-element elementor-element-d17a20d elementor-section-boxed elementor-section-height-default elementor-section-height-default\" data-id=\"d17a20d\" data-element_type=\"section\" data-e-type=\"section\">\n\t\t\t\t\t\t<div class=\"elementor-container elementor-column-gap-default\">\n\t\t\t\t\t<div class=\"elementor-column elementor-col-100 elementor-top-column elementor-element elementor-element-35af725\" data-id=\"35af725\" data-element_type=\"column\" data-e-type=\"column\">\n\t\t\t<div class=\"elementor-widget-wrap elementor-element-populated\">\n\t\t\t\t\t\t<div class=\"elementor-element elementor-element-4ab8a1c elementor-widget elementor-widget-spacer\" data-id=\"4ab8a1c\" data-element_type=\"widget\" data-e-type=\"widget\" data-widget_type=\"spacer.default\">\n\t\t\t\t<div class=\"elementor-widget-container\">\n\t\t\t\t\t\t\t<div class=\"elementor-spacer\">\n\t\t\t<div class=\"elementor-spacer-inner\"><\/div>\n\t\t<\/div>\n\t\t\t\t\t\t<\/div>\n\t\t\t\t<\/div>\n\t\t\t\t\t<\/div>\n\t\t<\/div>\n\t\t\t\t\t<\/div>\n\t\t<\/section>\n\t\t\t\t<\/div>","protected":false},"excerpt":{"rendered":"<p>Villes D\u00e9sservies par R\u00e9seau Drain D\u00e9couvrez toutes les villes d\u00e9sservies pour nos services d\u2019inspection et de d\u00e9tection D\u00e9couvrez toutes les villes d\u00e9sservies pour nos services d\u2019inspection et de d\u00e9tection avec R\u00e9seau Drain, une entreprise exclusivement sp\u00e9cialis\u00e9e dans l\u2019inspection et l\u2019\u00e9valuation de drains. Nous offrons une gamme compl\u00e8te de services adapt\u00e9s \u00e0 chaque situation, partout o\u00f9 [&hellip;]<\/p>\n","protected":false},"author":1,"featured_media":0,"parent":0,"menu_order":0,"comment_status":"closed","ping_status":"closed","template":"elementor_header_footer","meta":{"footnotes":""},"class_list":["post-651","page","type-page","status-publish","hentry"],"_links":{"self":[{"href":"https:\/\/www.reseaudrain.com\/en\/wp-json\/wp\/v2\/pages\/651","targetHints":{"allow":["GET"]}}],"collection":[{"href":"https:\/\/www.reseaudrain.com\/en\/wp-json\/wp\/v2\/pages"}],"about":[{"href":"https:\/\/www.reseaudrain.com\/en\/wp-json\/wp\/v2\/types\/page"}],"author":[{"embeddable":true,"href":"https:\/\/www.reseaudrain.com\/en\/wp-json\/wp\/v2\/users\/1"}],"replies":[{"embeddable":true,"href":"https:\/\/www.reseaudrain.com\/en\/wp-json\/wp\/v2\/comments?post=651"}],"version-history":[{"count":66,"href":"https:\/\/www.reseaudrain.com\/en\/wp-json\/wp\/v2\/pages\/651\/revisions"}],"predecessor-version":[{"id":3645,"href":"https:\/\/www.reseaudrain.com\/en\/wp-json\/wp\/v2\/pages\/651\/revisions\/3645"}],"wp:attachment":[{"href":"https:\/\/www.reseaudrain.com\/en\/wp-json\/wp\/v2\/media?parent=651"}],"curies":[{"name":"wp","href":"https:\/\/api.w.org\/{rel}","templated":true}]}}